{"id":67045,"date":"2026-03-12T13:37:09","date_gmt":"2026-03-12T13:37:09","guid":{"rendered":"https:\/\/trade.colart.com\/fr\/product\/lefranc-bourgeois-fine-oil-colour-set-of-10x14ml-row\/"},"modified":"2026-04-16T11:06:59","modified_gmt":"2026-04-16T11:06:59","slug":"lefranc-bourgeois-fine-oil-colour-set-of-10x14ml-row","status":"publish","type":"product","link":"https:\/\/trade.colart.com\/fr\/product\/lefranc-bourgeois-fine-oil-colour-set-of-10x14ml-row\/","title":{"rendered":"Lefranc Bourgeois Fine Oil Colour Set Of 10x14ml ROW"},"content":{"rendered":"<p>Ce coffret, id\u00e9al pour s&#8217;initier \u00e0 la technique de l&#8217;huile, est une s\u00e9lection de 10 couleurs \u00e0 l&#8217;huile essentielles Lefranc Bourgeois, pr\u00eates \u00e0 l&#8217;emploi, en 20 ml : jaune primaire, orange vermillon, rouge primaire, bleu outremer, bleu primaire, \u00e9meraude imitation, ocre jaune, terre d&#8217;ombre br\u00fbl\u00e9e, noir d&#8217;ivoire et blanc de titane.<\/p>\n<p>Id\u00e9al pour les d\u00e9butants \u00e0 la recherche d&#8217;une large gamme de couleurs<\/p>\n","protected":false},"excerpt":{"rendered":"<p>Ce coffret, id\u00e9al pour s&#8217;initier \u00e0 la technique de l&#8217;huile, est une s\u00e9lection de 10 couleurs \u00e0 l&#8217;huile essentielles Lefranc Bourgeois, pr\u00eates \u00e0 l&#8217;emploi, en 20 ml : jaune primaire, orange vermillon, rouge primaire, bleu outremer, bleu primaire, \u00e9meraude imitation, ocre jaune, terre d&#8217;ombre br\u00fbl\u00e9e, noir d&#8217;ivoire et blanc de titane.<\/p>\n<p>Id\u00e9al pour les d\u00e9butants \u00e0 la recherche d&#8217;une large gamme de couleurs <span class=\"more_dots\">&#8230;<\/span><\/p>\n<p><a class=\"btn btn-secondary understrap-read-more-link\" href=\"https:\/\/trade.colart.com\/fr\/product\/lefranc-bourgeois-fine-oil-colour-set-of-10x14ml-row\/\">Read More&#8230;<span class=\"screen-reader-text\"> from Lefranc Bourgeois Fine Oil Colour Set Of 10x14ml ROW<\/span><\/a><\/p>\n","protected":false},"featured_media":67047,"comment_status":"closed","ping_status":"closed","template":"","meta":{"_acf_changed":false},"product_brand":[],"product_cat":[2816],"product_tag":[],"class_list":{"0":"post-67045","1":"product","2":"type-product","3":"status-publish","4":"has-post-thumbnail","6":"product_cat-lefranc-bourgeois-beaux-arts-huile-huile-fine-sets-huile-fine","8":"first","9":"instock","10":"shipping-taxable","11":"purchasable","12":"product-type-simple"},"acf":[],"_links":{"self":[{"href":"https:\/\/trade.colart.com\/fr\/wp-json\/wp\/v2\/product\/67045","targetHints":{"allow":["GET"]}}],"collection":[{"href":"https:\/\/trade.colart.com\/fr\/wp-json\/wp\/v2\/product"}],"about":[{"href":"https:\/\/trade.colart.com\/fr\/wp-json\/wp\/v2\/types\/product"}],"replies":[{"embeddable":true,"href":"https:\/\/trade.colart.com\/fr\/wp-json\/wp\/v2\/comments?post=67045"}],"wp:featuredmedia":[{"embeddable":true,"href":"https:\/\/trade.colart.com\/fr\/wp-json\/wp\/v2\/media\/67047"}],"wp:attachment":[{"href":"https:\/\/trade.colart.com\/fr\/wp-json\/wp\/v2\/media?parent=67045"}],"wp:term":[{"taxonomy":"product_brand","embeddable":true,"href":"https:\/\/trade.colart.com\/fr\/wp-json\/wp\/v2\/product_brand?post=67045"},{"taxonomy":"product_cat","embeddable":true,"href":"https:\/\/trade.colart.com\/fr\/wp-json\/wp\/v2\/product_cat?post=67045"},{"taxonomy":"product_tag","embeddable":true,"href":"https:\/\/trade.colart.com\/fr\/wp-json\/wp\/v2\/product_tag?post=67045"}],"curies":[{"name":"wp","href":"https:\/\/api.w.org\/{rel}","templated":true}]}}