{"id":67046,"date":"2026-03-12T13:39:01","date_gmt":"2026-03-12T13:39:01","guid":{"rendered":"https:\/\/trade.colart.com\/fr\/product\/lefranc-bourgeois-fine-oil-colour-set-5x20ml\/"},"modified":"2026-04-16T10:19:22","modified_gmt":"2026-04-16T10:19:22","slug":"lefranc-bourgeois-fine-oil-colour-set-5x20ml","status":"publish","type":"product","link":"https:\/\/trade.colart.com\/fr\/product\/lefranc-bourgeois-fine-oil-colour-set-5x20ml\/","title":{"rendered":"Lefranc Bourgeois Fine Oil Colour Set 5x20ml"},"content":{"rendered":"<p>Ce set, id\u00e9al pour s&#8217;initier \u00e0 la technique de l&#8217;huile, est une s\u00e9lection de l&#8217;huile fine Lefranc Bourgeois 3 couleurs primaires, blanc de titane et noir d&#8217;ivoire en 20ml : les couleurs indispensables pour cr\u00e9er une infinit\u00e9 de nuances<\/p>\n<p>Id\u00e9al pour les d\u00e9butants qui ne savent pas quelles couleurs acheter en priorit\u00e9<\/p>\n","protected":false},"excerpt":{"rendered":"<p>Ce set, id\u00e9al pour s&#8217;initier \u00e0 la technique de l&#8217;huile, est une s\u00e9lection de l&#8217;huile fine Lefranc Bourgeois 3 couleurs primaires, blanc de titane et noir d&#8217;ivoire en 20ml : les couleurs indispensables pour cr\u00e9er une infinit\u00e9 de nuances<\/p>\n<p>Id\u00e9al pour les d\u00e9butants qui ne savent pas quelles couleurs acheter en priorit\u00e9 <span class=\"more_dots\">&#8230;<\/span><\/p>\n<p><a class=\"btn btn-secondary understrap-read-more-link\" href=\"https:\/\/trade.colart.com\/fr\/product\/lefranc-bourgeois-fine-oil-colour-set-5x20ml\/\">Read More&#8230;<span class=\"screen-reader-text\"> from Lefranc Bourgeois Fine Oil Colour Set 5x20ml<\/span><\/a><\/p>\n","protected":false},"featured_media":67048,"comment_status":"closed","ping_status":"closed","template":"","meta":{"_acf_changed":false},"product_brand":[],"product_cat":[2816],"product_tag":[],"class_list":{"0":"post-67046","1":"product","2":"type-product","3":"status-publish","4":"has-post-thumbnail","6":"product_cat-lefranc-bourgeois-beaux-arts-huile-huile-fine-sets-huile-fine","8":"first","9":"instock","10":"shipping-taxable","11":"purchasable","12":"product-type-simple"},"acf":[],"_links":{"self":[{"href":"https:\/\/trade.colart.com\/fr\/wp-json\/wp\/v2\/product\/67046","targetHints":{"allow":["GET"]}}],"collection":[{"href":"https:\/\/trade.colart.com\/fr\/wp-json\/wp\/v2\/product"}],"about":[{"href":"https:\/\/trade.colart.com\/fr\/wp-json\/wp\/v2\/types\/product"}],"replies":[{"embeddable":true,"href":"https:\/\/trade.colart.com\/fr\/wp-json\/wp\/v2\/comments?post=67046"}],"wp:featuredmedia":[{"embeddable":true,"href":"https:\/\/trade.colart.com\/fr\/wp-json\/wp\/v2\/media\/67048"}],"wp:attachment":[{"href":"https:\/\/trade.colart.com\/fr\/wp-json\/wp\/v2\/media?parent=67046"}],"wp:term":[{"taxonomy":"product_brand","embeddable":true,"href":"https:\/\/trade.colart.com\/fr\/wp-json\/wp\/v2\/product_brand?post=67046"},{"taxonomy":"product_cat","embeddable":true,"href":"https:\/\/trade.colart.com\/fr\/wp-json\/wp\/v2\/product_cat?post=67046"},{"taxonomy":"product_tag","embeddable":true,"href":"https:\/\/trade.colart.com\/fr\/wp-json\/wp\/v2\/product_tag?post=67046"}],"curies":[{"name":"wp","href":"https:\/\/api.w.org\/{rel}","templated":true}]}}