{"id":672,"date":"2025-01-24T07:12:11","date_gmt":"2025-01-24T07:12:11","guid":{"rendered":"https:\/\/trade.colart.com\/fr\/product\/winsor-newton-nettoyants-fixatifs\/"},"modified":"2026-04-17T09:22:07","modified_gmt":"2026-04-17T09:22:07","slug":"winsor-newton-nettoyants-fixatifs","status":"publish","type":"product","link":"https:\/\/trade.colart.com\/fr\/product\/winsor-newton-nettoyants-fixatifs\/","title":{"rendered":"Nettoyants &amp; Fixatifs"},"content":{"rendered":"<p>Our Artists Care range will help you make the most of your artists tools. The range includes products which can be used to clean up your brushes and your hands after working. This range removes oil, alkyd or acrylic residue without harmful effects and also contains moisturizers which condition the skin and hands.<\/p>\n","protected":false},"excerpt":{"rendered":"<p>Ce solvant diluable \u00e0 l&#8217;eau \u00e9limine les peintures s\u00e9ch\u00e9es \u00e0 l&#8217;huile, alkydes et acryliques des pinceaux sans endommager les outils de l\u2019artiste. Pour un nettoyage optimal, laissez tremper toute la nuit et frottez si n\u00e9cessaire. Rincez ensuite \u00e0 l&#8217;eau et laissez s\u00e9cher compl\u00e8tement les outils avant de les r\u00e9utiliser. <span class=\"more_dots\">&#8230;<\/span><\/p>\n<p><a class=\"btn btn-secondary understrap-read-more-link\" href=\"https:\/\/trade.colart.com\/fr\/product\/winsor-newton-nettoyants-fixatifs\/\">Read More&#8230;<span class=\"screen-reader-text\"> from Nettoyants &amp; Fixatifs<\/span><\/a><\/p>\n","protected":false},"featured_media":4061,"comment_status":"closed","ping_status":"closed","template":"","meta":{"_acf_changed":false},"product_brand":[],"product_cat":[416],"product_tag":[],"class_list":{"0":"post-672","1":"product","2":"type-product","3":"status-publish","4":"has-post-thumbnail","6":"product_cat-winsor-newton-additifs-nettoyants-fixatifs","8":"first","9":"instock","10":"shipping-taxable","11":"purchasable","12":"product-type-variable"},"acf":[],"_links":{"self":[{"href":"https:\/\/trade.colart.com\/fr\/wp-json\/wp\/v2\/product\/672","targetHints":{"allow":["GET"]}}],"collection":[{"href":"https:\/\/trade.colart.com\/fr\/wp-json\/wp\/v2\/product"}],"about":[{"href":"https:\/\/trade.colart.com\/fr\/wp-json\/wp\/v2\/types\/product"}],"replies":[{"embeddable":true,"href":"https:\/\/trade.colart.com\/fr\/wp-json\/wp\/v2\/comments?post=672"}],"wp:featuredmedia":[{"embeddable":true,"href":"https:\/\/trade.colart.com\/fr\/wp-json\/wp\/v2\/media\/4061"}],"wp:attachment":[{"href":"https:\/\/trade.colart.com\/fr\/wp-json\/wp\/v2\/media?parent=672"}],"wp:term":[{"taxonomy":"product_brand","embeddable":true,"href":"https:\/\/trade.colart.com\/fr\/wp-json\/wp\/v2\/product_brand?post=672"},{"taxonomy":"product_cat","embeddable":true,"href":"https:\/\/trade.colart.com\/fr\/wp-json\/wp\/v2\/product_cat?post=672"},{"taxonomy":"product_tag","embeddable":true,"href":"https:\/\/trade.colart.com\/fr\/wp-json\/wp\/v2\/product_tag?post=672"}],"curies":[{"name":"wp","href":"https:\/\/api.w.org\/{rel}","templated":true}]}}