{"id":68137,"date":"2025-02-26T01:54:00","date_gmt":"2025-02-26T01:54:00","guid":{"rendered":"https:\/\/trade.colart.com\/fr\/product\/lefranc-bourgeois-vernis-pour-acrylique\/"},"modified":"2026-04-17T09:06:00","modified_gmt":"2026-04-17T09:06:00","slug":"lefranc-bourgeois-vernis-pour-acrylique","status":"publish","type":"product","link":"https:\/\/trade.colart.com\/fr\/product\/lefranc-bourgeois-vernis-pour-acrylique\/","title":{"rendered":"Vernis pour acrylique"},"content":{"rendered":"","protected":false},"excerpt":{"rendered":"<p>Faites du collage avec notre vernis colle 250ml. Ce vernis polyvalent est un excellent adh\u00e9sif et en m\u00eame temps un vernis de protection, id\u00e9al pour le scrapbooking et la r\u00e9alisation de sculptures \u00e0 la maison.<\/p>\n<p>Utilisez-le pour coller des \u00e9l\u00e9ments d\u00e9coratifs sur les surfaces de votre choix, notamment sur du papier, du bois ou encore du m\u00e9tal. Une fois votre \u0153uvre termin\u00e9e, peignez-la avec le vernis pour la prot\u00e9ger. Testez le produit avant sur un support ou sur une partie non visible de l&#8217;objet \u00e0 recouvrir. Volume 250ml. Convient aux enfants de 3 ans et plus. <span class=\"more_dots\">&#8230;<\/span><\/p>\n<p><a class=\"btn btn-secondary understrap-read-more-link\" href=\"https:\/\/trade.colart.com\/fr\/product\/lefranc-bourgeois-vernis-pour-acrylique\/\">Read More&#8230;<span class=\"screen-reader-text\"> from Vernis pour acrylique<\/span><\/a><\/p>\n","protected":false},"featured_media":12990,"comment_status":"closed","ping_status":"closed","template":"","meta":{"_acf_changed":false},"product_brand":[],"product_cat":[2844],"product_tag":[],"class_list":{"0":"post-68137","1":"product","2":"type-product","3":"status-publish","4":"has-post-thumbnail","6":"product_cat-lefranc-bourgeois-beaux-arts-additifs","8":"first","9":"instock","10":"shipping-taxable","11":"purchasable","12":"product-type-variable"},"acf":[],"_links":{"self":[{"href":"https:\/\/trade.colart.com\/fr\/wp-json\/wp\/v2\/product\/68137","targetHints":{"allow":["GET"]}}],"collection":[{"href":"https:\/\/trade.colart.com\/fr\/wp-json\/wp\/v2\/product"}],"about":[{"href":"https:\/\/trade.colart.com\/fr\/wp-json\/wp\/v2\/types\/product"}],"replies":[{"embeddable":true,"href":"https:\/\/trade.colart.com\/fr\/wp-json\/wp\/v2\/comments?post=68137"}],"wp:featuredmedia":[{"embeddable":true,"href":"https:\/\/trade.colart.com\/fr\/wp-json\/wp\/v2\/media\/12990"}],"wp:attachment":[{"href":"https:\/\/trade.colart.com\/fr\/wp-json\/wp\/v2\/media?parent=68137"}],"wp:term":[{"taxonomy":"product_brand","embeddable":true,"href":"https:\/\/trade.colart.com\/fr\/wp-json\/wp\/v2\/product_brand?post=68137"},{"taxonomy":"product_cat","embeddable":true,"href":"https:\/\/trade.colart.com\/fr\/wp-json\/wp\/v2\/product_cat?post=68137"},{"taxonomy":"product_tag","embeddable":true,"href":"https:\/\/trade.colart.com\/fr\/wp-json\/wp\/v2\/product_tag?post=68137"}],"curies":[{"name":"wp","href":"https:\/\/api.w.org\/{rel}","templated":true}]}}