{"id":68138,"date":"2025-02-25T22:56:32","date_gmt":"2025-02-25T22:56:32","guid":{"rendered":"https:\/\/trade.colart.com\/fr\/product\/lefranc-bourgeois-additifs-decoratifs\/"},"modified":"2026-04-17T10:13:46","modified_gmt":"2026-04-17T10:13:46","slug":"lefranc-bourgeois-additifs-decoratifs","status":"publish","type":"product","link":"https:\/\/trade.colart.com\/fr\/product\/lefranc-bourgeois-additifs-decoratifs\/","title":{"rendered":"Additifs d\u00e9coratifs"},"content":{"rendered":"","protected":false},"excerpt":{"rendered":"<p>L&#8217;a\u00e9rosol sans tolu\u00e8ne fixe rapidement les fusains, pastels et crayons. Il s&#8217;utilise par simple pression du doigt sur vos cr\u00e9ations pour une fixation efficace de la mati\u00e8re. <span class=\"more_dots\">&#8230;<\/span><\/p>\n<p><a class=\"btn btn-secondary understrap-read-more-link\" href=\"https:\/\/trade.colart.com\/fr\/product\/lefranc-bourgeois-additifs-decoratifs\/\">Read More&#8230;<span class=\"screen-reader-text\"> from Additifs d\u00e9coratifs<\/span><\/a><\/p>\n","protected":false},"featured_media":13371,"comment_status":"closed","ping_status":"closed","template":"","meta":{"_acf_changed":false},"product_brand":[],"product_cat":[2864,2866],"product_tag":[],"class_list":{"0":"post-68138","1":"product","2":"type-product","3":"status-publish","4":"has-post-thumbnail","6":"product_cat-lefranc-bourgeois-beaux-arts-accessoires-fusains-fixatif","7":"product_cat-lefranc-bourgeois-loisirs","9":"first","10":"instock","11":"shipping-taxable","12":"purchasable","13":"product-type-variable"},"acf":[],"_links":{"self":[{"href":"https:\/\/trade.colart.com\/fr\/wp-json\/wp\/v2\/product\/68138","targetHints":{"allow":["GET"]}}],"collection":[{"href":"https:\/\/trade.colart.com\/fr\/wp-json\/wp\/v2\/product"}],"about":[{"href":"https:\/\/trade.colart.com\/fr\/wp-json\/wp\/v2\/types\/product"}],"replies":[{"embeddable":true,"href":"https:\/\/trade.colart.com\/fr\/wp-json\/wp\/v2\/comments?post=68138"}],"wp:featuredmedia":[{"embeddable":true,"href":"https:\/\/trade.colart.com\/fr\/wp-json\/wp\/v2\/media\/13371"}],"wp:attachment":[{"href":"https:\/\/trade.colart.com\/fr\/wp-json\/wp\/v2\/media?parent=68138"}],"wp:term":[{"taxonomy":"product_brand","embeddable":true,"href":"https:\/\/trade.colart.com\/fr\/wp-json\/wp\/v2\/product_brand?post=68138"},{"taxonomy":"product_cat","embeddable":true,"href":"https:\/\/trade.colart.com\/fr\/wp-json\/wp\/v2\/product_cat?post=68138"},{"taxonomy":"product_tag","embeddable":true,"href":"https:\/\/trade.colart.com\/fr\/wp-json\/wp\/v2\/product_tag?post=68138"}],"curies":[{"name":"wp","href":"https:\/\/api.w.org\/{rel}","templated":true}]}}