{"id":68326,"date":"2025-02-13T20:34:47","date_gmt":"2025-02-13T20:34:47","guid":{"rendered":"https:\/\/trade.colart.com\/fr\/product\/lefranc-bourgeois-extra-fine-huile\/"},"modified":"2025-02-14T10:53:30","modified_gmt":"2025-02-14T10:53:30","slug":"lefranc-bourgeois-extra-fine-huile","status":"publish","type":"product","link":"https:\/\/trade.colart.com\/fr\/product\/lefranc-bourgeois-extra-fine-huile\/","title":{"rendered":"Extra-Fine Huile"},"content":{"rendered":"<p>La peinture \u00e0 l&#8217;huile extra fine Lefranc Bourgeois est notre gamme professionnelle de couleurs \u00e0 l&#8217;huile, compos\u00e9e de 120 couleurs en 20ml et 40ml, et 7 couleurs en 200ml. Les couleurs Lefranc Bourgeois ont \u00e9t\u00e9 retravaill\u00e9es afin d\u2019atteindre un parfait \u00e9quilibre au plus pr\u00e8s des besoins du peintre.<\/p>\n","protected":false},"excerpt":{"rendered":"<p>La peinture \u00e0 l&#8217;huile extra fine Lefranc Bourgeois est notre gamme professionnelle de couleurs \u00e0 l&#8217;huile, compos\u00e9e de 120 couleurs en 20ml et 40ml, et 7 couleurs en 200ml. Les couleurs Lefranc Bourgeois ont \u00e9t\u00e9 retravaill\u00e9es afin d\u2019atteindre un parfait \u00e9quilibre au plus pr\u00e8s des besoins du peintre. <span class=\"more_dots\">&#8230;<\/span><\/p>\n<p><a class=\"btn btn-secondary understrap-read-more-link\" href=\"https:\/\/trade.colart.com\/fr\/product\/lefranc-bourgeois-extra-fine-huile\/\">Read More&#8230;<span class=\"screen-reader-text\"> from Extra-Fine Huile<\/span><\/a><\/p>\n","protected":false},"featured_media":25505,"comment_status":"closed","ping_status":"closed","template":"","meta":{"_acf_changed":false},"product_brand":[],"product_cat":[2813],"product_tag":[],"class_list":{"0":"post-68326","1":"product","2":"type-product","3":"status-publish","4":"has-post-thumbnail","6":"product_cat-lefranc-bourgeois-beaux-arts-huile-huile-lefranc","7":"no-variations-price","8":"d-none","10":"first","11":"instock","12":"shipping-taxable","13":"purchasable","14":"product-type-variable"},"acf":[],"_links":{"self":[{"href":"https:\/\/trade.colart.com\/fr\/wp-json\/wp\/v2\/product\/68326","targetHints":{"allow":["GET"]}}],"collection":[{"href":"https:\/\/trade.colart.com\/fr\/wp-json\/wp\/v2\/product"}],"about":[{"href":"https:\/\/trade.colart.com\/fr\/wp-json\/wp\/v2\/types\/product"}],"replies":[{"embeddable":true,"href":"https:\/\/trade.colart.com\/fr\/wp-json\/wp\/v2\/comments?post=68326"}],"wp:featuredmedia":[{"embeddable":true,"href":"https:\/\/trade.colart.com\/fr\/wp-json\/wp\/v2\/media\/25505"}],"wp:attachment":[{"href":"https:\/\/trade.colart.com\/fr\/wp-json\/wp\/v2\/media?parent=68326"}],"wp:term":[{"taxonomy":"product_brand","embeddable":true,"href":"https:\/\/trade.colart.com\/fr\/wp-json\/wp\/v2\/product_brand?post=68326"},{"taxonomy":"product_cat","embeddable":true,"href":"https:\/\/trade.colart.com\/fr\/wp-json\/wp\/v2\/product_cat?post=68326"},{"taxonomy":"product_tag","embeddable":true,"href":"https:\/\/trade.colart.com\/fr\/wp-json\/wp\/v2\/product_tag?post=68326"}],"curies":[{"name":"wp","href":"https:\/\/api.w.org\/{rel}","templated":true}]}}