{"id":68328,"date":"2025-02-13T16:46:24","date_gmt":"2025-02-13T16:46:24","guid":{"rendered":"https:\/\/trade.colart.com\/fr\/product\/lefranc-bourgeois-enfants-gouache-essentiels\/"},"modified":"2026-04-17T12:44:58","modified_gmt":"2026-04-17T12:44:58","slug":"lefranc-bourgeois-enfants-gouache-essentiels","status":"publish","type":"product","link":"https:\/\/trade.colart.com\/fr\/product\/lefranc-bourgeois-enfants-gouache-essentiels\/","title":{"rendered":"Gouache Essentiels"},"content":{"rendered":"<p>Des couleurs brillantes, \u00e0 base de pigments, tr\u00e8s couvrantes. Con\u00e7ue pour les enfants, cette gouache est naturelle, non nocive et lavable en machine.<\/p>\n","protected":false},"excerpt":{"rendered":"<p>Gouache, pr\u00eate \u00e0 l\u2019emploi. S\u2019utilise pure ou dilu\u00e9e \u00e0 l\u2019eau sur un support papier. La couleur l\u00e9g\u00e8re donne un rendu semi-opaque. <span class=\"more_dots\">&#8230;<\/span><\/p>\n<p><a class=\"btn btn-secondary understrap-read-more-link\" href=\"https:\/\/trade.colart.com\/fr\/product\/lefranc-bourgeois-enfants-gouache-essentiels\/\">Read More&#8230;<span class=\"screen-reader-text\"> from Gouache Essentiels<\/span><\/a><\/p>\n","protected":false},"featured_media":25557,"comment_status":"closed","ping_status":"closed","template":"","meta":{"_acf_changed":false},"product_brand":[],"product_cat":[2788],"product_tag":[],"class_list":{"0":"post-68328","1":"product","2":"type-product","3":"status-publish","4":"has-post-thumbnail","6":"product_cat-lefranc-bourgeois-enfants-10-ans-education-artistique-gouache-liquide-essentiels","8":"first","9":"instock","10":"shipping-taxable","11":"purchasable","12":"product-type-variable"},"acf":[],"_links":{"self":[{"href":"https:\/\/trade.colart.com\/fr\/wp-json\/wp\/v2\/product\/68328","targetHints":{"allow":["GET"]}}],"collection":[{"href":"https:\/\/trade.colart.com\/fr\/wp-json\/wp\/v2\/product"}],"about":[{"href":"https:\/\/trade.colart.com\/fr\/wp-json\/wp\/v2\/types\/product"}],"replies":[{"embeddable":true,"href":"https:\/\/trade.colart.com\/fr\/wp-json\/wp\/v2\/comments?post=68328"}],"wp:featuredmedia":[{"embeddable":true,"href":"https:\/\/trade.colart.com\/fr\/wp-json\/wp\/v2\/media\/25557"}],"wp:attachment":[{"href":"https:\/\/trade.colart.com\/fr\/wp-json\/wp\/v2\/media?parent=68328"}],"wp:term":[{"taxonomy":"product_brand","embeddable":true,"href":"https:\/\/trade.colart.com\/fr\/wp-json\/wp\/v2\/product_brand?post=68328"},{"taxonomy":"product_cat","embeddable":true,"href":"https:\/\/trade.colart.com\/fr\/wp-json\/wp\/v2\/product_cat?post=68328"},{"taxonomy":"product_tag","embeddable":true,"href":"https:\/\/trade.colart.com\/fr\/wp-json\/wp\/v2\/product_tag?post=68328"}],"curies":[{"name":"wp","href":"https:\/\/api.w.org\/{rel}","templated":true}]}}