{"id":68329,"date":"2025-02-13T16:46:21","date_gmt":"2025-02-13T16:46:21","guid":{"rendered":"https:\/\/trade.colart.com\/fr\/product\/lefranc-bourgeois-enfants-acrylique-essentiels\/"},"modified":"2026-04-17T10:54:33","modified_gmt":"2026-04-17T10:54:33","slug":"lefranc-bourgeois-enfants-acrylique-essentiels","status":"publish","type":"product","link":"https:\/\/trade.colart.com\/fr\/product\/lefranc-bourgeois-enfants-acrylique-essentiels\/","title":{"rendered":"Acrylique Essentiels"},"content":{"rendered":"<p>Notre peinture acrylique pour enfants est une peinture \u00e0 base d&#8217;eau, non nocive et tr\u00e8s couvrante. Elle peut \u00eatre appliqu\u00e9e sur quasiment toutes les surfaces, du papier aux mod\u00e8les en argile.<\/p>\n","protected":false},"excerpt":{"rendered":"<p>Notre peinture acrylique pour enfants est une peinture \u00e0 base d&#8217;eau, non nocive et tr\u00e8s couvrante. Elle peut \u00eatre appliqu\u00e9e sur quasiment toutes les surfaces, du papier aux mod\u00e8les en argile. <span class=\"more_dots\">&#8230;<\/span><\/p>\n<p><a class=\"btn btn-secondary understrap-read-more-link\" href=\"https:\/\/trade.colart.com\/fr\/product\/lefranc-bourgeois-enfants-acrylique-essentiels\/\">Read More&#8230;<span class=\"screen-reader-text\"> from Acrylique Essentiels<\/span><\/a><\/p>\n","protected":false},"featured_media":52255,"comment_status":"closed","ping_status":"closed","template":"","meta":{"_acf_changed":false},"product_brand":[],"product_cat":[2791],"product_tag":[],"class_list":{"0":"post-68329","1":"product","2":"type-product","3":"status-publish","4":"has-post-thumbnail","6":"product_cat-lefranc-bourgeois-enfants-10-ans-education-artistique-acrylique-essentiels","8":"first","9":"instock","10":"shipping-taxable","11":"purchasable","12":"product-type-variable"},"acf":[],"_links":{"self":[{"href":"https:\/\/trade.colart.com\/fr\/wp-json\/wp\/v2\/product\/68329","targetHints":{"allow":["GET"]}}],"collection":[{"href":"https:\/\/trade.colart.com\/fr\/wp-json\/wp\/v2\/product"}],"about":[{"href":"https:\/\/trade.colart.com\/fr\/wp-json\/wp\/v2\/types\/product"}],"replies":[{"embeddable":true,"href":"https:\/\/trade.colart.com\/fr\/wp-json\/wp\/v2\/comments?post=68329"}],"wp:featuredmedia":[{"embeddable":true,"href":"https:\/\/trade.colart.com\/fr\/wp-json\/wp\/v2\/media\/52255"}],"wp:attachment":[{"href":"https:\/\/trade.colart.com\/fr\/wp-json\/wp\/v2\/media?parent=68329"}],"wp:term":[{"taxonomy":"product_brand","embeddable":true,"href":"https:\/\/trade.colart.com\/fr\/wp-json\/wp\/v2\/product_brand?post=68329"},{"taxonomy":"product_cat","embeddable":true,"href":"https:\/\/trade.colart.com\/fr\/wp-json\/wp\/v2\/product_cat?post=68329"},{"taxonomy":"product_tag","embeddable":true,"href":"https:\/\/trade.colart.com\/fr\/wp-json\/wp\/v2\/product_tag?post=68329"}],"curies":[{"name":"wp","href":"https:\/\/api.w.org\/{rel}","templated":true}]}}