{"id":68472,"date":"2026-03-12T23:33:13","date_gmt":"2026-03-12T23:33:13","guid":{"rendered":"https:\/\/trade.colart.com\/fr\/product\/winsor-newton-professional-watercolour-6x5ml-tubes-set-winsor-row\/"},"modified":"2026-04-16T11:23:51","modified_gmt":"2026-04-16T11:23:51","slug":"winsor-newton-professional-watercolour-6x5ml-tubes-set-winsor-row","status":"publish","type":"product","link":"https:\/\/trade.colart.com\/fr\/product\/winsor-newton-professional-watercolour-6x5ml-tubes-set-winsor-row\/","title":{"rendered":"Winsor &amp; Newton Professional Watercolour 6x5ml Tubes Set Winsor Row"},"content":{"rendered":"<p>Laissez libre cours \u00e0 votre cr\u00e9ativit\u00e9 avec cet ensemble de six nuances Winsor embl\u00e9matiques, combinant notre h\u00e9ritage et notre expertise offrant de magnifiques pigments d&#8217;art pour des finitions durables et \u00e9clatantes.<\/p>\n","protected":false},"excerpt":{"rendered":"<p>Laissez libre cours \u00e0 votre cr\u00e9ativit\u00e9 avec cet ensemble de six nuances Winsor embl\u00e9matiques, combinant notre h\u00e9ritage et notre expertise offrant de magnifiques pigments d&#8217;art pour des finitions durables et \u00e9clatantes. <span class=\"more_dots\">&#8230;<\/span><\/p>\n<p><a class=\"btn btn-secondary understrap-read-more-link\" href=\"https:\/\/trade.colart.com\/fr\/product\/winsor-newton-professional-watercolour-6x5ml-tubes-set-winsor-row\/\">Read More&#8230;<span class=\"screen-reader-text\"> from Winsor &amp; Newton Professional Watercolour 6x5ml Tubes Set Winsor Row<\/span><\/a><\/p>\n","protected":false},"featured_media":68479,"comment_status":"closed","ping_status":"closed","template":"","meta":{"_acf_changed":false},"product_brand":[],"product_cat":[283,282],"product_tag":[],"class_list":{"0":"post-68472","1":"product","2":"type-product","3":"status-publish","4":"has-post-thumbnail","6":"product_cat-winsor-newton-couleurs-aquarelle-couleurs-aquarelle-extra-fine-professionnelle-sets-aquarelle-extra-fine-professionnelle","7":"product_cat-winsor-newton-coffrets-sets-aquarelle-extra-fine-professionnelle","9":"first","10":"instock","11":"shipping-taxable","12":"purchasable","13":"product-type-simple"},"acf":[],"_links":{"self":[{"href":"https:\/\/trade.colart.com\/fr\/wp-json\/wp\/v2\/product\/68472","targetHints":{"allow":["GET"]}}],"collection":[{"href":"https:\/\/trade.colart.com\/fr\/wp-json\/wp\/v2\/product"}],"about":[{"href":"https:\/\/trade.colart.com\/fr\/wp-json\/wp\/v2\/types\/product"}],"replies":[{"embeddable":true,"href":"https:\/\/trade.colart.com\/fr\/wp-json\/wp\/v2\/comments?post=68472"}],"wp:featuredmedia":[{"embeddable":true,"href":"https:\/\/trade.colart.com\/fr\/wp-json\/wp\/v2\/media\/68479"}],"wp:attachment":[{"href":"https:\/\/trade.colart.com\/fr\/wp-json\/wp\/v2\/media?parent=68472"}],"wp:term":[{"taxonomy":"product_brand","embeddable":true,"href":"https:\/\/trade.colart.com\/fr\/wp-json\/wp\/v2\/product_brand?post=68472"},{"taxonomy":"product_cat","embeddable":true,"href":"https:\/\/trade.colart.com\/fr\/wp-json\/wp\/v2\/product_cat?post=68472"},{"taxonomy":"product_tag","embeddable":true,"href":"https:\/\/trade.colart.com\/fr\/wp-json\/wp\/v2\/product_tag?post=68472"}],"curies":[{"name":"wp","href":"https:\/\/api.w.org\/{rel}","templated":true}]}}