{"id":68483,"date":"2026-03-12T23:32:37","date_gmt":"2026-03-12T23:32:37","guid":{"rendered":"https:\/\/trade.colart.com\/fr\/product\/winsor-newton-professional-watercolour-6x5ml-tubes-set-terres-riches-row\/"},"modified":"2026-04-17T11:11:04","modified_gmt":"2026-04-17T11:11:04","slug":"winsor-newton-professional-watercolour-6x5ml-tubes-set-terres-riches-row","status":"publish","type":"product","link":"https:\/\/trade.colart.com\/fr\/product\/winsor-newton-professional-watercolour-6x5ml-tubes-set-terres-riches-row\/","title":{"rendered":"Winsor &amp; Newton Professional Watercolour 6x5ml Tubes Set Terres Riches Row"},"content":{"rendered":"<p>Laissez notre assortiment soigneusement s\u00e9lectionn\u00e9 de six de nos couleurs aux tons terrestres les plus riches vous inspirer pour recr\u00e9er le monde qui vous entoure.<\/p>\n","protected":false},"excerpt":{"rendered":"<p>Laissez notre assortiment soigneusement s\u00e9lectionn\u00e9 de six de nos couleurs aux tons terrestres les plus riches vous inspirer pour recr\u00e9er le monde qui vous entoure. <span class=\"more_dots\">&#8230;<\/span><\/p>\n<p><a class=\"btn btn-secondary understrap-read-more-link\" href=\"https:\/\/trade.colart.com\/fr\/product\/winsor-newton-professional-watercolour-6x5ml-tubes-set-terres-riches-row\/\">Read More&#8230;<span class=\"screen-reader-text\"> from Winsor &amp; Newton Professional Watercolour 6x5ml Tubes Set Terres Riches Row<\/span><\/a><\/p>\n","protected":false},"featured_media":68490,"comment_status":"closed","ping_status":"closed","template":"","meta":{"_acf_changed":false},"product_brand":[],"product_cat":[283,282],"product_tag":[],"class_list":{"0":"post-68483","1":"product","2":"type-product","3":"status-publish","4":"has-post-thumbnail","6":"product_cat-winsor-newton-couleurs-aquarelle-couleurs-aquarelle-extra-fine-professionnelle-sets-aquarelle-extra-fine-professionnelle","7":"product_cat-winsor-newton-coffrets-sets-aquarelle-extra-fine-professionnelle","9":"first","10":"instock","11":"shipping-taxable","12":"purchasable","13":"product-type-simple"},"acf":[],"_links":{"self":[{"href":"https:\/\/trade.colart.com\/fr\/wp-json\/wp\/v2\/product\/68483","targetHints":{"allow":["GET"]}}],"collection":[{"href":"https:\/\/trade.colart.com\/fr\/wp-json\/wp\/v2\/product"}],"about":[{"href":"https:\/\/trade.colart.com\/fr\/wp-json\/wp\/v2\/types\/product"}],"replies":[{"embeddable":true,"href":"https:\/\/trade.colart.com\/fr\/wp-json\/wp\/v2\/comments?post=68483"}],"wp:featuredmedia":[{"embeddable":true,"href":"https:\/\/trade.colart.com\/fr\/wp-json\/wp\/v2\/media\/68490"}],"wp:attachment":[{"href":"https:\/\/trade.colart.com\/fr\/wp-json\/wp\/v2\/media?parent=68483"}],"wp:term":[{"taxonomy":"product_brand","embeddable":true,"href":"https:\/\/trade.colart.com\/fr\/wp-json\/wp\/v2\/product_brand?post=68483"},{"taxonomy":"product_cat","embeddable":true,"href":"https:\/\/trade.colart.com\/fr\/wp-json\/wp\/v2\/product_cat?post=68483"},{"taxonomy":"product_tag","embeddable":true,"href":"https:\/\/trade.colart.com\/fr\/wp-json\/wp\/v2\/product_tag?post=68483"}],"curies":[{"name":"wp","href":"https:\/\/api.w.org\/{rel}","templated":true}]}}