{"id":687,"date":"2025-02-27T15:19:05","date_gmt":"2025-02-27T15:19:05","guid":{"rendered":"https:\/\/trade.colart.com\/fr\/product\/winsor-newton-additifs-pour-artisan\/"},"modified":"2026-04-17T09:22:01","modified_gmt":"2026-04-17T09:22:01","slug":"winsor-newton-additifs-pour-artisan","status":"publish","type":"product","link":"https:\/\/trade.colart.com\/fr\/product\/winsor-newton-additifs-pour-artisan\/","title":{"rendered":"Additifs pour Artisan"},"content":{"rendered":"<p>Les couleurs \u00e0 l&#8217;huile hydrosoluble Artisan ont leur propre gamme d&#8217;huiles, de m\u00e9diums, de vernis et de solvants. Toutes les techniques utilis\u00e9es par les peintres \u00e0 l&#8217;huile traditionnels peuvent \u00eatre r\u00e9alis\u00e9es avec Artisan. Comme la couleur, ils peuvent \u00eatre m\u00e9lang\u00e9s avec de l&#8217;eau et utilis\u00e9s sans avoir recours \u00e0 des solvants dangereux.<\/p>\n","protected":false},"excerpt":{"rendered":"<p>Increases fluidity and \ufb02ow and eliminates brush stroke retention. Allows the paint to dry faster and aids working with multiple layers. Fast Drying Medium allows for excellent glazing and \ufb01ne detail. Can be cleaned with water and soap, avoiding the use of harsh agents.<br \/> <br \/>\nTip: Use with Water Mixable Thinner when painting in layers to maintain the &#8220;fat over lean&#8221; rule.<\/p>\n<p>Due to regulatory compliance, formulation has been improved with all existing attributes maintained in the new formulation. For more detail visit: <a href=\"https:\/\/uk.winsornewton.com\/pages\/drier-change-on-oil-mediums\" target=\"_blank\" title=\"Oil Mediums - Product reformulation as part of our continuous drive for excellence and innovation\" rel=\"noopener\">https:\/\/uk.winsornewton.com\/pages\/drier-change-on-oil-mediums<\/a><\/p>\n<p> <span class=\"more_dots\">&#8230;<\/span><\/p>\n<p><a class=\"btn btn-secondary understrap-read-more-link\" href=\"https:\/\/trade.colart.com\/fr\/product\/winsor-newton-additifs-pour-artisan\/\">Read More&#8230;<span class=\"screen-reader-text\"> from Additifs pour Artisan<\/span><\/a><\/p>\n","protected":false},"featured_media":4012,"comment_status":"closed","ping_status":"closed","template":"","meta":{"_acf_changed":false},"product_brand":[],"product_cat":[422],"product_tag":[],"class_list":{"0":"post-687","1":"product","2":"type-product","3":"status-publish","4":"has-post-thumbnail","6":"product_cat-winsor-newton-additifs-additifs-pour-artisan","8":"first","9":"instock","10":"shipping-taxable","11":"purchasable","12":"product-type-variable"},"acf":[],"_links":{"self":[{"href":"https:\/\/trade.colart.com\/fr\/wp-json\/wp\/v2\/product\/687","targetHints":{"allow":["GET"]}}],"collection":[{"href":"https:\/\/trade.colart.com\/fr\/wp-json\/wp\/v2\/product"}],"about":[{"href":"https:\/\/trade.colart.com\/fr\/wp-json\/wp\/v2\/types\/product"}],"replies":[{"embeddable":true,"href":"https:\/\/trade.colart.com\/fr\/wp-json\/wp\/v2\/comments?post=687"}],"wp:featuredmedia":[{"embeddable":true,"href":"https:\/\/trade.colart.com\/fr\/wp-json\/wp\/v2\/media\/4012"}],"wp:attachment":[{"href":"https:\/\/trade.colart.com\/fr\/wp-json\/wp\/v2\/media?parent=687"}],"wp:term":[{"taxonomy":"product_brand","embeddable":true,"href":"https:\/\/trade.colart.com\/fr\/wp-json\/wp\/v2\/product_brand?post=687"},{"taxonomy":"product_cat","embeddable":true,"href":"https:\/\/trade.colart.com\/fr\/wp-json\/wp\/v2\/product_cat?post=687"},{"taxonomy":"product_tag","embeddable":true,"href":"https:\/\/trade.colart.com\/fr\/wp-json\/wp\/v2\/product_tag?post=687"}],"curies":[{"name":"wp","href":"https:\/\/api.w.org\/{rel}","templated":true}]}}