{"id":68814,"date":"2025-04-03T00:12:26","date_gmt":"2025-04-03T00:12:26","guid":{"rendered":"https:\/\/trade.colart.com\/fr\/product\/liquitex-liquitex-acrylique-professionnel-heavy-body\/"},"modified":"2026-04-17T11:23:00","modified_gmt":"2026-04-17T11:23:00","slug":"liquitex-liquitex-acrylique-professionnel-heavy-body","status":"publish","type":"product","link":"https:\/\/trade.colart.com\/fr\/product\/liquitex-liquitex-acrylique-professionnel-heavy-body\/","title":{"rendered":"Liquitex Acrylique Professionnel Heavy Body"},"content":{"rendered":"<p>Cette peinture acrylique professionnelle \u00e0 haute viscosit\u00e9, riche en pigments, est id\u00e9ale pour les emp\u00e2tements et les textures. Avec une forte concentration en pigments beaux-arts r\u00e9sistants \u00e0 la lumi\u00e8re et une finition satin\u00e9e, l&#8217;acrylique Heavy Body vous offre une couleur riche et permanente, qui conserve les coups de pinceau et les marques de couteau \u00e0 peindre.<\/p>\n","protected":false},"excerpt":{"rendered":"<p>Cette peinture acrylique professionnelle \u00e0 haute viscosit\u00e9, riche en pigments, est id\u00e9ale pour les emp\u00e2tements et les textures. Avec une forte concentration en pigments beaux-arts r\u00e9sistants \u00e0 la lumi\u00e8re et une finition satin\u00e9e, l&#8217;acrylique Heavy Body vous offre une couleur riche et permanente, qui conserve les coups de pinceau et les marques de couteau \u00e0 <span class=\"more_dots\">&#8230;<\/span><\/p>\n<p><a class=\"btn btn-secondary understrap-read-more-link\" href=\"https:\/\/trade.colart.com\/fr\/product\/liquitex-liquitex-acrylique-professionnel-heavy-body\/\">Read More&#8230;<span class=\"screen-reader-text\"> from Liquitex Acrylique Professionnel Heavy Body<\/span><\/a><\/p>\n","protected":false},"featured_media":10934,"comment_status":"open","ping_status":"closed","template":"","meta":{"_acf_changed":false},"product_brand":[],"product_cat":[987],"product_tag":[175],"class_list":{"0":"post-68814","1":"product","2":"type-product","3":"status-publish","4":"has-post-thumbnail","6":"product_cat-liquitex-produit-gamme-acrylique-professionnelle-couleurs-heavy-body-acrylic","7":"product_tag-promarker","9":"first","10":"instock","11":"shipping-taxable","12":"purchasable","13":"product-type-variable"},"acf":[],"_links":{"self":[{"href":"https:\/\/trade.colart.com\/fr\/wp-json\/wp\/v2\/product\/68814","targetHints":{"allow":["GET"]}}],"collection":[{"href":"https:\/\/trade.colart.com\/fr\/wp-json\/wp\/v2\/product"}],"about":[{"href":"https:\/\/trade.colart.com\/fr\/wp-json\/wp\/v2\/types\/product"}],"replies":[{"embeddable":true,"href":"https:\/\/trade.colart.com\/fr\/wp-json\/wp\/v2\/comments?post=68814"}],"wp:featuredmedia":[{"embeddable":true,"href":"https:\/\/trade.colart.com\/fr\/wp-json\/wp\/v2\/media\/10934"}],"wp:attachment":[{"href":"https:\/\/trade.colart.com\/fr\/wp-json\/wp\/v2\/media?parent=68814"}],"wp:term":[{"taxonomy":"product_brand","embeddable":true,"href":"https:\/\/trade.colart.com\/fr\/wp-json\/wp\/v2\/product_brand?post=68814"},{"taxonomy":"product_cat","embeddable":true,"href":"https:\/\/trade.colart.com\/fr\/wp-json\/wp\/v2\/product_cat?post=68814"},{"taxonomy":"product_tag","embeddable":true,"href":"https:\/\/trade.colart.com\/fr\/wp-json\/wp\/v2\/product_tag?post=68814"}],"curies":[{"name":"wp","href":"https:\/\/api.w.org\/{rel}","templated":true}]}}