{"id":68822,"date":"2025-04-03T10:44:16","date_gmt":"2025-04-03T10:44:16","guid":{"rendered":"https:\/\/trade.colart.com\/fr\/product\/lefranc-bourgeois-peinture-flashe-biosourcee\/"},"modified":"2026-04-17T08:30:33","modified_gmt":"2026-04-17T08:30:33","slug":"lefranc-bourgeois-peinture-flashe-biosourcee","status":"publish","type":"product","link":"https:\/\/trade.colart.com\/fr\/product\/lefranc-bourgeois-peinture-flashe-biosourcee\/","title":{"rendered":"Peinture Flashe Biosourc\u00e9e"},"content":{"rendered":"<p>16 nouvelles teintes biosourc\u00e9es viennent compl\u00e9ter les 76 nuances de la palette Flashe, tout en gardant les caract\u00e9ristiques intrins\u00e8ques de la gamme ; extra-fine, ultra-mate et multi-supports.<br \/>\nLes diff\u00e9rentes nuances permettent de r\u00e9aliser facilement des m\u00e9langes purs et intenses avec le jaune clair sans cadmium, orange sans cadmium, rouge fonc\u00e9 sans cadmium, des portraits : jaune paille, orange de mars, bleu de mangan\u00e8se, violet de Bayeux, rouge Brueghel ou des encore des paysages avec le rose d\u2019outremer p\u00e2le, bleu poudre, gris oursin, terre d\u2019ombre p\u00e2le, terracotta p\u00e2le, vert amande, vert olive, lilas.<br \/>\nCes couleurs in\u00e9dites compl\u00e8tent une gamme d\u00e9j\u00e0 riche et vari\u00e9e (iridescentes, fluo, pastels) offrant ainsi aux artistes des possibilit\u00e9s de cr\u00e9ation encore plus nombreuses.<\/p>\n","protected":false},"excerpt":{"rendered":"<p>16 nouvelles teintes biosourc\u00e9es viennent compl\u00e9ter les 76 nuances de la palette Flashe, tout en gardant les caract\u00e9ristiques intrins\u00e8ques de la gamme ; extra-fine, ultra-mate et multi-supports. Les diff\u00e9rentes nuances permettent de r\u00e9aliser facilement des m\u00e9langes purs et intenses avec le jaune clair sans cadmium, orange sans cadmium, rouge fonc\u00e9 sans cadmium, des portraits : <span class=\"more_dots\">&#8230;<\/span><\/p>\n<p><a class=\"btn btn-secondary understrap-read-more-link\" href=\"https:\/\/trade.colart.com\/fr\/product\/lefranc-bourgeois-peinture-flashe-biosourcee\/\">Read More&#8230;<span class=\"screen-reader-text\"> from Peinture Flashe Biosourc\u00e9e<\/span><\/a><\/p>\n","protected":false},"featured_media":68872,"comment_status":"open","ping_status":"closed","template":"","meta":{"_acf_changed":false},"product_brand":[],"product_cat":[4984],"product_tag":[],"class_list":{"0":"post-68822","1":"product","2":"type-product","3":"status-publish","4":"has-post-thumbnail","6":"product_cat-lefranc-bourgeois-beaux-arts-acrylique-vinylique-flashe-bio","8":"first","9":"instock","10":"shipping-taxable","11":"purchasable","12":"product-type-variable"},"acf":[],"_links":{"self":[{"href":"https:\/\/trade.colart.com\/fr\/wp-json\/wp\/v2\/product\/68822","targetHints":{"allow":["GET"]}}],"collection":[{"href":"https:\/\/trade.colart.com\/fr\/wp-json\/wp\/v2\/product"}],"about":[{"href":"https:\/\/trade.colart.com\/fr\/wp-json\/wp\/v2\/types\/product"}],"replies":[{"embeddable":true,"href":"https:\/\/trade.colart.com\/fr\/wp-json\/wp\/v2\/comments?post=68822"}],"wp:featuredmedia":[{"embeddable":true,"href":"https:\/\/trade.colart.com\/fr\/wp-json\/wp\/v2\/media\/68872"}],"wp:attachment":[{"href":"https:\/\/trade.colart.com\/fr\/wp-json\/wp\/v2\/media?parent=68822"}],"wp:term":[{"taxonomy":"product_brand","embeddable":true,"href":"https:\/\/trade.colart.com\/fr\/wp-json\/wp\/v2\/product_brand?post=68822"},{"taxonomy":"product_cat","embeddable":true,"href":"https:\/\/trade.colart.com\/fr\/wp-json\/wp\/v2\/product_cat?post=68822"},{"taxonomy":"product_tag","embeddable":true,"href":"https:\/\/trade.colart.com\/fr\/wp-json\/wp\/v2\/product_tag?post=68822"}],"curies":[{"name":"wp","href":"https:\/\/api.w.org\/{rel}","templated":true}]}}