{"id":68903,"date":"2025-04-04T23:00:33","date_gmt":"2025-04-04T23:00:33","guid":{"rendered":"https:\/\/trade.colart.com\/fr\/product\/liquitex-liquitex-couleurs-acryliques-basics\/"},"modified":"2026-04-17T11:58:09","modified_gmt":"2026-04-17T11:58:09","slug":"liquitex-liquitex-couleurs-acryliques-basics","status":"publish","type":"product","link":"https:\/\/trade.colart.com\/fr\/product\/liquitex-liquitex-couleurs-acryliques-basics\/","title":{"rendered":"Liquitex Couleurs Acryliques Basics"},"content":{"rendered":"<p>Basics s&#8217;adresse \u00e0 tous &#8211; des d\u00e9butants en peinture aux artistes exp\u00e9riment\u00e9s. Id\u00e9al si vous \u00eates d\u00e9butant. Si vous avez un budget limit\u00e9. Parfait pour les fonds ou les esquisses si vous \u00eates un artiste averti. Et pour la recherche et l&#8217;exploration de couleurs si vous \u00eates un professionnel de la cr\u00e9ation. Cette peinture de viscosit\u00e9 moyenne est compos\u00e9e de pigments r\u00e9sistants \u00e0 la lumi\u00e8re et de qualit\u00e9 beaux-arts, dans un choix \u00e9tendu de 72 couleurs.<\/p>\n","protected":false},"excerpt":{"rendered":"<p>Basics s&#8217;adresse \u00e0 tous &#8211; des d\u00e9butants en peinture aux artistes exp\u00e9riment\u00e9s. Id\u00e9al si vous \u00eates d\u00e9butant. Si vous avez un budget limit\u00e9. Parfait pour les fonds ou les esquisses si vous \u00eates un artiste averti. Et pour la recherche et l&#8217;exploration de couleurs si vous \u00eates un professionnel de la cr\u00e9ation. Cette peinture de <span class=\"more_dots\">&#8230;<\/span><\/p>\n<p><a class=\"btn btn-secondary understrap-read-more-link\" href=\"https:\/\/trade.colart.com\/fr\/product\/liquitex-liquitex-couleurs-acryliques-basics\/\">Read More&#8230;<span class=\"screen-reader-text\"> from Liquitex Couleurs Acryliques Basics<\/span><\/a><\/p>\n","protected":false},"featured_media":10591,"comment_status":"open","ping_status":"closed","template":"","meta":{"_acf_changed":false},"product_brand":[],"product_cat":[911],"product_tag":[175],"class_list":{"0":"post-68903","1":"product","2":"type-product","3":"status-publish","4":"has-post-thumbnail","6":"product_cat-liquitex-produit-gamme-acrylique-basics-couleurs-acrylique-basics","7":"product_tag-promarker","9":"first","10":"instock","11":"shipping-taxable","12":"purchasable","13":"product-type-variable"},"acf":[],"_links":{"self":[{"href":"https:\/\/trade.colart.com\/fr\/wp-json\/wp\/v2\/product\/68903","targetHints":{"allow":["GET"]}}],"collection":[{"href":"https:\/\/trade.colart.com\/fr\/wp-json\/wp\/v2\/product"}],"about":[{"href":"https:\/\/trade.colart.com\/fr\/wp-json\/wp\/v2\/types\/product"}],"replies":[{"embeddable":true,"href":"https:\/\/trade.colart.com\/fr\/wp-json\/wp\/v2\/comments?post=68903"}],"wp:featuredmedia":[{"embeddable":true,"href":"https:\/\/trade.colart.com\/fr\/wp-json\/wp\/v2\/media\/10591"}],"wp:attachment":[{"href":"https:\/\/trade.colart.com\/fr\/wp-json\/wp\/v2\/media?parent=68903"}],"wp:term":[{"taxonomy":"product_brand","embeddable":true,"href":"https:\/\/trade.colart.com\/fr\/wp-json\/wp\/v2\/product_brand?post=68903"},{"taxonomy":"product_cat","embeddable":true,"href":"https:\/\/trade.colart.com\/fr\/wp-json\/wp\/v2\/product_cat?post=68903"},{"taxonomy":"product_tag","embeddable":true,"href":"https:\/\/trade.colart.com\/fr\/wp-json\/wp\/v2\/product_tag?post=68903"}],"curies":[{"name":"wp","href":"https:\/\/api.w.org\/{rel}","templated":true}]}}