{"id":69022,"date":"2025-04-15T10:24:19","date_gmt":"2025-04-15T10:24:19","guid":{"rendered":"https:\/\/trade.colart.com\/fr\/product\/liquitex-liquitex-encre-acrylique-ink\/"},"modified":"2026-04-17T10:22:14","modified_gmt":"2026-04-17T10:22:14","slug":"liquitex-liquitex-encre-acrylique-ink","status":"publish","type":"product","link":"https:\/\/trade.colart.com\/fr\/product\/liquitex-liquitex-encre-acrylique-ink\/","title":{"rendered":"Liquitex Encre Acrylique Ink"},"content":{"rendered":"<p>Acrylique ultra-fluide avec des pigments de qualit\u00e9 beaux-arts r\u00e9sistants \u00e0 la lumi\u00e8re*. Pas de colorants. Pas de d\u00e9coloration. Une couleur tout simplement permanente, pure. Et comme toutes les acryliques, elle s\u00e8che rapidement, est permanente, sans bavure ni coulure lorsqu&#8217;on la r\u00e9humidifie ou qu&#8217;on la superpose. Vous obtenez une couleur liquide pure dans une gamme d&#8217;opacit\u00e9s. *Les pigments m\u00e9talliques et fluorescents sont naturellement moins r\u00e9sistants \u00e0 la lumi\u00e8re.<\/p>\n","protected":false},"excerpt":{"rendered":"<p>Acrylique ultra-fluide avec des pigments de qualit\u00e9 beaux-arts r\u00e9sistants \u00e0 la lumi\u00e8re*. Pas de colorants. Pas de d\u00e9coloration. Une couleur tout simplement permanente, pure. Et comme toutes les acryliques, elle s\u00e8che rapidement, est permanente, sans bavure ni coulure lorsqu&#8217;on la r\u00e9humidifie ou qu&#8217;on la superpose. Vous obtenez une couleur liquide pure dans une gamme d&#8217;opacit\u00e9s. <span class=\"more_dots\">&#8230;<\/span><\/p>\n<p><a class=\"btn btn-secondary understrap-read-more-link\" href=\"https:\/\/trade.colart.com\/fr\/product\/liquitex-liquitex-encre-acrylique-ink\/\">Read More&#8230;<span class=\"screen-reader-text\"> from Liquitex Encre Acrylique Ink<\/span><\/a><\/p>\n","protected":false},"featured_media":10864,"comment_status":"open","ping_status":"closed","template":"","meta":{"_acf_changed":false},"product_brand":[],"product_cat":[968],"product_tag":[175],"class_list":{"0":"post-69022","1":"product","2":"type-product","3":"status-publish","4":"has-post-thumbnail","6":"product_cat-liquitex-produit-gamme-acrylique-professionnelle-couleurs-encres-acryliques-extra-fines-ink","7":"product_tag-promarker","9":"first","10":"instock","11":"shipping-taxable","12":"purchasable","13":"product-type-variable"},"acf":[],"_links":{"self":[{"href":"https:\/\/trade.colart.com\/fr\/wp-json\/wp\/v2\/product\/69022","targetHints":{"allow":["GET"]}}],"collection":[{"href":"https:\/\/trade.colart.com\/fr\/wp-json\/wp\/v2\/product"}],"about":[{"href":"https:\/\/trade.colart.com\/fr\/wp-json\/wp\/v2\/types\/product"}],"replies":[{"embeddable":true,"href":"https:\/\/trade.colart.com\/fr\/wp-json\/wp\/v2\/comments?post=69022"}],"wp:featuredmedia":[{"embeddable":true,"href":"https:\/\/trade.colart.com\/fr\/wp-json\/wp\/v2\/media\/10864"}],"wp:attachment":[{"href":"https:\/\/trade.colart.com\/fr\/wp-json\/wp\/v2\/media?parent=69022"}],"wp:term":[{"taxonomy":"product_brand","embeddable":true,"href":"https:\/\/trade.colart.com\/fr\/wp-json\/wp\/v2\/product_brand?post=69022"},{"taxonomy":"product_cat","embeddable":true,"href":"https:\/\/trade.colart.com\/fr\/wp-json\/wp\/v2\/product_cat?post=69022"},{"taxonomy":"product_tag","embeddable":true,"href":"https:\/\/trade.colart.com\/fr\/wp-json\/wp\/v2\/product_tag?post=69022"}],"curies":[{"name":"wp","href":"https:\/\/api.w.org\/{rel}","templated":true}]}}