{"id":69046,"date":"2025-04-15T16:10:01","date_gmt":"2025-04-15T16:10:01","guid":{"rendered":"https:\/\/trade.colart.com\/fr\/product\/liquitex-liquitex-marqueur-acrylique-professionnelle\/"},"modified":"2026-04-17T09:30:14","modified_gmt":"2026-04-17T09:30:14","slug":"liquitex-liquitex-marqueur-acrylique-professionnelle","status":"publish","type":"product","link":"https:\/\/trade.colart.com\/fr\/product\/liquitex-liquitex-marqueur-acrylique-professionnelle\/","title":{"rendered":"Liquitex Marqueur Acrylique Professionnelle"},"content":{"rendered":"<p>Une nouvelle fa\u00e7on de peindre. Pas de pinceau. Juste de la peinture acrylique professionnelle de la plus haute qualit\u00e9 dans marqueur pour les beaux-arts. Le marqueur acrylique vous donne le contr\u00f4le ultime. Fabriqu\u00e9 avec des pigments de qualit\u00e9 beaux-arts tr\u00e8s r\u00e9sistants \u00e0 la lumi\u00e8re* dans un choix de deux tailles de pointes rempla\u00e7ables. *Les pigments fluorescents et m\u00e9talliques sont naturellement moins r\u00e9sistants \u00e0 la lumi\u00e8re.<\/p>\n","protected":false},"excerpt":{"rendered":"<p>Une nouvelle fa\u00e7on de peindre. Pas de pinceau. Juste de la peinture acrylique professionnelle de la plus haute qualit\u00e9 dans marqueur pour les beaux-arts. Le marqueur acrylique vous donne le contr\u00f4le ultime. Fabriqu\u00e9 avec des pigments de qualit\u00e9 beaux-arts tr\u00e8s r\u00e9sistants \u00e0 la lumi\u00e8re* dans un choix de deux tailles de pointes rempla\u00e7ables. *Les pigments <span class=\"more_dots\">&#8230;<\/span><\/p>\n<p><a class=\"btn btn-secondary understrap-read-more-link\" href=\"https:\/\/trade.colart.com\/fr\/product\/liquitex-liquitex-marqueur-acrylique-professionnelle\/\">Read More&#8230;<span class=\"screen-reader-text\"> from Liquitex Marqueur Acrylique Professionnelle<\/span><\/a><\/p>\n","protected":false},"featured_media":10133,"comment_status":"open","ping_status":"closed","template":"","meta":{"_acf_changed":false},"product_brand":[],"product_cat":[2385],"product_tag":[175],"class_list":{"0":"post-69046","1":"product","2":"type-product","3":"status-publish","4":"has-post-thumbnail","6":"product_cat-liquitex-produit-gamme-acrylique-professionnelle-couleurs-acrylic-marker","7":"product_tag-promarker","9":"first","10":"instock","11":"shipping-taxable","12":"purchasable","13":"product-type-variable"},"acf":[],"_links":{"self":[{"href":"https:\/\/trade.colart.com\/fr\/wp-json\/wp\/v2\/product\/69046","targetHints":{"allow":["GET"]}}],"collection":[{"href":"https:\/\/trade.colart.com\/fr\/wp-json\/wp\/v2\/product"}],"about":[{"href":"https:\/\/trade.colart.com\/fr\/wp-json\/wp\/v2\/types\/product"}],"replies":[{"embeddable":true,"href":"https:\/\/trade.colart.com\/fr\/wp-json\/wp\/v2\/comments?post=69046"}],"wp:featuredmedia":[{"embeddable":true,"href":"https:\/\/trade.colart.com\/fr\/wp-json\/wp\/v2\/media\/10133"}],"wp:attachment":[{"href":"https:\/\/trade.colart.com\/fr\/wp-json\/wp\/v2\/media?parent=69046"}],"wp:term":[{"taxonomy":"product_brand","embeddable":true,"href":"https:\/\/trade.colart.com\/fr\/wp-json\/wp\/v2\/product_brand?post=69046"},{"taxonomy":"product_cat","embeddable":true,"href":"https:\/\/trade.colart.com\/fr\/wp-json\/wp\/v2\/product_cat?post=69046"},{"taxonomy":"product_tag","embeddable":true,"href":"https:\/\/trade.colart.com\/fr\/wp-json\/wp\/v2\/product_tag?post=69046"}],"curies":[{"name":"wp","href":"https:\/\/api.w.org\/{rel}","templated":true}]}}