{"id":69137,"date":"2025-04-23T09:13:43","date_gmt":"2025-04-23T09:13:43","guid":{"rendered":"https:\/\/trade.colart.com\/fr\/product\/liquitex-liquitex-acrylique-professionnel-soft-body\/"},"modified":"2026-04-17T09:57:06","modified_gmt":"2026-04-17T09:57:06","slug":"liquitex-liquitex-acrylique-professionnel-soft-body","status":"publish","type":"product","link":"https:\/\/trade.colart.com\/fr\/product\/liquitex-liquitex-acrylique-professionnel-soft-body\/","title":{"rendered":"Liquitex Acrylique Professionnel Soft Body"},"content":{"rendered":"<p>Cette peinture acrylique professionnelle \u00e0 faible viscosit\u00e9 offre une excellente couvrance, une finition satin\u00e9e et une concentration forte en pigments beaux-arts pour une qualit\u00e9 archive. Elle est incroyablement polyvalente. Utilisez-la pour peindre, r\u00e9aliser des coul\u00e9es, des gla\u00e7is ou des impressions sur presque toutes les surfaces.<\/p>\n","protected":false},"excerpt":{"rendered":"<p>Cette peinture acrylique professionnelle \u00e0 faible viscosit\u00e9 offre une excellente couvrance, une finition satin\u00e9e et une concentration forte en pigments beaux-arts pour une qualit\u00e9 archive. Elle est incroyablement polyvalente. Utilisez-la pour peindre, r\u00e9aliser des coul\u00e9es, des gla\u00e7is ou des impressions sur presque toutes les surfaces. <span class=\"more_dots\">&#8230;<\/span><\/p>\n<p><a class=\"btn btn-secondary understrap-read-more-link\" href=\"https:\/\/trade.colart.com\/fr\/product\/liquitex-liquitex-acrylique-professionnel-soft-body\/\">Read More&#8230;<span class=\"screen-reader-text\"> from Liquitex Acrylique Professionnel Soft Body<\/span><\/a><\/p>\n","protected":false},"featured_media":11336,"comment_status":"open","ping_status":"closed","template":"","meta":{"_acf_changed":false},"product_brand":[],"product_cat":[1036],"product_tag":[],"class_list":{"0":"post-69137","1":"product","2":"type-product","3":"status-publish","4":"has-post-thumbnail","6":"product_cat-liquitex-produit-gamme-acrylique-professionnelle-couleurs-soft-body-acrylic","8":"first","9":"instock","10":"shipping-taxable","11":"purchasable","12":"product-type-variable"},"acf":[],"_links":{"self":[{"href":"https:\/\/trade.colart.com\/fr\/wp-json\/wp\/v2\/product\/69137","targetHints":{"allow":["GET"]}}],"collection":[{"href":"https:\/\/trade.colart.com\/fr\/wp-json\/wp\/v2\/product"}],"about":[{"href":"https:\/\/trade.colart.com\/fr\/wp-json\/wp\/v2\/types\/product"}],"replies":[{"embeddable":true,"href":"https:\/\/trade.colart.com\/fr\/wp-json\/wp\/v2\/comments?post=69137"}],"wp:featuredmedia":[{"embeddable":true,"href":"https:\/\/trade.colart.com\/fr\/wp-json\/wp\/v2\/media\/11336"}],"wp:attachment":[{"href":"https:\/\/trade.colart.com\/fr\/wp-json\/wp\/v2\/media?parent=69137"}],"wp:term":[{"taxonomy":"product_brand","embeddable":true,"href":"https:\/\/trade.colart.com\/fr\/wp-json\/wp\/v2\/product_brand?post=69137"},{"taxonomy":"product_cat","embeddable":true,"href":"https:\/\/trade.colart.com\/fr\/wp-json\/wp\/v2\/product_cat?post=69137"},{"taxonomy":"product_tag","embeddable":true,"href":"https:\/\/trade.colart.com\/fr\/wp-json\/wp\/v2\/product_tag?post=69137"}],"curies":[{"name":"wp","href":"https:\/\/api.w.org\/{rel}","templated":true}]}}