{"id":69140,"date":"2025-04-23T11:17:23","date_gmt":"2025-04-23T11:17:23","guid":{"rendered":"https:\/\/trade.colart.com\/fr\/product\/liquitex-liquitex-acrylique-bio-based-heavy\/"},"modified":"2026-04-17T09:34:02","modified_gmt":"2026-04-17T09:34:02","slug":"liquitex-liquitex-acrylique-bio-based-heavy","status":"publish","type":"product","link":"https:\/\/trade.colart.com\/fr\/product\/liquitex-liquitex-acrylique-bio-based-heavy\/","title":{"rendered":"Liquitex Acrylique Bio-Based Heavy"},"content":{"rendered":"<p>Gamme de couleur acrylique professionnelle \u00e0 haute viscosit\u00e9, riche en pigments, compos\u00e9e en moyenne de 50 % d&#8217;ingr\u00e9dients renouvelables d&#8217;origine biosourc\u00e9es. Avec une forte concentration en pigments beaux-arts r\u00e9sistants \u00e0 la lumi\u00e8re et un fini satin\u00e9, l&#8217;acrylique Bio-based Heavy Acrylic vous offre une couleur permanente vive, qui retient les traces de pinceaux et les marques de couteaux audacieuses.<\/p>\n","protected":false},"excerpt":{"rendered":"<p>Gamme de couleur acrylique professionnelle \u00e0 haute viscosit\u00e9, riche en pigments, compos\u00e9e en moyenne de 50 % d&#8217;ingr\u00e9dients renouvelables d&#8217;origine biosourc\u00e9es. Avec une forte concentration en pigments beaux-arts r\u00e9sistants \u00e0 la lumi\u00e8re et un fini satin\u00e9, l&#8217;acrylique Bio-based Heavy Acrylic vous offre une couleur permanente vive, qui retient les traces de pinceaux et les marques <span class=\"more_dots\">&#8230;<\/span><\/p>\n<p><a class=\"btn btn-secondary understrap-read-more-link\" href=\"https:\/\/trade.colart.com\/fr\/product\/liquitex-liquitex-acrylique-bio-based-heavy\/\">Read More&#8230;<span class=\"screen-reader-text\"> from Liquitex Acrylique Bio-Based Heavy<\/span><\/a><\/p>\n","protected":false},"featured_media":64664,"comment_status":"open","ping_status":"closed","template":"","meta":{"_acf_changed":false},"product_brand":[],"product_cat":[4938],"product_tag":[175],"class_list":{"0":"post-69140","1":"product","2":"type-product","3":"status-publish","4":"has-post-thumbnail","6":"product_cat-liquitex-produit-gamme-acrylique-professionnelle-couleurs-bio-based-heavy-acrylic","7":"product_tag-promarker","9":"first","10":"instock","11":"shipping-taxable","12":"purchasable","13":"product-type-variable"},"acf":[],"_links":{"self":[{"href":"https:\/\/trade.colart.com\/fr\/wp-json\/wp\/v2\/product\/69140","targetHints":{"allow":["GET"]}}],"collection":[{"href":"https:\/\/trade.colart.com\/fr\/wp-json\/wp\/v2\/product"}],"about":[{"href":"https:\/\/trade.colart.com\/fr\/wp-json\/wp\/v2\/types\/product"}],"replies":[{"embeddable":true,"href":"https:\/\/trade.colart.com\/fr\/wp-json\/wp\/v2\/comments?post=69140"}],"wp:featuredmedia":[{"embeddable":true,"href":"https:\/\/trade.colart.com\/fr\/wp-json\/wp\/v2\/media\/64664"}],"wp:attachment":[{"href":"https:\/\/trade.colart.com\/fr\/wp-json\/wp\/v2\/media?parent=69140"}],"wp:term":[{"taxonomy":"product_brand","embeddable":true,"href":"https:\/\/trade.colart.com\/fr\/wp-json\/wp\/v2\/product_brand?post=69140"},{"taxonomy":"product_cat","embeddable":true,"href":"https:\/\/trade.colart.com\/fr\/wp-json\/wp\/v2\/product_cat?post=69140"},{"taxonomy":"product_tag","embeddable":true,"href":"https:\/\/trade.colart.com\/fr\/wp-json\/wp\/v2\/product_tag?post=69140"}],"curies":[{"name":"wp","href":"https:\/\/api.w.org\/{rel}","templated":true}]}}