{"id":69170,"date":"2025-04-23T18:27:09","date_gmt":"2025-04-23T18:27:09","guid":{"rendered":"https:\/\/trade.colart.com\/fr\/product\/liquitex-liquitex-acrylique-professionnel-en-aerosol-spray-paint\/"},"modified":"2026-04-17T09:23:08","modified_gmt":"2026-04-17T09:23:08","slug":"liquitex-liquitex-acrylique-professionnel-en-aerosol-spray-paint","status":"publish","type":"product","link":"https:\/\/trade.colart.com\/fr\/product\/liquitex-liquitex-acrylique-professionnel-en-aerosol-spray-paint\/","title":{"rendered":"Liquitex Acrylique Professionnel en a\u00e9rosol Spray Paint"},"content":{"rendered":"<p>Une peinture en a\u00e9rosol d&#8217;un genre tr\u00e8s diff\u00e9rent. La peinture en a\u00e9rosol Liquitex est un outil pour les beaux-arts compos\u00e9 de pigments de qualit\u00e9 artiste tr\u00e8s r\u00e9sistants \u00e0 la lumi\u00e8re*. Contrairement aux a\u00e9rosols ordinaires, ce produit utilise une peinture professionnelle \u00e0 faible odeur, fabriqu\u00e9e \u00e0 partir d&#8217;une technologie \u00e0 base d&#8217;eau et d&#8217;une faible teneur en solvants. Parfaite pour une utilisation en atelier. *Les pigments fluorescents et m\u00e9talliques sont naturellement moins r\u00e9sistants \u00e0 la lumi\u00e8re.<\/p>\n","protected":false},"excerpt":{"rendered":"<p>Une peinture en a\u00e9rosol d&#8217;un genre tr\u00e8s diff\u00e9rent. La peinture en a\u00e9rosol Liquitex est un outil pour les beaux-arts compos\u00e9 de pigments de qualit\u00e9 artiste tr\u00e8s r\u00e9sistants \u00e0 la lumi\u00e8re*. Contrairement aux a\u00e9rosols ordinaires, ce produit utilise une peinture professionnelle \u00e0 faible odeur, fabriqu\u00e9e \u00e0 partir d&#8217;une technologie \u00e0 base d&#8217;eau et d&#8217;une faible teneur <span class=\"more_dots\">&#8230;<\/span><\/p>\n<p><a class=\"btn btn-secondary understrap-read-more-link\" href=\"https:\/\/trade.colart.com\/fr\/product\/liquitex-liquitex-acrylique-professionnel-en-aerosol-spray-paint\/\">Read More&#8230;<span class=\"screen-reader-text\"> from Liquitex Acrylique Professionnel en a\u00e9rosol Spray Paint<\/span><\/a><\/p>\n","protected":false},"featured_media":11738,"comment_status":"open","ping_status":"closed","template":"","meta":{"_acf_changed":false},"product_brand":[],"product_cat":[1037],"product_tag":[],"class_list":{"0":"post-69170","1":"product","2":"type-product","3":"status-publish","4":"has-post-thumbnail","6":"product_cat-liquitex-produit-gamme-acrylique-professionnelle-couleurs-spray-paint","8":"first","9":"instock","10":"shipping-taxable","11":"purchasable","12":"product-type-variable"},"acf":[],"_links":{"self":[{"href":"https:\/\/trade.colart.com\/fr\/wp-json\/wp\/v2\/product\/69170","targetHints":{"allow":["GET"]}}],"collection":[{"href":"https:\/\/trade.colart.com\/fr\/wp-json\/wp\/v2\/product"}],"about":[{"href":"https:\/\/trade.colart.com\/fr\/wp-json\/wp\/v2\/types\/product"}],"replies":[{"embeddable":true,"href":"https:\/\/trade.colart.com\/fr\/wp-json\/wp\/v2\/comments?post=69170"}],"wp:featuredmedia":[{"embeddable":true,"href":"https:\/\/trade.colart.com\/fr\/wp-json\/wp\/v2\/media\/11738"}],"wp:attachment":[{"href":"https:\/\/trade.colart.com\/fr\/wp-json\/wp\/v2\/media?parent=69170"}],"wp:term":[{"taxonomy":"product_brand","embeddable":true,"href":"https:\/\/trade.colart.com\/fr\/wp-json\/wp\/v2\/product_brand?post=69170"},{"taxonomy":"product_cat","embeddable":true,"href":"https:\/\/trade.colart.com\/fr\/wp-json\/wp\/v2\/product_cat?post=69170"},{"taxonomy":"product_tag","embeddable":true,"href":"https:\/\/trade.colart.com\/fr\/wp-json\/wp\/v2\/product_tag?post=69170"}],"curies":[{"name":"wp","href":"https:\/\/api.w.org\/{rel}","templated":true}]}}