{"id":69172,"date":"2025-04-24T01:44:50","date_gmt":"2025-04-24T01:44:50","guid":{"rendered":"https:\/\/trade.colart.com\/fr\/product\/liquitex-liquitex-chassis-toile-recyclee\/"},"modified":"2026-04-17T07:16:40","modified_gmt":"2026-04-17T07:16:40","slug":"liquitex-liquitex-chassis-toile-recyclee","status":"publish","type":"product","link":"https:\/\/trade.colart.com\/fr\/product\/liquitex-liquitex-chassis-toile-recyclee\/","title":{"rendered":"Liquitex Ch\u00e2ssis &#8211; Toile Recycl\u00e9e"},"content":{"rendered":"<p>Cette toile est fabriqu\u00e9e \u00e0 partir de bouteilles en plastique 100 % recycl\u00e9es, fix\u00e9e sur un ch\u00e2ssis en bois certifi\u00e9 FSC\u00ae. Adapt\u00e9e aux peintures acryliques et \u00e0 l&#8217;huile, cette surface de haute qualit\u00e9 a \u00e9t\u00e9 test\u00e9e par des artistes professionnels et dans notre laboratoire. Vous pouvez donc cr\u00e9er en toute confiance tout en r\u00e9duisant votre impact sur l&#8217;environnement.<\/p>\n","protected":false},"excerpt":{"rendered":"<p>Vous souhaitez prolonger votre \u0153uvre encore plus loin ? Choisissez une toile recycl\u00e9e \u00e0 bords larges, mont\u00e9e sur un ch\u00e2ssis en bois tr\u00e8s \u00e9pais. Id\u00e9ale lorsque vous souhaitez prolonger votre cr\u00e9ation sur les c\u00f4t\u00e9s, pour les coul\u00e9es et la 3D, ou si vous souhaitez un look plus contemporain. <span class=\"more_dots\">&#8230;<\/span><\/p>\n<p><a class=\"btn btn-secondary understrap-read-more-link\" href=\"https:\/\/trade.colart.com\/fr\/product\/liquitex-liquitex-chassis-toile-recyclee\/\">Read More&#8230;<span class=\"screen-reader-text\"> from Liquitex Ch\u00e2ssis &#8211; Toile Recycl\u00e9e<\/span><\/a><\/p>\n","protected":false},"featured_media":56998,"comment_status":"open","ping_status":"closed","template":"","meta":{"_acf_changed":false},"product_brand":[],"product_cat":[4591],"product_tag":[175],"class_list":{"0":"post-69172","1":"product","2":"type-product","3":"status-publish","4":"has-post-thumbnail","6":"product_cat-liquitex-produit-gamme-acrylique-professionnelle-outils-chassis-recycles","7":"product_tag-promarker","9":"first","10":"instock","11":"shipping-taxable","12":"purchasable","13":"product-type-variable"},"acf":[],"_links":{"self":[{"href":"https:\/\/trade.colart.com\/fr\/wp-json\/wp\/v2\/product\/69172","targetHints":{"allow":["GET"]}}],"collection":[{"href":"https:\/\/trade.colart.com\/fr\/wp-json\/wp\/v2\/product"}],"about":[{"href":"https:\/\/trade.colart.com\/fr\/wp-json\/wp\/v2\/types\/product"}],"replies":[{"embeddable":true,"href":"https:\/\/trade.colart.com\/fr\/wp-json\/wp\/v2\/comments?post=69172"}],"wp:featuredmedia":[{"embeddable":true,"href":"https:\/\/trade.colart.com\/fr\/wp-json\/wp\/v2\/media\/56998"}],"wp:attachment":[{"href":"https:\/\/trade.colart.com\/fr\/wp-json\/wp\/v2\/media?parent=69172"}],"wp:term":[{"taxonomy":"product_brand","embeddable":true,"href":"https:\/\/trade.colart.com\/fr\/wp-json\/wp\/v2\/product_brand?post=69172"},{"taxonomy":"product_cat","embeddable":true,"href":"https:\/\/trade.colart.com\/fr\/wp-json\/wp\/v2\/product_cat?post=69172"},{"taxonomy":"product_tag","embeddable":true,"href":"https:\/\/trade.colart.com\/fr\/wp-json\/wp\/v2\/product_tag?post=69172"}],"curies":[{"name":"wp","href":"https:\/\/api.w.org\/{rel}","templated":true}]}}