{"id":69330,"date":"2025-05-08T14:46:32","date_gmt":"2025-05-08T14:46:32","guid":{"rendered":"https:\/\/trade.colart.com\/fr\/product\/winsor-newton-mediums\/"},"modified":"2026-04-17T11:05:11","modified_gmt":"2026-04-17T11:05:11","slug":"winsor-newton-mediums","status":"publish","type":"product","link":"https:\/\/trade.colart.com\/fr\/product\/winsor-newton-mediums\/","title":{"rendered":"M\u00e9diums"},"content":{"rendered":"<p>Utilis\u00e9s pour modifier ou am\u00e9liorer les caract\u00e9ristiques de la couleur \u00e0 l&#8217;huile, les M\u00e9diums sont utilis\u00e9s pour modifier la vitesse de s\u00e9chage, augmenter la brillance, am\u00e9liorer la fluidit\u00e9 ou ajouter de la texture. En fonction des liants utilis\u00e9s dans le broyage des couleurs (par exemple l&#8217;huile de lin, la r\u00e9sine alkyde et les huiles modifi\u00e9es pour les huiles diluables \u00e0 l&#8217;eau), les m\u00e9diums doivent \u00eatre utilis\u00e9s avec mod\u00e9ration comme additifs \u00e0 la couleur ; nous recommandons \u00e9galement d&#8217;\u00e9viter d&#8217;ajouter plusieurs m\u00e9diums \u00e0 la couleur \u00e0 l&#8217;huile.<\/p>\n","protected":false},"excerpt":{"rendered":"<p>Ce gel l\u00e9ger divise par deux le temps de s\u00e9chage de la peinture \u00e0 l&#8217;huile. Son film de peinture g\u00e9lifi\u00e9 \u00e0 faible viscosit\u00e9 est facile \u00e0 travailler et s&#8217;\u00e9tale en douceur, r\u00e9duisant ainsi la visibilit\u00e9 des coups de pinceau. <span class=\"more_dots\">&#8230;<\/span><\/p>\n<p><a class=\"btn btn-secondary understrap-read-more-link\" href=\"https:\/\/trade.colart.com\/fr\/product\/winsor-newton-mediums\/\">Read More&#8230;<span class=\"screen-reader-text\"> from M\u00e9diums<\/span><\/a><\/p>\n","protected":false},"featured_media":3984,"comment_status":"open","ping_status":"closed","template":"","meta":{"_acf_changed":false},"product_brand":[],"product_cat":[200],"product_tag":[],"class_list":{"0":"post-69330","1":"product","2":"type-product","3":"status-publish","4":"has-post-thumbnail","6":"product_cat-winsor-newton-additifs-additifs-pour-huile","8":"first","9":"instock","10":"shipping-taxable","11":"purchasable","12":"product-type-variable"},"acf":[],"_links":{"self":[{"href":"https:\/\/trade.colart.com\/fr\/wp-json\/wp\/v2\/product\/69330","targetHints":{"allow":["GET"]}}],"collection":[{"href":"https:\/\/trade.colart.com\/fr\/wp-json\/wp\/v2\/product"}],"about":[{"href":"https:\/\/trade.colart.com\/fr\/wp-json\/wp\/v2\/types\/product"}],"replies":[{"embeddable":true,"href":"https:\/\/trade.colart.com\/fr\/wp-json\/wp\/v2\/comments?post=69330"}],"wp:featuredmedia":[{"embeddable":true,"href":"https:\/\/trade.colart.com\/fr\/wp-json\/wp\/v2\/media\/3984"}],"wp:attachment":[{"href":"https:\/\/trade.colart.com\/fr\/wp-json\/wp\/v2\/media?parent=69330"}],"wp:term":[{"taxonomy":"product_brand","embeddable":true,"href":"https:\/\/trade.colart.com\/fr\/wp-json\/wp\/v2\/product_brand?post=69330"},{"taxonomy":"product_cat","embeddable":true,"href":"https:\/\/trade.colart.com\/fr\/wp-json\/wp\/v2\/product_cat?post=69330"},{"taxonomy":"product_tag","embeddable":true,"href":"https:\/\/trade.colart.com\/fr\/wp-json\/wp\/v2\/product_tag?post=69330"}],"curies":[{"name":"wp","href":"https:\/\/api.w.org\/{rel}","templated":true}]}}