{"id":69333,"date":"2025-05-08T15:02:41","date_gmt":"2025-05-08T15:02:41","guid":{"rendered":"https:\/\/trade.colart.com\/fr\/product\/winsor-newton-mediums-artisan\/"},"modified":"2026-04-17T07:53:19","modified_gmt":"2026-04-17T07:53:19","slug":"winsor-newton-mediums-artisan","status":"publish","type":"product","link":"https:\/\/trade.colart.com\/fr\/product\/winsor-newton-mediums-artisan\/","title":{"rendered":"M\u00e9diums Artisan"},"content":{"rendered":"<p>Les couleurs \u00e0 l&#8217;huile hydrosolubles (diluables \u00e0 l&#8217;eau) Artisan ont leur propre gamme d&#8217;huiles, de m\u00e9diums, de vernis et de solvants, et toutes les techniques disponibles pour les peintres \u00e0 l&#8217;huile traditionnels peuvent \u00eatre r\u00e9alis\u00e9es avec Artisan. Comme la couleur, ils peuvent \u00eatre m\u00e9lang\u00e9s avec de l&#8217;eau et utilis\u00e9s sans avoir recours \u00e0 des solvants dangereux.<\/p>\n","protected":false},"excerpt":{"rendered":"<p>This thick quick drying medium for water mixable oil colour produces a crisp texture. Adds viscosity to your paint that retains marks from brushes or palette knives. Allows the paint to dry faster and aids working with multiple layers.<\/p>\n<p>Due to regulatory compliance, formulation has been improved with all existing attributes maintained in the new formulation. For more detail visit: <a href=\"https:\/\/uk.winsornewton.com\/pages\/drier-change-on-oil-mediums\" target=\"_blank\" title=\"Oil Mediums - Product reformulation as part of our continuous drive for excellence and innovation\" rel=\"noopener\">https:\/\/uk.winsornewton.com\/pages\/drier-change-on-oil-mediums<\/a><\/p>\n<p> <span class=\"more_dots\">&#8230;<\/span><\/p>\n<p><a class=\"btn btn-secondary understrap-read-more-link\" href=\"https:\/\/trade.colart.com\/fr\/product\/winsor-newton-mediums-artisan\/\">Read More&#8230;<span class=\"screen-reader-text\"> from M\u00e9diums Artisan<\/span><\/a><\/p>\n","protected":false},"featured_media":4012,"comment_status":"open","ping_status":"closed","template":"","meta":{"_acf_changed":false},"product_brand":[],"product_cat":[422],"product_tag":[],"class_list":{"0":"post-69333","1":"product","2":"type-product","3":"status-publish","4":"has-post-thumbnail","6":"product_cat-winsor-newton-additifs-additifs-pour-artisan","8":"first","9":"instock","10":"shipping-taxable","11":"purchasable","12":"product-type-variable"},"acf":[],"_links":{"self":[{"href":"https:\/\/trade.colart.com\/fr\/wp-json\/wp\/v2\/product\/69333","targetHints":{"allow":["GET"]}}],"collection":[{"href":"https:\/\/trade.colart.com\/fr\/wp-json\/wp\/v2\/product"}],"about":[{"href":"https:\/\/trade.colart.com\/fr\/wp-json\/wp\/v2\/types\/product"}],"replies":[{"embeddable":true,"href":"https:\/\/trade.colart.com\/fr\/wp-json\/wp\/v2\/comments?post=69333"}],"wp:featuredmedia":[{"embeddable":true,"href":"https:\/\/trade.colart.com\/fr\/wp-json\/wp\/v2\/media\/4012"}],"wp:attachment":[{"href":"https:\/\/trade.colart.com\/fr\/wp-json\/wp\/v2\/media?parent=69333"}],"wp:term":[{"taxonomy":"product_brand","embeddable":true,"href":"https:\/\/trade.colart.com\/fr\/wp-json\/wp\/v2\/product_brand?post=69333"},{"taxonomy":"product_cat","embeddable":true,"href":"https:\/\/trade.colart.com\/fr\/wp-json\/wp\/v2\/product_cat?post=69333"},{"taxonomy":"product_tag","embeddable":true,"href":"https:\/\/trade.colart.com\/fr\/wp-json\/wp\/v2\/product_tag?post=69333"}],"curies":[{"name":"wp","href":"https:\/\/api.w.org\/{rel}","templated":true}]}}