{"id":69595,"date":"2025-05-22T15:43:54","date_gmt":"2025-05-22T15:43:54","guid":{"rendered":"https:\/\/trade.colart.com\/fr\/product\/lefranc-bourgeois-flashe-edition-limitee\/"},"modified":"2026-04-14T11:18:08","modified_gmt":"2026-04-14T11:18:08","slug":"lefranc-bourgeois-flashe-edition-limitee","status":"publish","type":"product","link":"https:\/\/trade.colart.com\/fr\/product\/lefranc-bourgeois-flashe-edition-limitee\/","title":{"rendered":"Flashe \u00c9dition Limit\u00e9e"},"content":{"rendered":"<p>La peinture vinylique Flashe n&#8217;a plus besoin d&#8217;\u00eatre pr\u00e9sent\u00e9e. Lanc\u00e9e en 1954, elle a \u00e9t\u00e9 la premi\u00e8re peinture synth\u00e9tique d&#8217;Europe. Cette gamme de premier ordre comprend 76 teintes exceptionnellement intenses dans une palette embl\u00e9matique. <\/p>\n<p>Polyvalente, Flashe peut \u00eatre utilis\u00e9e sur quasiment toutes les surfaces pour obtenir un fini mat et homog\u00e8ne. Elle est fabriqu\u00e9e \u00e0 partir de pigments uniques de haute qualit\u00e9 pour \u00eatre m\u00e9lang\u00e9e.<\/p>\n","protected":false},"excerpt":{"rendered":"<p>Agnes Cecile a cr\u00e9\u00e9 le Rose Sakura, une teinte empreinte de douceur m\u00e9lancolique, inspir\u00e9e par la d\u00e9licate floraison des cerisiers. Le &#8220;Rose Sakura&#8221; revient souvent dans ses peintures, \u00e9voquant des \u00e9motions intenses chez ses sujets, ajoutant une dimension po\u00e9tique et expressive \u00e0 son travail.<br \/>\nChacune des couleurs Collector cr\u00e9\u00e9es est compl\u00e9mentaire au nuancier existant et d\u00e9tient les m\u00eames caract\u00e9ristiques que la Flashe : extra-fine, ultra mate et multi-support. <span class=\"more_dots\">&#8230;<\/span><\/p>\n<p><a class=\"btn btn-secondary understrap-read-more-link\" href=\"https:\/\/trade.colart.com\/fr\/product\/lefranc-bourgeois-flashe-edition-limitee\/\">Read More&#8230;<span class=\"screen-reader-text\"> from Flashe \u00c9dition Limit\u00e9e<\/span><\/a><\/p>\n","protected":false},"featured_media":21286,"comment_status":"open","ping_status":"closed","template":"","meta":{"_acf_changed":false},"product_brand":[],"product_cat":[2821],"product_tag":[175],"class_list":{"0":"post-69595","1":"product","2":"type-product","3":"status-publish","4":"has-post-thumbnail","6":"product_cat-lefranc-bourgeois-beaux-arts-acrylique-vinylique-flashe-vinylique","7":"product_tag-promarker","9":"first","10":"instock","11":"shipping-taxable","12":"purchasable","13":"product-type-variable"},"acf":[],"_links":{"self":[{"href":"https:\/\/trade.colart.com\/fr\/wp-json\/wp\/v2\/product\/69595","targetHints":{"allow":["GET"]}}],"collection":[{"href":"https:\/\/trade.colart.com\/fr\/wp-json\/wp\/v2\/product"}],"about":[{"href":"https:\/\/trade.colart.com\/fr\/wp-json\/wp\/v2\/types\/product"}],"replies":[{"embeddable":true,"href":"https:\/\/trade.colart.com\/fr\/wp-json\/wp\/v2\/comments?post=69595"}],"wp:featuredmedia":[{"embeddable":true,"href":"https:\/\/trade.colart.com\/fr\/wp-json\/wp\/v2\/media\/21286"}],"wp:attachment":[{"href":"https:\/\/trade.colart.com\/fr\/wp-json\/wp\/v2\/media?parent=69595"}],"wp:term":[{"taxonomy":"product_brand","embeddable":true,"href":"https:\/\/trade.colart.com\/fr\/wp-json\/wp\/v2\/product_brand?post=69595"},{"taxonomy":"product_cat","embeddable":true,"href":"https:\/\/trade.colart.com\/fr\/wp-json\/wp\/v2\/product_cat?post=69595"},{"taxonomy":"product_tag","embeddable":true,"href":"https:\/\/trade.colart.com\/fr\/wp-json\/wp\/v2\/product_tag?post=69595"}],"curies":[{"name":"wp","href":"https:\/\/api.w.org\/{rel}","templated":true}]}}