{"id":69645,"date":"2025-05-27T14:04:24","date_gmt":"2025-05-27T14:04:24","guid":{"rendered":"https:\/\/trade.colart.com\/fr\/product\/winsor-newton-mediums-acryliques-professionnels\/"},"modified":"2026-04-17T11:29:33","modified_gmt":"2026-04-17T11:29:33","slug":"winsor-newton-mediums-acryliques-professionnels","status":"publish","type":"product","link":"https:\/\/trade.colart.com\/fr\/product\/winsor-newton-mediums-acryliques-professionnels\/","title":{"rendered":"M\u00e9diums Acryliques Professionnels"},"content":{"rendered":"<p>L&#8217;une des techniques les plus polyvalentes, l&#8217;acrylique peut \u00eatre utilis\u00e9e de mani\u00e8re fluide et gestuelle (comme l&#8217;aquarelle) ou, dans des applications plus \u00e9paisses, elle peut \u00eatre model\u00e9e et sculpt\u00e9e, utilis\u00e9e pour l&#8217;impression et dans bien d&#8217;autres applications. Les m\u00e9diums permettent aux artistes d&#8217;explorer pleinement la polyvalence des acryliques, en contribuant \u00e0 am\u00e9liorer la durabilit\u00e9, en allongeant et en rehaussant la couleur et en am\u00e9liorant la fluidit\u00e9.<\/p>\n","protected":false},"excerpt":{"rendered":"<p>Gives colour a matte finish whilst also improving transparency and flow of the colour, great for blending or fine detail.<\/p>\n<p>Please note this product is going through a transition period with the label, you may receive products labelled as ARTISTS&#8217; instead of PROFESSIONAL, rest assured the formula remains the same. <span class=\"more_dots\">&#8230;<\/span><\/p>\n<p><a class=\"btn btn-secondary understrap-read-more-link\" href=\"https:\/\/trade.colart.com\/fr\/product\/winsor-newton-mediums-acryliques-professionnels\/\">Read More&#8230;<span class=\"screen-reader-text\"> from M\u00e9diums Acryliques Professionnels<\/span><\/a><\/p>\n","protected":false},"featured_media":4301,"comment_status":"open","ping_status":"closed","template":"","meta":{"_acf_changed":false},"product_brand":[],"product_cat":[188],"product_tag":[],"class_list":{"0":"post-69645","1":"product","2":"type-product","3":"status-publish","4":"has-post-thumbnail","6":"product_cat-winsor-newton-additifs-additifs-pour-acrylique","8":"first","9":"instock","10":"shipping-taxable","11":"purchasable","12":"product-type-variable"},"acf":[],"_links":{"self":[{"href":"https:\/\/trade.colart.com\/fr\/wp-json\/wp\/v2\/product\/69645","targetHints":{"allow":["GET"]}}],"collection":[{"href":"https:\/\/trade.colart.com\/fr\/wp-json\/wp\/v2\/product"}],"about":[{"href":"https:\/\/trade.colart.com\/fr\/wp-json\/wp\/v2\/types\/product"}],"replies":[{"embeddable":true,"href":"https:\/\/trade.colart.com\/fr\/wp-json\/wp\/v2\/comments?post=69645"}],"wp:featuredmedia":[{"embeddable":true,"href":"https:\/\/trade.colart.com\/fr\/wp-json\/wp\/v2\/media\/4301"}],"wp:attachment":[{"href":"https:\/\/trade.colart.com\/fr\/wp-json\/wp\/v2\/media?parent=69645"}],"wp:term":[{"taxonomy":"product_brand","embeddable":true,"href":"https:\/\/trade.colart.com\/fr\/wp-json\/wp\/v2\/product_brand?post=69645"},{"taxonomy":"product_cat","embeddable":true,"href":"https:\/\/trade.colart.com\/fr\/wp-json\/wp\/v2\/product_cat?post=69645"},{"taxonomy":"product_tag","embeddable":true,"href":"https:\/\/trade.colart.com\/fr\/wp-json\/wp\/v2\/product_tag?post=69645"}],"curies":[{"name":"wp","href":"https:\/\/api.w.org\/{rel}","templated":true}]}}