{"id":69694,"date":"2026-03-12T23:30:51","date_gmt":"2026-03-12T23:30:51","guid":{"rendered":"https:\/\/trade.colart.com\/fr\/product\/winsor-newton-galeria-acrylic-colour-5x60ml-tubes-set-primaires-impression\/"},"modified":"2026-04-08T16:14:04","modified_gmt":"2026-04-08T16:14:04","slug":"winsor-newton-galeria-acrylic-colour-5x60ml-tubes-set-m%c3%a9tallique","status":"publish","type":"product","link":"https:\/\/trade.colart.com\/fr\/product\/winsor-newton-galeria-acrylic-colour-5x60ml-tubes-set-m%c3%a9tallique\/","title":{"rendered":"Winsor &amp; Newton Galeria Acrylic Colour 5x60ml Tubes Set M\u00e9tallique"},"content":{"rendered":"<p>Ajoutez brillance et \u00e9clat \u00e0 vos cr\u00e9ations. Ces teintes m\u00e9tallis\u00e9es riches et r\u00e9fl\u00e9chissantes offrent profondeur et brillance, id\u00e9ales pour des effets audacieux et des touches de lumi\u00e8re intenses.<\/p>\n","protected":false},"excerpt":{"rendered":"<p>Ajoutez brillance et \u00e9clat \u00e0 vos cr\u00e9ations. Ces teintes m\u00e9tallis\u00e9es riches et r\u00e9fl\u00e9chissantes offrent profondeur et brillance, id\u00e9ales pour des effets audacieux et des touches de lumi\u00e8re intenses. <span class=\"more_dots\">&#8230;<\/span><\/p>\n<p><a class=\"btn btn-secondary understrap-read-more-link\" href=\"https:\/\/trade.colart.com\/fr\/product\/winsor-newton-galeria-acrylic-colour-5x60ml-tubes-set-m%c3%a9tallique\/\">Read More&#8230;<span class=\"screen-reader-text\"> from Winsor &amp; Newton Galeria Acrylic Colour 5x60ml Tubes Set M\u00e9tallique<\/span><\/a><\/p>\n","protected":false},"featured_media":69714,"comment_status":"closed","ping_status":"closed","template":"","meta":{"_acf_changed":false},"product_brand":[],"product_cat":[319,318],"product_tag":[],"class_list":{"0":"post-69694","1":"product","2":"type-product","3":"status-publish","4":"has-post-thumbnail","6":"product_cat-winsor-newton-couleurs-acrylique-couleurs-acrylique-galeria-sets-acrylique-galeria","7":"product_cat-winsor-newton-coffrets-sets-acrylique-galeria","9":"first","10":"instock","11":"shipping-taxable","12":"purchasable","13":"product-type-simple"},"acf":[],"_links":{"self":[{"href":"https:\/\/trade.colart.com\/fr\/wp-json\/wp\/v2\/product\/69694","targetHints":{"allow":["GET"]}}],"collection":[{"href":"https:\/\/trade.colart.com\/fr\/wp-json\/wp\/v2\/product"}],"about":[{"href":"https:\/\/trade.colart.com\/fr\/wp-json\/wp\/v2\/types\/product"}],"replies":[{"embeddable":true,"href":"https:\/\/trade.colart.com\/fr\/wp-json\/wp\/v2\/comments?post=69694"}],"wp:featuredmedia":[{"embeddable":true,"href":"https:\/\/trade.colart.com\/fr\/wp-json\/wp\/v2\/media\/69714"}],"wp:attachment":[{"href":"https:\/\/trade.colart.com\/fr\/wp-json\/wp\/v2\/media?parent=69694"}],"wp:term":[{"taxonomy":"product_brand","embeddable":true,"href":"https:\/\/trade.colart.com\/fr\/wp-json\/wp\/v2\/product_brand?post=69694"},{"taxonomy":"product_cat","embeddable":true,"href":"https:\/\/trade.colart.com\/fr\/wp-json\/wp\/v2\/product_cat?post=69694"},{"taxonomy":"product_tag","embeddable":true,"href":"https:\/\/trade.colart.com\/fr\/wp-json\/wp\/v2\/product_tag?post=69694"}],"curies":[{"name":"wp","href":"https:\/\/api.w.org\/{rel}","templated":true}]}}