{"id":69695,"date":"2026-03-12T23:30:40","date_gmt":"2026-03-12T23:30:40","guid":{"rendered":"https:\/\/trade.colart.com\/fr\/product\/winsor-newton-galeria-acrylic-colour-5x60ml-tubes-set-metalliques\/"},"modified":"2026-04-17T09:28:49","modified_gmt":"2026-04-17T09:28:49","slug":"winsor-newton-galeria-acrylic-colour-5x60ml-tubes-set-pastel","status":"publish","type":"product","link":"https:\/\/trade.colart.com\/fr\/product\/winsor-newton-galeria-acrylic-colour-5x60ml-tubes-set-pastel\/","title":{"rendered":"Winsor &amp; Newton Galeria Acrylic Colour 5x60ml Tubes Set Pastel"},"content":{"rendered":"<p>Une belle s\u00e9lection de couleurs pastel \u00e9l\u00e9gantes qui \u00e9largissent votre palette et offrent des teintes subtiles parfaites pour tout contexte et activit\u00e9 artistique et design.<\/p>\n","protected":false},"excerpt":{"rendered":"<p>Une belle s\u00e9lection de couleurs pastel \u00e9l\u00e9gantes qui \u00e9largissent votre palette et offrent des teintes subtiles parfaites pour tout contexte et activit\u00e9 artistique et design. <span class=\"more_dots\">&#8230;<\/span><\/p>\n<p><a class=\"btn btn-secondary understrap-read-more-link\" href=\"https:\/\/trade.colart.com\/fr\/product\/winsor-newton-galeria-acrylic-colour-5x60ml-tubes-set-pastel\/\">Read More&#8230;<span class=\"screen-reader-text\"> from Winsor &amp; Newton Galeria Acrylic Colour 5x60ml Tubes Set Pastel<\/span><\/a><\/p>\n","protected":false},"featured_media":69728,"comment_status":"closed","ping_status":"closed","template":"","meta":{"_acf_changed":false},"product_brand":[],"product_cat":[319,318],"product_tag":[],"class_list":{"0":"post-69695","1":"product","2":"type-product","3":"status-publish","4":"has-post-thumbnail","6":"product_cat-winsor-newton-couleurs-acrylique-couleurs-acrylique-galeria-sets-acrylique-galeria","7":"product_cat-winsor-newton-coffrets-sets-acrylique-galeria","9":"first","10":"instock","11":"shipping-taxable","12":"purchasable","13":"product-type-simple"},"acf":[],"_links":{"self":[{"href":"https:\/\/trade.colart.com\/fr\/wp-json\/wp\/v2\/product\/69695","targetHints":{"allow":["GET"]}}],"collection":[{"href":"https:\/\/trade.colart.com\/fr\/wp-json\/wp\/v2\/product"}],"about":[{"href":"https:\/\/trade.colart.com\/fr\/wp-json\/wp\/v2\/types\/product"}],"replies":[{"embeddable":true,"href":"https:\/\/trade.colart.com\/fr\/wp-json\/wp\/v2\/comments?post=69695"}],"wp:featuredmedia":[{"embeddable":true,"href":"https:\/\/trade.colart.com\/fr\/wp-json\/wp\/v2\/media\/69728"}],"wp:attachment":[{"href":"https:\/\/trade.colart.com\/fr\/wp-json\/wp\/v2\/media?parent=69695"}],"wp:term":[{"taxonomy":"product_brand","embeddable":true,"href":"https:\/\/trade.colart.com\/fr\/wp-json\/wp\/v2\/product_brand?post=69695"},{"taxonomy":"product_cat","embeddable":true,"href":"https:\/\/trade.colart.com\/fr\/wp-json\/wp\/v2\/product_cat?post=69695"},{"taxonomy":"product_tag","embeddable":true,"href":"https:\/\/trade.colart.com\/fr\/wp-json\/wp\/v2\/product_tag?post=69695"}],"curies":[{"name":"wp","href":"https:\/\/api.w.org\/{rel}","templated":true}]}}