{"id":69709,"date":"2026-03-12T23:31:20","date_gmt":"2026-03-12T23:31:20","guid":{"rendered":"https:\/\/trade.colart.com\/fr\/product\/winsor-newton-galeria-acrylic-colour-5x60ml-tubes-set-pastel\/"},"modified":"2026-04-17T13:11:44","modified_gmt":"2026-04-17T13:11:44","slug":"winsor-newton-galeria-acrylic-colour-5x60ml-tubes-set-quadrichromie-process","status":"publish","type":"product","link":"https:\/\/trade.colart.com\/fr\/product\/winsor-newton-galeria-acrylic-colour-5x60ml-tubes-set-quadrichromie-process\/","title":{"rendered":"Winsor &amp; Newton Galeria Acrylic Colour 5x60ml Tubes Set Quadrichromie \/ Process"},"content":{"rendered":"<p>M\u00e9langez et superposez avec ces peintures acryliques hautement pigment\u00e9es, con\u00e7ues pour une correspondance CMJN pr\u00e9cise et un m\u00e9lange de couleurs exceptionnel. Parfaites pour obtenir des couleurs r\u00e9alistes et des possibilit\u00e9s artistiques infinies.<\/p>\n","protected":false},"excerpt":{"rendered":"<p>M\u00e9langez et superposez avec ces peintures acryliques hautement pigment\u00e9es, con\u00e7ues pour une correspondance CMJN pr\u00e9cise et un m\u00e9lange de couleurs exceptionnel. Parfaites pour obtenir des couleurs r\u00e9alistes et des possibilit\u00e9s artistiques infinies. <span class=\"more_dots\">&#8230;<\/span><\/p>\n<p><a class=\"btn btn-secondary understrap-read-more-link\" href=\"https:\/\/trade.colart.com\/fr\/product\/winsor-newton-galeria-acrylic-colour-5x60ml-tubes-set-quadrichromie-process\/\">Read More&#8230;<span class=\"screen-reader-text\"> from Winsor &amp; Newton Galeria Acrylic Colour 5x60ml Tubes Set Quadrichromie \/ Process<\/span><\/a><\/p>\n","protected":false},"featured_media":69744,"comment_status":"closed","ping_status":"closed","template":"","meta":{"_acf_changed":false},"product_brand":[],"product_cat":[319,318],"product_tag":[],"class_list":{"0":"post-69709","1":"product","2":"type-product","3":"status-publish","4":"has-post-thumbnail","6":"product_cat-winsor-newton-couleurs-acrylique-couleurs-acrylique-galeria-sets-acrylique-galeria","7":"product_cat-winsor-newton-coffrets-sets-acrylique-galeria","9":"first","10":"instock","11":"shipping-taxable","12":"purchasable","13":"product-type-simple"},"acf":[],"_links":{"self":[{"href":"https:\/\/trade.colart.com\/fr\/wp-json\/wp\/v2\/product\/69709","targetHints":{"allow":["GET"]}}],"collection":[{"href":"https:\/\/trade.colart.com\/fr\/wp-json\/wp\/v2\/product"}],"about":[{"href":"https:\/\/trade.colart.com\/fr\/wp-json\/wp\/v2\/types\/product"}],"replies":[{"embeddable":true,"href":"https:\/\/trade.colart.com\/fr\/wp-json\/wp\/v2\/comments?post=69709"}],"wp:featuredmedia":[{"embeddable":true,"href":"https:\/\/trade.colart.com\/fr\/wp-json\/wp\/v2\/media\/69744"}],"wp:attachment":[{"href":"https:\/\/trade.colart.com\/fr\/wp-json\/wp\/v2\/media?parent=69709"}],"wp:term":[{"taxonomy":"product_brand","embeddable":true,"href":"https:\/\/trade.colart.com\/fr\/wp-json\/wp\/v2\/product_brand?post=69709"},{"taxonomy":"product_cat","embeddable":true,"href":"https:\/\/trade.colart.com\/fr\/wp-json\/wp\/v2\/product_cat?post=69709"},{"taxonomy":"product_tag","embeddable":true,"href":"https:\/\/trade.colart.com\/fr\/wp-json\/wp\/v2\/product_tag?post=69709"}],"curies":[{"name":"wp","href":"https:\/\/api.w.org\/{rel}","templated":true}]}}