{"id":69828,"date":"2026-04-01T08:53:11","date_gmt":"2026-04-01T08:53:11","guid":{"rendered":"https:\/\/trade.colart.com\/fr\/product\/lefranc-bourgeois-linel-gouache-extra-fine-set-6x14ml-fantasy\/"},"modified":"2026-04-16T10:19:18","modified_gmt":"2026-04-16T10:19:18","slug":"linel-gouache-extra-fine-set-6x14ml-fantasy","status":"publish","type":"product","link":"https:\/\/trade.colart.com\/fr\/product\/linel-gouache-extra-fine-set-6x14ml-fantasy\/","title":{"rendered":"Linel Gouache Extra-Fine Set 6x14ml Fantasy"},"content":{"rendered":"<p>Le Set Fantasy, par l\u2019artiste Pawm, fan de d\u00e9cors de jeux vid\u00e9os et des studios Ghibli, permet de r\u00e9aliser une \u0153uvre abstraite de la voie lact\u00e9e.<br \/>\nElle aime beaucoup utiliser la gouache Linel pour sa qualit\u00e9 et ses couleurs tr\u00e8s pigment\u00e9es.<br \/>\n Elle a s\u00e9lectionn\u00e9 les couleurs suivantes : Rose Tyrien, Bleu Turquoise, Vert Acacia, Jaune de Naples, Gris de Payne et Blanc Super Couvrant.<br \/>\nUn QRcode renvoie \u00e0 un tutoriel pas-\u00e0-pas pour r\u00e9aliser l&#8217;oeuvre de l&#8217;artiste.<\/p>\n","protected":false},"excerpt":{"rendered":"<p>Le Set Fantasy, par l\u2019artiste Pawm, fan de d\u00e9cors de jeux vid\u00e9os et des studios Ghibli, permet de r\u00e9aliser une \u0153uvre abstraite de la voie lact\u00e9e.<br \/>\nElle aime beaucoup utiliser la gouache Linel pour sa qualit\u00e9 et ses couleurs tr\u00e8s pigment\u00e9es.<br \/>\n Elle a s\u00e9lectionn\u00e9 les couleurs suivantes : Rose Tyrien, Bleu Turquoise, Vert Acacia, Jaune de Naples, Gris de Payne et Blanc Super Couvrant.<br \/>\nUn QRcode renvoie \u00e0 un tutoriel pas-\u00e0-pas pour r\u00e9aliser l&#8217;oeuvre de l&#8217;artiste. <span class=\"more_dots\">&#8230;<\/span><\/p>\n<p><a class=\"btn btn-secondary understrap-read-more-link\" href=\"https:\/\/trade.colart.com\/fr\/product\/linel-gouache-extra-fine-set-6x14ml-fantasy\/\">Read More&#8230;<span class=\"screen-reader-text\"> from Linel Gouache Extra-Fine Set 6x14ml Fantasy<\/span><\/a><\/p>\n","protected":false},"featured_media":69831,"comment_status":"closed","ping_status":"closed","template":"","meta":{"_acf_changed":false},"product_brand":[],"product_cat":[2826],"product_tag":[175],"class_list":{"0":"post-69828","1":"product","2":"type-product","3":"status-publish","4":"has-post-thumbnail","6":"product_cat-lefranc-bourgeois-beaux-arts-gouache-gouache-extra-fine-linel-sets-extra-fine-linel","7":"product_tag-promarker","9":"first","10":"instock","11":"shipping-taxable","12":"purchasable","13":"product-type-simple"},"acf":[],"_links":{"self":[{"href":"https:\/\/trade.colart.com\/fr\/wp-json\/wp\/v2\/product\/69828","targetHints":{"allow":["GET"]}}],"collection":[{"href":"https:\/\/trade.colart.com\/fr\/wp-json\/wp\/v2\/product"}],"about":[{"href":"https:\/\/trade.colart.com\/fr\/wp-json\/wp\/v2\/types\/product"}],"replies":[{"embeddable":true,"href":"https:\/\/trade.colart.com\/fr\/wp-json\/wp\/v2\/comments?post=69828"}],"wp:featuredmedia":[{"embeddable":true,"href":"https:\/\/trade.colart.com\/fr\/wp-json\/wp\/v2\/media\/69831"}],"wp:attachment":[{"href":"https:\/\/trade.colart.com\/fr\/wp-json\/wp\/v2\/media?parent=69828"}],"wp:term":[{"taxonomy":"product_brand","embeddable":true,"href":"https:\/\/trade.colart.com\/fr\/wp-json\/wp\/v2\/product_brand?post=69828"},{"taxonomy":"product_cat","embeddable":true,"href":"https:\/\/trade.colart.com\/fr\/wp-json\/wp\/v2\/product_cat?post=69828"},{"taxonomy":"product_tag","embeddable":true,"href":"https:\/\/trade.colart.com\/fr\/wp-json\/wp\/v2\/product_tag?post=69828"}],"curies":[{"name":"wp","href":"https:\/\/api.w.org\/{rel}","templated":true}]}}