{"id":69829,"date":"2026-04-01T08:53:40","date_gmt":"2026-04-01T08:53:40","guid":{"rendered":"https:\/\/trade.colart.com\/fr\/product\/lefranc-bourgeois-linel-gouache-extra-fine-set-6x14ml-voyage\/"},"modified":"2026-04-16T11:29:39","modified_gmt":"2026-04-16T11:29:39","slug":"set-voyage-nolwenn-studio","status":"publish","type":"product","link":"https:\/\/trade.colart.com\/fr\/product\/set-voyage-nolwenn-studio\/","title":{"rendered":"Set Voyage Nolwenn Studio"},"content":{"rendered":"<p>Le Set Voyage, con\u00e7u avec l\u2019artiste Nolwenn Studio, globe-trotteuse av\u00e9r\u00e9e, invite \u00e0 r\u00e9aliser un paysage exotique.<br \/>\nLes th\u00e8mes r\u00e9currents dans les cr\u00e9ations de Nolwenn sont des plages tropicales, des couchers de soleil, des oiseaux exotiques (comme les cacato\u00e8s), ainsi que des environnements architecturaux inspir\u00e9s par des motifs m\u00e9diterran\u00e9ens ou marocains (carrelages g\u00e9om\u00e9triques, fontaines en mosa\u00efque, arches et terrasses)<br \/>\nC&#8217;est pourquoi elle a choisi les couleurs suivantes dans son set :  Jaune Japonais Clair, Rose Tyrien, Bleu de Cobalt, Vert de Cobalt Fonc\u00e9, Ocre Jaune et Blanc de Titane.<br \/>\nUn QRcode renvoie \u00e0 un tutoriel pas-\u00e0-pas pour r\u00e9aliser l&#8217;oeuvre de l&#8217;artiste.<\/p>\n","protected":false},"excerpt":{"rendered":"<p>Le Set Voyage, con\u00e7u avec l\u2019artiste Nolwenn Studio, globe-trotteuse av\u00e9r\u00e9e, invite \u00e0 r\u00e9aliser un paysage exotique.<br \/>\nLes th\u00e8mes r\u00e9currents dans les cr\u00e9ations de Nolwenn sont des plages tropicales, des couchers de soleil, des oiseaux exotiques (comme les cacato\u00e8s), ainsi que des environnements architecturaux inspir\u00e9s par des motifs m\u00e9diterran\u00e9ens ou marocains (carrelages g\u00e9om\u00e9triques, fontaines en mosa\u00efque, arches et terrasses)<br \/>\nC&#8217;est pourquoi elle a choisi les couleurs suivantes dans son set :  Jaune Japonais Clair, Rose Tyrien, Bleu de Cobalt, Vert de Cobalt Fonc\u00e9, Ocre Jaune et Blanc de Titane.<br \/>\nUn QRcode renvoie \u00e0 un tutoriel pas-\u00e0-pas pour r\u00e9aliser l&#8217;oeuvre de l&#8217;artiste. <span class=\"more_dots\">&#8230;<\/span><\/p>\n<p><a class=\"btn btn-secondary understrap-read-more-link\" href=\"https:\/\/trade.colart.com\/fr\/product\/set-voyage-nolwenn-studio\/\">Read More&#8230;<span class=\"screen-reader-text\"> from Set Voyage Nolwenn Studio<\/span><\/a><\/p>\n","protected":false},"featured_media":69833,"comment_status":"closed","ping_status":"closed","template":"","meta":{"_acf_changed":false},"product_brand":[],"product_cat":[2826],"product_tag":[175],"class_list":{"0":"post-69829","1":"product","2":"type-product","3":"status-publish","4":"has-post-thumbnail","6":"product_cat-lefranc-bourgeois-beaux-arts-gouache-gouache-extra-fine-linel-sets-extra-fine-linel","7":"product_tag-promarker","9":"first","10":"instock","11":"shipping-taxable","12":"purchasable","13":"product-type-simple"},"acf":[],"_links":{"self":[{"href":"https:\/\/trade.colart.com\/fr\/wp-json\/wp\/v2\/product\/69829","targetHints":{"allow":["GET"]}}],"collection":[{"href":"https:\/\/trade.colart.com\/fr\/wp-json\/wp\/v2\/product"}],"about":[{"href":"https:\/\/trade.colart.com\/fr\/wp-json\/wp\/v2\/types\/product"}],"replies":[{"embeddable":true,"href":"https:\/\/trade.colart.com\/fr\/wp-json\/wp\/v2\/comments?post=69829"}],"wp:featuredmedia":[{"embeddable":true,"href":"https:\/\/trade.colart.com\/fr\/wp-json\/wp\/v2\/media\/69833"}],"wp:attachment":[{"href":"https:\/\/trade.colart.com\/fr\/wp-json\/wp\/v2\/media?parent=69829"}],"wp:term":[{"taxonomy":"product_brand","embeddable":true,"href":"https:\/\/trade.colart.com\/fr\/wp-json\/wp\/v2\/product_brand?post=69829"},{"taxonomy":"product_cat","embeddable":true,"href":"https:\/\/trade.colart.com\/fr\/wp-json\/wp\/v2\/product_cat?post=69829"},{"taxonomy":"product_tag","embeddable":true,"href":"https:\/\/trade.colart.com\/fr\/wp-json\/wp\/v2\/product_tag?post=69829"}],"curies":[{"name":"wp","href":"https:\/\/api.w.org\/{rel}","templated":true}]}}