{"id":69871,"date":"2025-06-18T18:30:19","date_gmt":"2025-06-18T18:30:19","guid":{"rendered":"https:\/\/trade.colart.com\/fr\/product\/winsor-newton-fixatif-pour-pastels-fusains\/"},"modified":"2026-04-15T13:47:21","modified_gmt":"2026-04-15T13:47:21","slug":"winsor-newton-fixatif-pour-pastels-fusains","status":"publish","type":"product","link":"https:\/\/trade.colart.com\/fr\/product\/winsor-newton-fixatif-pour-pastels-fusains\/","title":{"rendered":"Fixatif pour Pastels &amp; Fusains"},"content":{"rendered":"<p>Notre gamme de soins Artists&#8217; vous aidera \u00e0 tirer le meilleur parti de vos outils d&#8217;artiste. La gamme comprend des produits qui peuvent \u00eatre utilis\u00e9s pour nettoyer vos pinceaux et vos mains apr\u00e8s le travail. Cette gamme \u00e9limine les r\u00e9sidus d&#8217;huile, d&#8217;alkyde ou d&#8217;acrylique sans effets nocifs et contient \u00e9galement des hydratants qui revitalisent la peau et les mains.<\/p>\n","protected":false},"excerpt":{"rendered":"<p>En raison de la nature de ces produits, ils ne peuvent \u00eatre exp\u00e9di\u00e9s par avion le lendemain ou en deux jours\u00a0; ils seront exp\u00e9di\u00e9s par voie terrestre. Fixateur incolore de haute qualit\u00e9 pour les dessins au fusain, au pastel sec, au crayon et \u00e0 la craie, afin de les prot\u00e9ger des bavures et des poussi\u00e8res. Convient \u00e9galement pour la fixation interm\u00e9diaire des sous-couches crayeuses afin d&#8217;\u00e9viter que les couches suivantes ne se m\u00e9langent aux couches inf\u00e9rieures. <span class=\"more_dots\">&#8230;<\/span><\/p>\n<p><a class=\"btn btn-secondary understrap-read-more-link\" href=\"https:\/\/trade.colart.com\/fr\/product\/winsor-newton-fixatif-pour-pastels-fusains\/\">Read More&#8230;<span class=\"screen-reader-text\"> from Fixatif pour Pastels &amp; Fusains<\/span><\/a><\/p>\n","protected":false},"featured_media":9502,"comment_status":"open","ping_status":"closed","template":"","meta":{"_acf_changed":false},"product_brand":[],"product_cat":[416],"product_tag":[],"class_list":{"0":"post-69871","1":"product","2":"type-product","3":"status-publish","4":"has-post-thumbnail","6":"product_cat-winsor-newton-additifs-nettoyants-fixatifs","8":"first","9":"instock","10":"shipping-taxable","11":"purchasable","12":"product-type-variable"},"acf":[],"_links":{"self":[{"href":"https:\/\/trade.colart.com\/fr\/wp-json\/wp\/v2\/product\/69871","targetHints":{"allow":["GET"]}}],"collection":[{"href":"https:\/\/trade.colart.com\/fr\/wp-json\/wp\/v2\/product"}],"about":[{"href":"https:\/\/trade.colart.com\/fr\/wp-json\/wp\/v2\/types\/product"}],"replies":[{"embeddable":true,"href":"https:\/\/trade.colart.com\/fr\/wp-json\/wp\/v2\/comments?post=69871"}],"wp:featuredmedia":[{"embeddable":true,"href":"https:\/\/trade.colart.com\/fr\/wp-json\/wp\/v2\/media\/9502"}],"wp:attachment":[{"href":"https:\/\/trade.colart.com\/fr\/wp-json\/wp\/v2\/media?parent=69871"}],"wp:term":[{"taxonomy":"product_brand","embeddable":true,"href":"https:\/\/trade.colart.com\/fr\/wp-json\/wp\/v2\/product_brand?post=69871"},{"taxonomy":"product_cat","embeddable":true,"href":"https:\/\/trade.colart.com\/fr\/wp-json\/wp\/v2\/product_cat?post=69871"},{"taxonomy":"product_tag","embeddable":true,"href":"https:\/\/trade.colart.com\/fr\/wp-json\/wp\/v2\/product_tag?post=69871"}],"curies":[{"name":"wp","href":"https:\/\/api.w.org\/{rel}","templated":true}]}}