{"id":70002,"date":"2026-03-12T23:33:24","date_gmt":"2026-03-12T23:33:24","guid":{"rendered":"https:\/\/trade.colart.com\/fr\/product\/winsor-newton-promarker-trousse-mixte-design-de-interieur\/"},"modified":"2026-04-16T13:15:18","modified_gmt":"2026-04-16T13:15:18","slug":"winsor-newton-promarker-trousse-mixte-design-de-interieur","status":"publish","type":"product","link":"https:\/\/trade.colart.com\/fr\/product\/winsor-newton-promarker-trousse-mixte-design-de-interieur\/","title":{"rendered":"Winsor &amp; Newton Promarker Trousse Mixte Design De Interieur"},"content":{"rendered":"<p>Ce coffret soigneusement s\u00e9lectionn\u00e9 propose un m\u00e9lange de 24 Promarkers et de 3 Fineliners noirs. Avec ses tons neutres et sa vari\u00e9t\u00e9 de pointes pour ajouter de la texture, il est id\u00e9al pour vos projets de design d\u2019int\u00e9rieur.<\/p>\n","protected":false},"excerpt":{"rendered":"<p>Ce coffret soigneusement s\u00e9lectionn\u00e9 propose un m\u00e9lange de 24 Promarkers et de 3 Fineliners noirs. Avec ses tons neutres et sa vari\u00e9t\u00e9 de pointes pour ajouter de la texture, il est id\u00e9al pour vos projets de design d\u2019int\u00e9rieur. <span class=\"more_dots\">&#8230;<\/span><\/p>\n<p><a class=\"btn btn-secondary understrap-read-more-link\" href=\"https:\/\/trade.colart.com\/fr\/product\/winsor-newton-promarker-trousse-mixte-design-de-interieur\/\">Read More&#8230;<span class=\"screen-reader-text\"> from Winsor &amp; Newton Promarker Trousse Mixte Design De Interieur<\/span><\/a><\/p>\n","protected":false},"featured_media":70008,"comment_status":"closed","ping_status":"closed","template":"","meta":{"_acf_changed":false},"product_brand":[],"product_cat":[4941],"product_tag":[],"class_list":{"0":"post-70002","1":"product","2":"type-product","3":"status-publish","4":"has-post-thumbnail","6":"product_cat-winsor-newton-coffrets-mixed-media-sets","8":"first","9":"instock","10":"shipping-taxable","11":"purchasable","12":"product-type-simple"},"acf":[],"_links":{"self":[{"href":"https:\/\/trade.colart.com\/fr\/wp-json\/wp\/v2\/product\/70002","targetHints":{"allow":["GET"]}}],"collection":[{"href":"https:\/\/trade.colart.com\/fr\/wp-json\/wp\/v2\/product"}],"about":[{"href":"https:\/\/trade.colart.com\/fr\/wp-json\/wp\/v2\/types\/product"}],"replies":[{"embeddable":true,"href":"https:\/\/trade.colart.com\/fr\/wp-json\/wp\/v2\/comments?post=70002"}],"wp:featuredmedia":[{"embeddable":true,"href":"https:\/\/trade.colart.com\/fr\/wp-json\/wp\/v2\/media\/70008"}],"wp:attachment":[{"href":"https:\/\/trade.colart.com\/fr\/wp-json\/wp\/v2\/media?parent=70002"}],"wp:term":[{"taxonomy":"product_brand","embeddable":true,"href":"https:\/\/trade.colart.com\/fr\/wp-json\/wp\/v2\/product_brand?post=70002"},{"taxonomy":"product_cat","embeddable":true,"href":"https:\/\/trade.colart.com\/fr\/wp-json\/wp\/v2\/product_cat?post=70002"},{"taxonomy":"product_tag","embeddable":true,"href":"https:\/\/trade.colart.com\/fr\/wp-json\/wp\/v2\/product_tag?post=70002"}],"curies":[{"name":"wp","href":"https:\/\/api.w.org\/{rel}","templated":true}]}}