{"id":70118,"date":"2025-07-08T20:56:06","date_gmt":"2025-07-08T20:56:06","guid":{"rendered":"https:\/\/trade.colart.com\/fr\/product\/winsor-newton-pinceaux-en-martre-kolinsky-series-7\/"},"modified":"2026-04-17T12:33:48","modified_gmt":"2026-04-17T12:33:48","slug":"winsor-newton-pinceaux-en-martre-kolinsky-series-7","status":"publish","type":"product","link":"https:\/\/trade.colart.com\/fr\/product\/winsor-newton-pinceaux-en-martre-kolinsky-series-7\/","title":{"rendered":"Pinceaux en Martre Kolinsky Series 7"},"content":{"rendered":"<p><b>The world&#8217;s finest watercolour brush.<\/b><br \/>\n<br \/>Series 7 Kolinsky Sable Brushes are made from only the finest Kolinsky Sable hair in rust-proof, seamless nickel plated ferrules with black polished handles.<br \/>\n<br \/>Series 7 brushes are hand-made in England by our expert brush makers, each with over 10 years experience. In larger sizes, each brush is packed into an individual box with a tag indicating the name of the Series 7 brush maker who made the brush.<br \/>\n<br \/>The standards of quality for this brush were set in 1866, when Her Majesty Queen Victoria gave orders that Winsor &amp; Newton should produce the very finest watercolour brushes in her favourite size, the No.7.Each brush comes to a crisp point and snaps back into shape during use, with the right degree of spring to allow superior control between the brush and surface. The colour flows evenly and consistently from the point, with enough colour carrying capacity in the belly of the brush to allow flowing gestural strokes.<\/p>\n","protected":false},"excerpt":{"rendered":"<p>Pour les d\u00e9tails fins, les lignes et les glacis. Une forme ronde traditionnelle est id\u00e9ale lorsqu&#8217;une pr\u00e9cision et un souci du d\u00e9tail sont requis. <span class=\"more_dots\">&#8230;<\/span><\/p>\n<p><a class=\"btn btn-secondary understrap-read-more-link\" href=\"https:\/\/trade.colart.com\/fr\/product\/winsor-newton-pinceaux-en-martre-kolinsky-series-7\/\">Read More&#8230;<span class=\"screen-reader-text\"> from Pinceaux en Martre Kolinsky Series 7<\/span><\/a><\/p>\n","protected":false},"featured_media":9834,"comment_status":"open","ping_status":"closed","template":"","meta":{"_acf_changed":false},"product_brand":[],"product_cat":[280],"product_tag":[],"class_list":{"0":"post-70118","1":"product","2":"type-product","3":"status-publish","4":"has-post-thumbnail","6":"product_cat-winsor-newton-pinceaux-pinceaux-pour-aquarelle","8":"first","9":"instock","10":"shipping-taxable","11":"purchasable","12":"product-type-variable"},"acf":[],"_links":{"self":[{"href":"https:\/\/trade.colart.com\/fr\/wp-json\/wp\/v2\/product\/70118","targetHints":{"allow":["GET"]}}],"collection":[{"href":"https:\/\/trade.colart.com\/fr\/wp-json\/wp\/v2\/product"}],"about":[{"href":"https:\/\/trade.colart.com\/fr\/wp-json\/wp\/v2\/types\/product"}],"replies":[{"embeddable":true,"href":"https:\/\/trade.colart.com\/fr\/wp-json\/wp\/v2\/comments?post=70118"}],"wp:featuredmedia":[{"embeddable":true,"href":"https:\/\/trade.colart.com\/fr\/wp-json\/wp\/v2\/media\/9834"}],"wp:attachment":[{"href":"https:\/\/trade.colart.com\/fr\/wp-json\/wp\/v2\/media?parent=70118"}],"wp:term":[{"taxonomy":"product_brand","embeddable":true,"href":"https:\/\/trade.colart.com\/fr\/wp-json\/wp\/v2\/product_brand?post=70118"},{"taxonomy":"product_cat","embeddable":true,"href":"https:\/\/trade.colart.com\/fr\/wp-json\/wp\/v2\/product_cat?post=70118"},{"taxonomy":"product_tag","embeddable":true,"href":"https:\/\/trade.colart.com\/fr\/wp-json\/wp\/v2\/product_tag?post=70118"}],"curies":[{"name":"wp","href":"https:\/\/api.w.org\/{rel}","templated":true}]}}