{"id":70120,"date":"2025-07-08T21:29:19","date_gmt":"2025-07-08T21:29:19","guid":{"rendered":"https:\/\/trade.colart.com\/fr\/product\/winsor-newton-pinceaux-en-soie-de-porc-artists\/"},"modified":"2026-04-15T03:24:46","modified_gmt":"2026-04-15T03:24:46","slug":"winsor-newton-pinceaux-en-soie-de-porc-artists","status":"publish","type":"product","link":"https:\/\/trade.colart.com\/fr\/product\/winsor-newton-pinceaux-en-soie-de-porc-artists\/","title":{"rendered":"Pinceaux en Soie de Porc Artists&#8217;"},"content":{"rendered":"<p>Handcrafted using the finest interlocked Chungking bristles, the natural curve of the bristle provides excellent spring and is extremely resilient, retaining its shape far longer than other brushes. The brushes are stiff, the bristles naturally flagged (i.e. split at the ends) allowing large amounts of colour to be carried and applied evenly to the surface.<\/p>\n","protected":false},"excerpt":{"rendered":"<p>Similaire au pinceau us\u00e9 bomb\u00e9 Artists&#8217; en soie de porc, ceux-ci offrent un contr\u00f4le suppl\u00e9mentaire de la couleur. <span class=\"more_dots\">&#8230;<\/span><\/p>\n<p><a class=\"btn btn-secondary understrap-read-more-link\" href=\"https:\/\/trade.colart.com\/fr\/product\/winsor-newton-pinceaux-en-soie-de-porc-artists\/\">Read More&#8230;<span class=\"screen-reader-text\"> from Pinceaux en Soie de Porc Artists&#8217;<\/span><\/a><\/p>\n","protected":false},"featured_media":2765,"comment_status":"open","ping_status":"closed","template":"","meta":{"_acf_changed":false},"product_brand":[],"product_cat":[180],"product_tag":[],"class_list":{"0":"post-70120","1":"product","2":"type-product","3":"status-publish","4":"has-post-thumbnail","6":"product_cat-winsor-newton-pinceaux-pinceaux-pour-huile","8":"first","9":"instock","10":"shipping-taxable","11":"purchasable","12":"product-type-variable"},"acf":[],"_links":{"self":[{"href":"https:\/\/trade.colart.com\/fr\/wp-json\/wp\/v2\/product\/70120","targetHints":{"allow":["GET"]}}],"collection":[{"href":"https:\/\/trade.colart.com\/fr\/wp-json\/wp\/v2\/product"}],"about":[{"href":"https:\/\/trade.colart.com\/fr\/wp-json\/wp\/v2\/types\/product"}],"replies":[{"embeddable":true,"href":"https:\/\/trade.colart.com\/fr\/wp-json\/wp\/v2\/comments?post=70120"}],"wp:featuredmedia":[{"embeddable":true,"href":"https:\/\/trade.colart.com\/fr\/wp-json\/wp\/v2\/media\/2765"}],"wp:attachment":[{"href":"https:\/\/trade.colart.com\/fr\/wp-json\/wp\/v2\/media?parent=70120"}],"wp:term":[{"taxonomy":"product_brand","embeddable":true,"href":"https:\/\/trade.colart.com\/fr\/wp-json\/wp\/v2\/product_brand?post=70120"},{"taxonomy":"product_cat","embeddable":true,"href":"https:\/\/trade.colart.com\/fr\/wp-json\/wp\/v2\/product_cat?post=70120"},{"taxonomy":"product_tag","embeddable":true,"href":"https:\/\/trade.colart.com\/fr\/wp-json\/wp\/v2\/product_tag?post=70120"}],"curies":[{"name":"wp","href":"https:\/\/api.w.org\/{rel}","templated":true}]}}