{"id":70123,"date":"2025-07-08T22:14:23","date_gmt":"2025-07-08T22:14:23","guid":{"rendered":"https:\/\/trade.colart.com\/fr\/product\/winsor-newton-pinceaux-azanta-black\/"},"modified":"2026-04-15T18:57:37","modified_gmt":"2026-04-15T18:57:37","slug":"winsor-newton-pinceaux-azanta-black","status":"publish","type":"product","link":"https:\/\/trade.colart.com\/fr\/product\/winsor-newton-pinceaux-azanta-black\/","title":{"rendered":"Pinceaux Azanta Black"},"content":{"rendered":"<p>A stylish, value for money natural, hog hair brush suitable for oil and acrylic painting.\u00a0It is great for beginners, thanks to its affordability and versatility. With a good degree of stiffness for working with thick bodied colour, the Azanta Black also features a high quality corrosion resistant nickel ferrule.<\/p>\n","protected":false},"excerpt":{"rendered":"<p>T\u00eate courte et plate. Permet de cr\u00e9er des bords tranchants avec ma\u00eetrise. Un pinceau similaire au pinceau standard Court Plat mais \u00e9quip\u00e9 de manches courts. Ces pinceaux conviennent aux travaux \u00e0 petite \u00e9chelle ou aux d\u00e9tails fins et sont \u00e9galement appr\u00e9ci\u00e9s des artistes pour un tout type d&#8217;utilisation. <span class=\"more_dots\">&#8230;<\/span><\/p>\n<p><a class=\"btn btn-secondary understrap-read-more-link\" href=\"https:\/\/trade.colart.com\/fr\/product\/winsor-newton-pinceaux-azanta-black\/\">Read More&#8230;<span class=\"screen-reader-text\"> from Pinceaux Azanta Black<\/span><\/a><\/p>\n","protected":false},"featured_media":9950,"comment_status":"open","ping_status":"closed","template":"","meta":{"_acf_changed":false},"product_brand":[],"product_cat":[180],"product_tag":[823],"class_list":{"0":"post-70123","1":"product","2":"type-product","3":"status-publish","4":"has-post-thumbnail","6":"product_cat-winsor-newton-pinceaux-pinceaux-pour-huile","7":"product_tag-azanta","9":"first","10":"instock","11":"shipping-taxable","12":"purchasable","13":"product-type-variable"},"acf":[],"_links":{"self":[{"href":"https:\/\/trade.colart.com\/fr\/wp-json\/wp\/v2\/product\/70123","targetHints":{"allow":["GET"]}}],"collection":[{"href":"https:\/\/trade.colart.com\/fr\/wp-json\/wp\/v2\/product"}],"about":[{"href":"https:\/\/trade.colart.com\/fr\/wp-json\/wp\/v2\/types\/product"}],"replies":[{"embeddable":true,"href":"https:\/\/trade.colart.com\/fr\/wp-json\/wp\/v2\/comments?post=70123"}],"wp:featuredmedia":[{"embeddable":true,"href":"https:\/\/trade.colart.com\/fr\/wp-json\/wp\/v2\/media\/9950"}],"wp:attachment":[{"href":"https:\/\/trade.colart.com\/fr\/wp-json\/wp\/v2\/media?parent=70123"}],"wp:term":[{"taxonomy":"product_brand","embeddable":true,"href":"https:\/\/trade.colart.com\/fr\/wp-json\/wp\/v2\/product_brand?post=70123"},{"taxonomy":"product_cat","embeddable":true,"href":"https:\/\/trade.colart.com\/fr\/wp-json\/wp\/v2\/product_cat?post=70123"},{"taxonomy":"product_tag","embeddable":true,"href":"https:\/\/trade.colart.com\/fr\/wp-json\/wp\/v2\/product_tag?post=70123"}],"curies":[{"name":"wp","href":"https:\/\/api.w.org\/{rel}","templated":true}]}}