{"id":70137,"date":"2025-07-10T15:20:54","date_gmt":"2025-07-10T15:20:54","guid":{"rendered":"https:\/\/trade.colart.com\/fr\/product\/winsor-newton-pinceaux-petit-gris-aquarelle-professionnelle\/"},"modified":"2026-04-16T13:19:54","modified_gmt":"2026-04-16T13:19:54","slug":"winsor-newton-pinceaux-petit-gris-aquarelle-professionnelle","status":"publish","type":"product","link":"https:\/\/trade.colart.com\/fr\/product\/winsor-newton-pinceaux-petit-gris-aquarelle-professionnelle\/","title":{"rendered":"Pinceaux Petit-Gris Aquarelle Professionnelle"},"content":{"rendered":"<p>Designed for use with watercolour and ideal for large washes and blending. Professional Watercolour Squirrel Brushes are made from the finest quality pure Russian Squirrel hair. The conical shape and thick belly provide excellent colour carrying capacity and control. These hand-crafted brushes use natural traditional methods for the quill &#8211; ensuring maximum responsiveness and flexibility.<\/p>\n","protected":false},"excerpt":{"rendered":"<p>Les pinceaux Winsor &amp; Newton Petit Gris sont fabriqu\u00e9s \u00e0 partir des meilleurs poils d&#8217;\u00e9cureuil, id\u00e9aux pour les lavis \u00e0 l&#8217;aquarelle. Les poils d&#8217;\u00e9cureuil bleu purs sont tr\u00e8s fins, relativement minces et coniques, avec des ventres \u00e9pais, permettant au pinceau de retenir une grande quantit\u00e9 de couleur. Ils se terminent en une pointe tr\u00e8s fine, offrant un contr\u00f4le parfait pour les lavis, et la douceur naturelle des poils assure leur r\u00e9activit\u00e9. Ces pinceaux faits \u00e0 la main utilisent des m\u00e9thodes traditionnelles naturelles pour la virole, assurant une r\u00e9activit\u00e9 et une flexibilit\u00e9 maximales. Ils sont \u00e9galement utiles pour la gouache, la peinture sur soie et toute application de couleur fluide. <span class=\"more_dots\">&#8230;<\/span><\/p>\n<p><a class=\"btn btn-secondary understrap-read-more-link\" href=\"https:\/\/trade.colart.com\/fr\/product\/winsor-newton-pinceaux-petit-gris-aquarelle-professionnelle\/\">Read More&#8230;<span class=\"screen-reader-text\"> from Pinceaux Petit-Gris Aquarelle Professionnelle<\/span><\/a><\/p>\n","protected":false},"featured_media":9589,"comment_status":"open","ping_status":"closed","template":"","meta":{"_acf_changed":false},"product_brand":[],"product_cat":[280],"product_tag":[],"class_list":{"0":"post-70137","1":"product","2":"type-product","3":"status-publish","4":"has-post-thumbnail","6":"product_cat-winsor-newton-pinceaux-pinceaux-pour-aquarelle","8":"first","9":"instock","10":"shipping-taxable","11":"purchasable","12":"product-type-variable"},"acf":[],"_links":{"self":[{"href":"https:\/\/trade.colart.com\/fr\/wp-json\/wp\/v2\/product\/70137","targetHints":{"allow":["GET"]}}],"collection":[{"href":"https:\/\/trade.colart.com\/fr\/wp-json\/wp\/v2\/product"}],"about":[{"href":"https:\/\/trade.colart.com\/fr\/wp-json\/wp\/v2\/types\/product"}],"replies":[{"embeddable":true,"href":"https:\/\/trade.colart.com\/fr\/wp-json\/wp\/v2\/comments?post=70137"}],"wp:featuredmedia":[{"embeddable":true,"href":"https:\/\/trade.colart.com\/fr\/wp-json\/wp\/v2\/media\/9589"}],"wp:attachment":[{"href":"https:\/\/trade.colart.com\/fr\/wp-json\/wp\/v2\/media?parent=70137"}],"wp:term":[{"taxonomy":"product_brand","embeddable":true,"href":"https:\/\/trade.colart.com\/fr\/wp-json\/wp\/v2\/product_brand?post=70137"},{"taxonomy":"product_cat","embeddable":true,"href":"https:\/\/trade.colart.com\/fr\/wp-json\/wp\/v2\/product_cat?post=70137"},{"taxonomy":"product_tag","embeddable":true,"href":"https:\/\/trade.colart.com\/fr\/wp-json\/wp\/v2\/product_tag?post=70137"}],"curies":[{"name":"wp","href":"https:\/\/api.w.org\/{rel}","templated":true}]}}