{"id":70146,"date":"2025-07-10T15:58:26","date_gmt":"2025-07-10T15:58:26","guid":{"rendered":"https:\/\/trade.colart.com\/fr\/product\/winsor-newton-pinceaux-university\/"},"modified":"2026-04-17T08:51:01","modified_gmt":"2026-04-17T08:51:01","slug":"winsor-newton-pinceaux-university","status":"publish","type":"product","link":"https:\/\/trade.colart.com\/fr\/product\/winsor-newton-pinceaux-university\/","title":{"rendered":"Pinceaux University"},"content":{"rendered":"<p>University is a range of white synthetic general-purpose brushes. Featuring distinctive red handles with white tips, University Brushes are stiff enough to use with more fluid oils yet soft enough to use with watercolours. Additionally, when used with oils and acrylics, brush marks are not as visible. University brushes offer excellent spring controllability and will last a considerable length of time if properly cared for. They offer an affordable option for students or those looking for a multi-purpose brush.<\/p>\n","protected":false},"excerpt":{"rendered":"<p>Une t\u00eate courte et plate pour cr\u00e9er des bords tranchants avec contr\u00f4le. Similaire \u00e0 la s\u00e9rie 237 mais avec un manche court pour un meilleur contr\u00f4le. <span class=\"more_dots\">&#8230;<\/span><\/p>\n<p><a class=\"btn btn-secondary understrap-read-more-link\" href=\"https:\/\/trade.colart.com\/fr\/product\/winsor-newton-pinceaux-university\/\">Read More&#8230;<span class=\"screen-reader-text\"> from Pinceaux University<\/span><\/a><\/p>\n","protected":false},"featured_media":506,"comment_status":"open","ping_status":"closed","template":"","meta":{"_acf_changed":false},"product_brand":[],"product_cat":[143],"product_tag":[],"class_list":{"0":"post-70146","1":"product","2":"type-product","3":"status-publish","4":"has-post-thumbnail","6":"product_cat-winsor-newton-pinceaux-pinceaux-pour-acrylique","8":"first","9":"instock","10":"shipping-taxable","11":"purchasable","12":"product-type-variable"},"acf":[],"_links":{"self":[{"href":"https:\/\/trade.colart.com\/fr\/wp-json\/wp\/v2\/product\/70146","targetHints":{"allow":["GET"]}}],"collection":[{"href":"https:\/\/trade.colart.com\/fr\/wp-json\/wp\/v2\/product"}],"about":[{"href":"https:\/\/trade.colart.com\/fr\/wp-json\/wp\/v2\/types\/product"}],"replies":[{"embeddable":true,"href":"https:\/\/trade.colart.com\/fr\/wp-json\/wp\/v2\/comments?post=70146"}],"wp:featuredmedia":[{"embeddable":true,"href":"https:\/\/trade.colart.com\/fr\/wp-json\/wp\/v2\/media\/506"}],"wp:attachment":[{"href":"https:\/\/trade.colart.com\/fr\/wp-json\/wp\/v2\/media?parent=70146"}],"wp:term":[{"taxonomy":"product_brand","embeddable":true,"href":"https:\/\/trade.colart.com\/fr\/wp-json\/wp\/v2\/product_brand?post=70146"},{"taxonomy":"product_cat","embeddable":true,"href":"https:\/\/trade.colart.com\/fr\/wp-json\/wp\/v2\/product_cat?post=70146"},{"taxonomy":"product_tag","embeddable":true,"href":"https:\/\/trade.colart.com\/fr\/wp-json\/wp\/v2\/product_tag?post=70146"}],"curies":[{"name":"wp","href":"https:\/\/api.w.org\/{rel}","templated":true}]}}