{"id":70843,"date":"2026-03-12T23:32:13","date_gmt":"2026-03-12T23:32:13","guid":{"rendered":"https:\/\/trade.colart.com\/fr\/product\/winsor-newton-huile-artists-5-x-37-ml-tubes-set-primaire\/"},"modified":"2026-04-09T12:15:18","modified_gmt":"2026-04-09T12:15:18","slug":"winsor-newton-huile-artists-5-x-37-ml-tubes-set-primaire","status":"publish","type":"product","link":"https:\/\/trade.colart.com\/fr\/product\/winsor-newton-huile-artists-5-x-37-ml-tubes-set-primaire\/","title":{"rendered":"Winsor &amp; Newton Huile Artists&#8217; 5 x 37 ml tubes Set Primaire"},"content":{"rendered":"<p>M\u00e9langez, exp\u00e9rimentez et cr\u00e9ez avec notre ensemble de couleurs primaires formul\u00e9 par des experts pour inspirer une palette de possibilit\u00e9s infinies.<\/p>\n","protected":false},"excerpt":{"rendered":"<p>M\u00e9langez, exp\u00e9rimentez et cr\u00e9ez avec notre ensemble de couleurs primaires formul\u00e9 par des experts pour inspirer une palette de possibilit\u00e9s infinies. <span class=\"more_dots\">&#8230;<\/span><\/p>\n<p><a class=\"btn btn-secondary understrap-read-more-link\" href=\"https:\/\/trade.colart.com\/fr\/product\/winsor-newton-huile-artists-5-x-37-ml-tubes-set-primaire\/\">Read More&#8230;<span class=\"screen-reader-text\"> from Winsor &amp; Newton Huile Artists&#8217; 5 x 37 ml tubes Set Primaire<\/span><\/a><\/p>\n","protected":false},"featured_media":70852,"comment_status":"closed","ping_status":"closed","template":"","meta":{"_acf_changed":false},"product_brand":[],"product_cat":[315,314],"product_tag":[],"class_list":{"0":"post-70843","1":"product","2":"type-product","3":"status-publish","4":"has-post-thumbnail","6":"product_cat-winsor-newton-couleurs-couleur-a-lhuile-couleurs-huile-extra-fine-artists-sets-huile-extra-fine-artists","7":"product_cat-winsor-newton-coffrets-sets-huile-extra-fine-artists","9":"first","10":"instock","11":"shipping-taxable","12":"purchasable","13":"product-type-simple"},"acf":[],"_links":{"self":[{"href":"https:\/\/trade.colart.com\/fr\/wp-json\/wp\/v2\/product\/70843","targetHints":{"allow":["GET"]}}],"collection":[{"href":"https:\/\/trade.colart.com\/fr\/wp-json\/wp\/v2\/product"}],"about":[{"href":"https:\/\/trade.colart.com\/fr\/wp-json\/wp\/v2\/types\/product"}],"replies":[{"embeddable":true,"href":"https:\/\/trade.colart.com\/fr\/wp-json\/wp\/v2\/comments?post=70843"}],"wp:featuredmedia":[{"embeddable":true,"href":"https:\/\/trade.colart.com\/fr\/wp-json\/wp\/v2\/media\/70852"}],"wp:attachment":[{"href":"https:\/\/trade.colart.com\/fr\/wp-json\/wp\/v2\/media?parent=70843"}],"wp:term":[{"taxonomy":"product_brand","embeddable":true,"href":"https:\/\/trade.colart.com\/fr\/wp-json\/wp\/v2\/product_brand?post=70843"},{"taxonomy":"product_cat","embeddable":true,"href":"https:\/\/trade.colart.com\/fr\/wp-json\/wp\/v2\/product_cat?post=70843"},{"taxonomy":"product_tag","embeddable":true,"href":"https:\/\/trade.colart.com\/fr\/wp-json\/wp\/v2\/product_tag?post=70843"}],"curies":[{"name":"wp","href":"https:\/\/api.w.org\/{rel}","templated":true}]}}