{"id":70864,"date":"2026-03-12T23:32:32","date_gmt":"2026-03-12T23:32:32","guid":{"rendered":"https:\/\/trade.colart.com\/fr\/product\/winsor-newton-huile-winton-set-37-ml-x-5-tubes-paysages-marins\/"},"modified":"2026-04-09T10:52:56","modified_gmt":"2026-04-09T10:52:56","slug":"winsor-newton-huile-winton-set-37-ml-x-5-tubes-paysages-marins","status":"publish","type":"product","link":"https:\/\/trade.colart.com\/fr\/product\/winsor-newton-huile-winton-set-37-ml-x-5-tubes-paysages-marins\/","title":{"rendered":"Winsor &amp; Newton Huile Winton Set 37 ml x 5 tubes Paysages Marins"},"content":{"rendered":"<p>D\u00e9couvrez ce set et cr\u00e9ez des \u0153uvres aux lumi\u00e8res radieuses, aux cieux aux couleurs vivides et aux eaux profondes. Un set parfait pour capturer la beaut\u00e9 des vagues, du littoral et des paysages oc\u00e9aniques sereins.<\/p>\n","protected":false},"excerpt":{"rendered":"<p>D\u00e9couvrez ce set et cr\u00e9ez des \u0153uvres aux lumi\u00e8res radieuses, aux cieux aux couleurs vivides et aux eaux profondes. Un set parfait pour capturer la beaut\u00e9 des vagues, du littoral et des paysages oc\u00e9aniques sereins. <span class=\"more_dots\">&#8230;<\/span><\/p>\n<p><a class=\"btn btn-secondary understrap-read-more-link\" href=\"https:\/\/trade.colart.com\/fr\/product\/winsor-newton-huile-winton-set-37-ml-x-5-tubes-paysages-marins\/\">Read More&#8230;<span class=\"screen-reader-text\"> from Winsor &amp; Newton Huile Winton Set 37 ml x 5 tubes Paysages Marins<\/span><\/a><\/p>\n","protected":false},"featured_media":70902,"comment_status":"closed","ping_status":"closed","template":"","meta":{"_acf_changed":false},"product_brand":[],"product_cat":[276,274],"product_tag":[],"class_list":{"0":"post-70864","1":"product","2":"type-product","3":"status-publish","4":"has-post-thumbnail","6":"product_cat-winsor-newton-couleurs-couleur-a-lhuile-couleurs-huile-fine-winton-sets-huile-fine-winton","7":"product_cat-winsor-newton-coffrets-sets-huile-fine-winton","9":"first","10":"instock","11":"shipping-taxable","12":"purchasable","13":"product-type-simple"},"acf":[],"_links":{"self":[{"href":"https:\/\/trade.colart.com\/fr\/wp-json\/wp\/v2\/product\/70864","targetHints":{"allow":["GET"]}}],"collection":[{"href":"https:\/\/trade.colart.com\/fr\/wp-json\/wp\/v2\/product"}],"about":[{"href":"https:\/\/trade.colart.com\/fr\/wp-json\/wp\/v2\/types\/product"}],"replies":[{"embeddable":true,"href":"https:\/\/trade.colart.com\/fr\/wp-json\/wp\/v2\/comments?post=70864"}],"wp:featuredmedia":[{"embeddable":true,"href":"https:\/\/trade.colart.com\/fr\/wp-json\/wp\/v2\/media\/70902"}],"wp:attachment":[{"href":"https:\/\/trade.colart.com\/fr\/wp-json\/wp\/v2\/media?parent=70864"}],"wp:term":[{"taxonomy":"product_brand","embeddable":true,"href":"https:\/\/trade.colart.com\/fr\/wp-json\/wp\/v2\/product_brand?post=70864"},{"taxonomy":"product_cat","embeddable":true,"href":"https:\/\/trade.colart.com\/fr\/wp-json\/wp\/v2\/product_cat?post=70864"},{"taxonomy":"product_tag","embeddable":true,"href":"https:\/\/trade.colart.com\/fr\/wp-json\/wp\/v2\/product_tag?post=70864"}],"curies":[{"name":"wp","href":"https:\/\/api.w.org\/{rel}","templated":true}]}}