{"id":70871,"date":"2026-03-12T23:32:57","date_gmt":"2026-03-12T23:32:57","guid":{"rendered":"https:\/\/trade.colart.com\/fr\/product\/winsor-newton-huile-winton-set-37-ml-x-3-tubes-fluorescentes\/"},"modified":"2026-04-17T13:12:33","modified_gmt":"2026-04-17T13:12:33","slug":"winsor-newton-huile-winton-set-37-ml-x-3-tubes-fluorescentes","status":"publish","type":"product","link":"https:\/\/trade.colart.com\/fr\/product\/winsor-newton-huile-winton-set-37-ml-x-3-tubes-fluorescentes\/","title":{"rendered":"Winsor &amp; Newton Huile Winton Set 37 ml x 3 tubes Fluorescentes"},"content":{"rendered":"<p>Donnez du pouvoir \u00e0 vos \u0153uvres avec de la luminosit\u00e9 audacieuse, de la vivacit\u00e9 intense ou encore des touches \u00e9lectriques. Parfait pour des \u0153uvres dynamiques et rayonnantes.<\/p>\n","protected":false},"excerpt":{"rendered":"<p>Donnez du pouvoir \u00e0 vos \u0153uvres avec de la luminosit\u00e9 audacieuse, de la vivacit\u00e9 intense ou encore des touches \u00e9lectriques. Parfait pour des \u0153uvres dynamiques et rayonnantes. <span class=\"more_dots\">&#8230;<\/span><\/p>\n<p><a class=\"btn btn-secondary understrap-read-more-link\" href=\"https:\/\/trade.colart.com\/fr\/product\/winsor-newton-huile-winton-set-37-ml-x-3-tubes-fluorescentes\/\">Read More&#8230;<span class=\"screen-reader-text\"> from Winsor &amp; Newton Huile Winton Set 37 ml x 3 tubes Fluorescentes<\/span><\/a><\/p>\n","protected":false},"featured_media":70917,"comment_status":"closed","ping_status":"closed","template":"","meta":{"_acf_changed":false},"product_brand":[],"product_cat":[276,274],"product_tag":[],"class_list":{"0":"post-70871","1":"product","2":"type-product","3":"status-publish","4":"has-post-thumbnail","6":"product_cat-winsor-newton-couleurs-couleur-a-lhuile-couleurs-huile-fine-winton-sets-huile-fine-winton","7":"product_cat-winsor-newton-coffrets-sets-huile-fine-winton","9":"first","10":"instock","11":"shipping-taxable","12":"purchasable","13":"product-type-simple"},"acf":[],"_links":{"self":[{"href":"https:\/\/trade.colart.com\/fr\/wp-json\/wp\/v2\/product\/70871","targetHints":{"allow":["GET"]}}],"collection":[{"href":"https:\/\/trade.colart.com\/fr\/wp-json\/wp\/v2\/product"}],"about":[{"href":"https:\/\/trade.colart.com\/fr\/wp-json\/wp\/v2\/types\/product"}],"replies":[{"embeddable":true,"href":"https:\/\/trade.colart.com\/fr\/wp-json\/wp\/v2\/comments?post=70871"}],"wp:featuredmedia":[{"embeddable":true,"href":"https:\/\/trade.colart.com\/fr\/wp-json\/wp\/v2\/media\/70917"}],"wp:attachment":[{"href":"https:\/\/trade.colart.com\/fr\/wp-json\/wp\/v2\/media?parent=70871"}],"wp:term":[{"taxonomy":"product_brand","embeddable":true,"href":"https:\/\/trade.colart.com\/fr\/wp-json\/wp\/v2\/product_brand?post=70871"},{"taxonomy":"product_cat","embeddable":true,"href":"https:\/\/trade.colart.com\/fr\/wp-json\/wp\/v2\/product_cat?post=70871"},{"taxonomy":"product_tag","embeddable":true,"href":"https:\/\/trade.colart.com\/fr\/wp-json\/wp\/v2\/product_tag?post=70871"}],"curies":[{"name":"wp","href":"https:\/\/api.w.org\/{rel}","templated":true}]}}