{"id":71179,"date":"2026-03-12T20:22:25","date_gmt":"2026-03-12T20:22:25","guid":{"rendered":"https:\/\/trade.colart.com\/fr\/product\/cotman-short-handle-brush-5-pack\/"},"modified":"2026-04-17T09:23:20","modified_gmt":"2026-04-17T09:23:20","slug":"cotman-short-handle-brush-5-pack","status":"publish","type":"product","link":"https:\/\/trade.colart.com\/fr\/product\/cotman-short-handle-brush-5-pack\/","title":{"rendered":"Cotman Short Handle Brush 5 Pack"},"content":{"rendered":"<p>Fabriqu\u00e9 \u00e0 partir de fibres synth\u00e9tiques m\u00e9lang\u00e9es de haute qualit\u00e9 et de diff\u00e9rentes \u00e9paisseurs. Les filaments doux offrent un bon contr\u00f4le du flux, un excellent ressort, une pointe pr\u00e9cise et une grande capacit\u00e9 de transport des couleurs. Contient des pinceaux ronds N\u00b01 et 5, un pinceau \u00e9ventail n\u00b02 et un pinceau biseaut\u00e9 3 mm.<\/p>\n","protected":false},"excerpt":{"rendered":"<p>Fabriqu\u00e9 \u00e0 partir de fibres synth\u00e9tiques m\u00e9lang\u00e9es de haute qualit\u00e9 et de diff\u00e9rentes \u00e9paisseurs. Les filaments doux offrent un bon contr\u00f4le du flux, un excellent ressort, une pointe pr\u00e9cise et une grande capacit\u00e9 de transport des couleurs. Contient des pinceaux ronds N\u00b01 et 5, un pinceau \u00e9ventail n\u00b02 et un pinceau biseaut\u00e9 3 mm. <span class=\"more_dots\">&#8230;<\/span><\/p>\n<p><a class=\"btn btn-secondary understrap-read-more-link\" href=\"https:\/\/trade.colart.com\/fr\/product\/cotman-short-handle-brush-5-pack\/\">Read More&#8230;<span class=\"screen-reader-text\"> from Cotman Short Handle Brush 5 Pack<\/span><\/a><\/p>\n","protected":false},"featured_media":71180,"comment_status":"closed","ping_status":"closed","template":"","meta":{"_acf_changed":false},"product_brand":[],"product_cat":[307,308],"product_tag":[],"class_list":{"0":"post-71179","1":"product","2":"type-product","3":"status-publish","4":"has-post-thumbnail","6":"product_cat-winsor-newton-pinceaux-set-pinceaux","7":"product_cat-winsor-newton-coffrets-sets-pinceaux","9":"first","10":"instock","11":"shipping-taxable","12":"purchasable","13":"product-type-simple"},"acf":[],"_links":{"self":[{"href":"https:\/\/trade.colart.com\/fr\/wp-json\/wp\/v2\/product\/71179","targetHints":{"allow":["GET"]}}],"collection":[{"href":"https:\/\/trade.colart.com\/fr\/wp-json\/wp\/v2\/product"}],"about":[{"href":"https:\/\/trade.colart.com\/fr\/wp-json\/wp\/v2\/types\/product"}],"replies":[{"embeddable":true,"href":"https:\/\/trade.colart.com\/fr\/wp-json\/wp\/v2\/comments?post=71179"}],"wp:featuredmedia":[{"embeddable":true,"href":"https:\/\/trade.colart.com\/fr\/wp-json\/wp\/v2\/media\/71180"}],"wp:attachment":[{"href":"https:\/\/trade.colart.com\/fr\/wp-json\/wp\/v2\/media?parent=71179"}],"wp:term":[{"taxonomy":"product_brand","embeddable":true,"href":"https:\/\/trade.colart.com\/fr\/wp-json\/wp\/v2\/product_brand?post=71179"},{"taxonomy":"product_cat","embeddable":true,"href":"https:\/\/trade.colart.com\/fr\/wp-json\/wp\/v2\/product_cat?post=71179"},{"taxonomy":"product_tag","embeddable":true,"href":"https:\/\/trade.colart.com\/fr\/wp-json\/wp\/v2\/product_tag?post=71179"}],"curies":[{"name":"wp","href":"https:\/\/api.w.org\/{rel}","templated":true}]}}