{"id":71282,"date":"2026-03-12T13:52:52","date_gmt":"2026-03-12T13:52:52","guid":{"rendered":"https:\/\/trade.colart.com\/fr\/product\/set-design-carole-rampinetta\/"},"modified":"2026-04-13T22:19:00","modified_gmt":"2026-04-13T22:19:00","slug":"lefranc-bourgeois-linel-gouache-extra-fine-set-6x14ml-design","status":"publish","type":"product","link":"https:\/\/trade.colart.com\/fr\/product\/lefranc-bourgeois-linel-gouache-extra-fine-set-6x14ml-design\/","title":{"rendered":"Lefranc Bourgeois Linel Gouache Extra-Fine Set 6x14ml Design"},"content":{"rendered":"<p>Le Set Designer de l&#8217;artiste Carole Rampinetta incite \u00e0 r\u00e9aliser et dupliquer le motif des oiseaux color\u00e9s.<br \/>\nLe bleu Rex est pr\u00e9sent dans la grande majorit\u00e9 de ses cr\u00e9ations, c\u2019\u00e9tait donc une \u00e9vidence de le choisir ici accompagn\u00e9 de 5 autres teintes : Ocre Rose, Violet Outremer, Vert Saint-Michel, Jaune Persan et Rouge Rubis.<br \/>\nCes couleurs vibrantes font danser des oiseaux color\u00e9s sur ses feuilles, \u00e0 vous de cr\u00e9er votre propre bal \u00e0 l\u2019aide de la gouache Linel !<br \/>\nUn QRcode renvoie \u00e0 un tutoriel pas-\u00e0-pas pour r\u00e9aliser l&#8217;oeuvre de l&#8217;artiste.<\/p>\n","protected":false},"excerpt":{"rendered":"<p>Le Set Designer de l&#8217;artiste Carole Rampinetta incite \u00e0 r\u00e9aliser et dupliquer le motif des oiseaux color\u00e9s.<br \/>\nLe bleu Rex est pr\u00e9sent dans la grande majorit\u00e9 de ses cr\u00e9ations, c\u2019\u00e9tait donc une \u00e9vidence de le choisir ici accompagn\u00e9 de 5 autres teintes : Ocre Rose, Violet Outremer, Vert Saint-Michel, Jaune Persan et Rouge Rubis.<br \/>\nCes couleurs vibrantes font danser des oiseaux color\u00e9s sur ses feuilles, \u00e0 vous de cr\u00e9er votre propre bal \u00e0 l\u2019aide de la gouache Linel !<br \/>\nUn QRcode renvoie \u00e0 un tutoriel pas-\u00e0-pas pour r\u00e9aliser l&#8217;oeuvre de l&#8217;artiste. <span class=\"more_dots\">&#8230;<\/span><\/p>\n<p><a class=\"btn btn-secondary understrap-read-more-link\" href=\"https:\/\/trade.colart.com\/fr\/product\/lefranc-bourgeois-linel-gouache-extra-fine-set-6x14ml-design\/\">Read More&#8230;<span class=\"screen-reader-text\"> from Lefranc Bourgeois Linel Gouache Extra-Fine Set 6x14ml Design<\/span><\/a><\/p>\n","protected":false},"featured_media":69834,"comment_status":"closed","ping_status":"closed","template":"","meta":{"_acf_changed":false},"product_brand":[],"product_cat":[2826],"product_tag":[175],"class_list":{"0":"post-71282","1":"product","2":"type-product","3":"status-publish","4":"has-post-thumbnail","6":"product_cat-lefranc-bourgeois-beaux-arts-gouache-gouache-extra-fine-linel-sets-extra-fine-linel","7":"product_tag-promarker","9":"first","10":"instock","11":"shipping-taxable","12":"purchasable","13":"product-type-simple"},"acf":[],"_links":{"self":[{"href":"https:\/\/trade.colart.com\/fr\/wp-json\/wp\/v2\/product\/71282","targetHints":{"allow":["GET"]}}],"collection":[{"href":"https:\/\/trade.colart.com\/fr\/wp-json\/wp\/v2\/product"}],"about":[{"href":"https:\/\/trade.colart.com\/fr\/wp-json\/wp\/v2\/types\/product"}],"replies":[{"embeddable":true,"href":"https:\/\/trade.colart.com\/fr\/wp-json\/wp\/v2\/comments?post=71282"}],"wp:featuredmedia":[{"embeddable":true,"href":"https:\/\/trade.colart.com\/fr\/wp-json\/wp\/v2\/media\/69834"}],"wp:attachment":[{"href":"https:\/\/trade.colart.com\/fr\/wp-json\/wp\/v2\/media?parent=71282"}],"wp:term":[{"taxonomy":"product_brand","embeddable":true,"href":"https:\/\/trade.colart.com\/fr\/wp-json\/wp\/v2\/product_brand?post=71282"},{"taxonomy":"product_cat","embeddable":true,"href":"https:\/\/trade.colart.com\/fr\/wp-json\/wp\/v2\/product_cat?post=71282"},{"taxonomy":"product_tag","embeddable":true,"href":"https:\/\/trade.colart.com\/fr\/wp-json\/wp\/v2\/product_tag?post=71282"}],"curies":[{"name":"wp","href":"https:\/\/api.w.org\/{rel}","templated":true}]}}