{"id":71563,"date":"2026-03-12T13:55:08","date_gmt":"2026-03-12T13:55:08","guid":{"rendered":"https:\/\/trade.colart.com\/fr\/product\/lefranc-bourgeois-huile-extra-fine-set-giverny-12x20ml\/"},"modified":"2026-04-13T07:21:55","modified_gmt":"2026-04-13T07:21:55","slug":"set-huile-extra-fine-12x20ml-collection-impressionniste","status":"publish","type":"product","link":"https:\/\/trade.colart.com\/fr\/product\/set-huile-extra-fine-12x20ml-collection-impressionniste\/","title":{"rendered":"Set Huile Extra Fine 12x20ml &#8211; Collection Impressionniste"},"content":{"rendered":"<p>Le set de 12 couleurs est le compagnon id\u00e9al pour ceux qui souhaitent approfondir leur pratique, explorer davantage de possibilit\u00e9s expressives et capturer les nuances les plus d\u00e9licates du paysage, de la peau, de l&#8217;eau ou du ciel, tout ce qui rend l&#8217;impressionnisme si magique. Ces teintes embl\u00e9matiques, \u00e9quilibr\u00e9es et lumineuses permettent de recr\u00e9er facilement les atmosph\u00e8res vibrantes, les jeux de lumi\u00e8re et les nuances d\u00e9licates caract\u00e9ristiques de l&#8217;impressionnisme. La qualit\u00e9 extra-fine garantit une texture cr\u00e9meuse, une concentration \u00e9lev\u00e9e en pigments et une durabilit\u00e9 exceptionnelle. Pourquoi vous allez l&#8217;adorer :<br \/>\n\u2022 Une s\u00e9lection professionnelle directement inspir\u00e9e de la palette impressionniste<br \/>\n\u2022 Id\u00e9al pour travailler les effets de lumi\u00e8re, les d\u00e9grad\u00e9s subtils et les contrastes atmosph\u00e9riques<br \/>\n\u2022 Des pigments intenses pour un fini vibrant et durable<br \/>\n\u2022 Convient aussi bien aux artistes exp\u00e9riment\u00e9s qu&#8217;aux amateurs passionn\u00e9s<br \/>\n\u2022 Un coffret \u00e9l\u00e9gant, parfait comme cadeau ou pour compl\u00e9ter votre mat\u00e9riel de cr\u00e9ation<br \/>\n\u2022 Un QR code renvoie \u00e0 la page Giverny o\u00f9 Olivier Masmonteil vous d\u00e9voile tout sur les<br \/>\nNymph\u00e9as.<br \/>\nLe coffret indispensable pour donner vie \u00e0 toutes vos<br \/>\n\u0153uvres impressionnistes !<\/p>\n","protected":false},"excerpt":{"rendered":"<p>Le set de 12 couleurs est le compagnon id\u00e9al pour ceux qui souhaitent approfondir leur pratique, explorer davantage de possibilit\u00e9s expressives et capturer les nuances les plus d\u00e9licates du paysage, de la peau, de l&#8217;eau ou du ciel, tout ce qui rend l&#8217;impressionnisme si magique. Ces teintes embl\u00e9matiques, \u00e9quilibr\u00e9es et lumineuses permettent de recr\u00e9er facilement les atmosph\u00e8res vibrantes, les jeux de lumi\u00e8re et les nuances d\u00e9licates caract\u00e9ristiques de l&#8217;impressionnisme. La qualit\u00e9 extra-fine garantit une texture cr\u00e9meuse, une concentration \u00e9lev\u00e9e en pigments et une durabilit\u00e9 exceptionnelle. Pourquoi vous allez l&#8217;adorer :<br \/>\n\u2022 Une s\u00e9lection professionnelle directement inspir\u00e9e de la palette impressionniste<br \/>\n\u2022 Id\u00e9al pour travailler les effets de lumi\u00e8re, les d\u00e9grad\u00e9s subtils et les contrastes atmosph\u00e9riques<br \/>\n\u2022 Des pigments intenses pour un fini vibrant et durable<br \/>\n\u2022 Convient aussi bien aux artistes exp\u00e9riment\u00e9s qu&#8217;aux amateurs passionn\u00e9s<br \/>\n\u2022 Un coffret \u00e9l\u00e9gant, parfait comme cadeau ou pour compl\u00e9ter votre mat\u00e9riel de cr\u00e9ation<br \/>\n\u2022 Un QR code renvoie \u00e0 la page Giverny o\u00f9 Olivier Masmonteil vous d\u00e9voile tout sur les<br \/>\nNymph\u00e9as.<br \/>\nLe coffret indispensable pour donner vie \u00e0 toutes vos<br \/>\n\u0153uvres impressionnistes ! <span class=\"more_dots\">&#8230;<\/span><\/p>\n<p><a class=\"btn btn-secondary understrap-read-more-link\" href=\"https:\/\/trade.colart.com\/fr\/product\/set-huile-extra-fine-12x20ml-collection-impressionniste\/\">Read More&#8230;<span class=\"screen-reader-text\"> from Set Huile Extra Fine 12x20ml &#8211; Collection Impressionniste<\/span><\/a><\/p>\n","protected":false},"featured_media":71564,"comment_status":"closed","ping_status":"closed","template":"","meta":{"_acf_changed":false},"product_brand":[],"product_cat":[2814],"product_tag":[],"class_list":{"0":"post-71563","1":"product","2":"type-product","3":"status-publish","4":"has-post-thumbnail","6":"product_cat-lefranc-bourgeois-beaux-arts-huile-huile-lefranc-sets-huile-lefranc","8":"first","9":"instock","10":"shipping-taxable","11":"purchasable","12":"product-type-simple"},"acf":[],"_links":{"self":[{"href":"https:\/\/trade.colart.com\/fr\/wp-json\/wp\/v2\/product\/71563","targetHints":{"allow":["GET"]}}],"collection":[{"href":"https:\/\/trade.colart.com\/fr\/wp-json\/wp\/v2\/product"}],"about":[{"href":"https:\/\/trade.colart.com\/fr\/wp-json\/wp\/v2\/types\/product"}],"replies":[{"embeddable":true,"href":"https:\/\/trade.colart.com\/fr\/wp-json\/wp\/v2\/comments?post=71563"}],"wp:featuredmedia":[{"embeddable":true,"href":"https:\/\/trade.colart.com\/fr\/wp-json\/wp\/v2\/media\/71564"}],"wp:attachment":[{"href":"https:\/\/trade.colart.com\/fr\/wp-json\/wp\/v2\/media?parent=71563"}],"wp:term":[{"taxonomy":"product_brand","embeddable":true,"href":"https:\/\/trade.colart.com\/fr\/wp-json\/wp\/v2\/product_brand?post=71563"},{"taxonomy":"product_cat","embeddable":true,"href":"https:\/\/trade.colart.com\/fr\/wp-json\/wp\/v2\/product_cat?post=71563"},{"taxonomy":"product_tag","embeddable":true,"href":"https:\/\/trade.colart.com\/fr\/wp-json\/wp\/v2\/product_tag?post=71563"}],"curies":[{"name":"wp","href":"https:\/\/api.w.org\/{rel}","templated":true}]}}