{"id":71826,"date":"2026-01-02T01:18:58","date_gmt":"2026-01-02T01:18:58","guid":{"rendered":"https:\/\/trade.colart.com\/fr\/product\/liquitex-couteau-a-peindre\/"},"modified":"2026-04-17T09:02:13","modified_gmt":"2026-04-17T09:02:13","slug":"liquitex-couteau-a-peindre","status":"publish","type":"product","link":"https:\/\/trade.colart.com\/fr\/product\/liquitex-couteau-a-peindre\/","title":{"rendered":"Couteau \u00e0 Peindre"},"content":{"rendered":"<p>Couteaux larges et couteaux \u00e0 palette professionnels de haute qualit\u00e9 et r\u00e9sistants \u00e0 l&#8217;usure. Con\u00e7us avec des lames en acier inoxydable solides et r\u00e9sistantes \u00e0 la corrosion. Les poign\u00e9es ergonomiques am\u00e9liorent la prise en main et le confort d&#8217;utilisation. Les lames plus grandes sont rivet\u00e9es afin d&#8217;accro\u00eetre la durabilit\u00e9 et la robustesse lors de maniements de charges de mati\u00e8res plus lourdes.<\/p>\n","protected":false},"excerpt":{"rendered":"<p>Manipulez de grandes quantit\u00e9s de mati\u00e8re avec ce couteau large professionnel. Con\u00e7u pour un usage intensif et durable, la lame en acier inoxydable, \u00e0 la fois solide et flexible, est solidement rivet\u00e9e dans le manche pour r\u00e9sister \u00e0 l&#8217;usure et \u00e0 la corrosion. Le manche repose confortablement dans la main gr\u00e2ce \u00e0 sa forme ergonomique. <span class=\"more_dots\">&#8230;<\/span><\/p>\n<p><a class=\"btn btn-secondary understrap-read-more-link\" href=\"https:\/\/trade.colart.com\/fr\/product\/liquitex-couteau-a-peindre\/\">Read More&#8230;<span class=\"screen-reader-text\"> from Couteau \u00e0 Peindre<\/span><\/a><\/p>\n","protected":false},"featured_media":10835,"comment_status":"open","ping_status":"closed","template":"","meta":{"_acf_changed":false},"product_brand":[],"product_cat":[949],"product_tag":[175],"class_list":{"0":"post-71826","1":"product","2":"type-product","3":"status-publish","4":"has-post-thumbnail","6":"product_cat-liquitex-produit-gamme-acrylique-professionnelle-outils-couteaux","7":"product_tag-promarker","9":"first","10":"instock","11":"shipping-taxable","12":"purchasable","13":"product-type-variable"},"acf":[],"_links":{"self":[{"href":"https:\/\/trade.colart.com\/fr\/wp-json\/wp\/v2\/product\/71826","targetHints":{"allow":["GET"]}}],"collection":[{"href":"https:\/\/trade.colart.com\/fr\/wp-json\/wp\/v2\/product"}],"about":[{"href":"https:\/\/trade.colart.com\/fr\/wp-json\/wp\/v2\/types\/product"}],"replies":[{"embeddable":true,"href":"https:\/\/trade.colart.com\/fr\/wp-json\/wp\/v2\/comments?post=71826"}],"wp:featuredmedia":[{"embeddable":true,"href":"https:\/\/trade.colart.com\/fr\/wp-json\/wp\/v2\/media\/10835"}],"wp:attachment":[{"href":"https:\/\/trade.colart.com\/fr\/wp-json\/wp\/v2\/media?parent=71826"}],"wp:term":[{"taxonomy":"product_brand","embeddable":true,"href":"https:\/\/trade.colart.com\/fr\/wp-json\/wp\/v2\/product_brand?post=71826"},{"taxonomy":"product_cat","embeddable":true,"href":"https:\/\/trade.colart.com\/fr\/wp-json\/wp\/v2\/product_cat?post=71826"},{"taxonomy":"product_tag","embeddable":true,"href":"https:\/\/trade.colart.com\/fr\/wp-json\/wp\/v2\/product_tag?post=71826"}],"curies":[{"name":"wp","href":"https:\/\/api.w.org\/{rel}","templated":true}]}}