{"id":72161,"date":"2026-03-12T23:35:27","date_gmt":"2026-03-12T23:35:27","guid":{"rendered":"https:\/\/trade.colart.com\/fr\/product\/winsor-newton-galeria-acrylic-colour-6x20ml-set\/"},"modified":"2026-04-15T10:10:12","modified_gmt":"2026-04-15T10:10:12","slug":"winsor-newton-galeria-acrylique-set-6x20ml-fluorescent","status":"publish","type":"product","link":"https:\/\/trade.colart.com\/fr\/product\/winsor-newton-galeria-acrylique-set-6x20ml-fluorescent\/","title":{"rendered":"Winsor &amp; Newton Galeria Acrylique Set 6x20ml Fluorescent"},"content":{"rendered":"<p>D\u00e9couvrez six couleurs acryliques fluorescentes pour un impact visuel saisissant, une application facile et une intensit\u00e9 \u00e9clatante \u2013 id\u00e9ales pour les artistes de tous niveaux.<\/p>\n","protected":false},"excerpt":{"rendered":"<p>D\u00e9couvrez six couleurs acryliques fluorescentes pour un impact visuel saisissant, une application facile et une intensit\u00e9 \u00e9clatante \u2013 id\u00e9ales pour les artistes de tous niveaux. <span class=\"more_dots\">&#8230;<\/span><\/p>\n<p><a class=\"btn btn-secondary understrap-read-more-link\" href=\"https:\/\/trade.colart.com\/fr\/product\/winsor-newton-galeria-acrylique-set-6x20ml-fluorescent\/\">Read More&#8230;<span class=\"screen-reader-text\"> from Winsor &amp; Newton Galeria Acrylique Set 6x20ml Fluorescent<\/span><\/a><\/p>\n","protected":false},"featured_media":72162,"comment_status":"closed","ping_status":"closed","template":"","meta":{"_acf_changed":false},"product_brand":[],"product_cat":[319,318],"product_tag":[],"class_list":{"0":"post-72161","1":"product","2":"type-product","3":"status-publish","4":"has-post-thumbnail","6":"product_cat-winsor-newton-couleurs-acrylique-couleurs-acrylique-galeria-sets-acrylique-galeria","7":"product_cat-winsor-newton-coffrets-sets-acrylique-galeria","9":"first","10":"instock","11":"shipping-taxable","12":"purchasable","13":"product-type-simple"},"acf":[],"_links":{"self":[{"href":"https:\/\/trade.colart.com\/fr\/wp-json\/wp\/v2\/product\/72161","targetHints":{"allow":["GET"]}}],"collection":[{"href":"https:\/\/trade.colart.com\/fr\/wp-json\/wp\/v2\/product"}],"about":[{"href":"https:\/\/trade.colart.com\/fr\/wp-json\/wp\/v2\/types\/product"}],"replies":[{"embeddable":true,"href":"https:\/\/trade.colart.com\/fr\/wp-json\/wp\/v2\/comments?post=72161"}],"wp:featuredmedia":[{"embeddable":true,"href":"https:\/\/trade.colart.com\/fr\/wp-json\/wp\/v2\/media\/72162"}],"wp:attachment":[{"href":"https:\/\/trade.colart.com\/fr\/wp-json\/wp\/v2\/media?parent=72161"}],"wp:term":[{"taxonomy":"product_brand","embeddable":true,"href":"https:\/\/trade.colart.com\/fr\/wp-json\/wp\/v2\/product_brand?post=72161"},{"taxonomy":"product_cat","embeddable":true,"href":"https:\/\/trade.colart.com\/fr\/wp-json\/wp\/v2\/product_cat?post=72161"},{"taxonomy":"product_tag","embeddable":true,"href":"https:\/\/trade.colart.com\/fr\/wp-json\/wp\/v2\/product_tag?post=72161"}],"curies":[{"name":"wp","href":"https:\/\/api.w.org\/{rel}","templated":true}]}}