{"id":72285,"date":"2026-04-10T05:13:23","date_gmt":"2026-04-10T05:13:23","guid":{"rendered":"https:\/\/trade.colart.com\/fr\/product\/winsor-newton-professional-watercolour-set-6x5ml-couleurs-florales\/"},"modified":"2026-04-10T05:13:25","modified_gmt":"2026-04-10T05:13:25","slug":"winsor-newton-professional-watercolour-set-6x5ml-couleurs-florales","status":"publish","type":"product","link":"https:\/\/trade.colart.com\/fr\/product\/winsor-newton-professional-watercolour-set-6x5ml-couleurs-florales\/","title":{"rendered":"Winsor &amp; Newton Professional Watercolour Set 6x5ml Couleurs Florales"},"content":{"rendered":"<p>Ce set floral a \u00e9t\u00e9 cr\u00e9\u00e9 pour tous ceux qui souhaitent explorer les magnifiques possibilit\u00e9s de la nature. Compos\u00e9e de teintes essentielles, Il offre une palette \u00e9quilibr\u00e9e gr\u00e2ce \u00e0 ses couleurs primaires, terreuses et secondaires.<\/p>\n","protected":false},"excerpt":{"rendered":"<p>Ce set floral a \u00e9t\u00e9 cr\u00e9\u00e9 pour tous ceux qui souhaitent explorer les magnifiques possibilit\u00e9s de la nature. Compos\u00e9e de teintes essentielles, Il offre une palette \u00e9quilibr\u00e9e gr\u00e2ce \u00e0 ses couleurs primaires, terreuses et secondaires. <span class=\"more_dots\">&#8230;<\/span><\/p>\n<p><a class=\"btn btn-secondary understrap-read-more-link\" href=\"https:\/\/trade.colart.com\/fr\/product\/winsor-newton-professional-watercolour-set-6x5ml-couleurs-florales\/\">Read More&#8230;<span class=\"screen-reader-text\"> from Winsor &amp; Newton Professional Watercolour Set 6x5ml Couleurs Florales<\/span><\/a><\/p>\n","protected":false},"featured_media":72289,"comment_status":"closed","ping_status":"closed","template":"","meta":{"_acf_changed":false},"product_brand":[],"product_cat":[283,282],"product_tag":[],"class_list":{"0":"post-72285","1":"product","2":"type-product","3":"status-publish","4":"has-post-thumbnail","6":"product_cat-winsor-newton-couleurs-aquarelle-couleurs-aquarelle-extra-fine-professionnelle-sets-aquarelle-extra-fine-professionnelle","7":"product_cat-winsor-newton-coffrets-sets-aquarelle-extra-fine-professionnelle","9":"first","10":"outofstock","11":"shipping-taxable","12":"purchasable","13":"product-type-simple"},"acf":[],"_links":{"self":[{"href":"https:\/\/trade.colart.com\/fr\/wp-json\/wp\/v2\/product\/72285","targetHints":{"allow":["GET"]}}],"collection":[{"href":"https:\/\/trade.colart.com\/fr\/wp-json\/wp\/v2\/product"}],"about":[{"href":"https:\/\/trade.colart.com\/fr\/wp-json\/wp\/v2\/types\/product"}],"replies":[{"embeddable":true,"href":"https:\/\/trade.colart.com\/fr\/wp-json\/wp\/v2\/comments?post=72285"}],"wp:featuredmedia":[{"embeddable":true,"href":"https:\/\/trade.colart.com\/fr\/wp-json\/wp\/v2\/media\/72289"}],"wp:attachment":[{"href":"https:\/\/trade.colart.com\/fr\/wp-json\/wp\/v2\/media?parent=72285"}],"wp:term":[{"taxonomy":"product_brand","embeddable":true,"href":"https:\/\/trade.colart.com\/fr\/wp-json\/wp\/v2\/product_brand?post=72285"},{"taxonomy":"product_cat","embeddable":true,"href":"https:\/\/trade.colart.com\/fr\/wp-json\/wp\/v2\/product_cat?post=72285"},{"taxonomy":"product_tag","embeddable":true,"href":"https:\/\/trade.colart.com\/fr\/wp-json\/wp\/v2\/product_tag?post=72285"}],"curies":[{"name":"wp","href":"https:\/\/api.w.org\/{rel}","templated":true}]}}