{"id":72286,"date":"2026-04-10T05:13:27","date_gmt":"2026-04-10T05:13:27","guid":{"rendered":"https:\/\/trade.colart.com\/fr\/product\/winsor-newton-professional-watercolour-set-6x5ml-couleurs-meditatives\/"},"modified":"2026-04-17T13:42:08","modified_gmt":"2026-04-17T13:42:08","slug":"winsor-newton-professional-watercolour-set-6x5ml-couleurs-meditatives","status":"publish","type":"product","link":"https:\/\/trade.colart.com\/fr\/product\/winsor-newton-professional-watercolour-set-6x5ml-couleurs-meditatives\/","title":{"rendered":"Winsor &amp; Newton Professional Watercolour Set 6x5ml Couleurs Meditatives"},"content":{"rendered":"<p>Avec sa palette aux couleurs douces et harmonieuses, ce set \u00e9vocateur aux 5 pigments uniques, associ\u00e9s \u00e0 un gris min\u00e9ral historique soigneusement formul\u00e9 est un ajout pr\u00e9cieux \u00e0 votre palette. Cette combinaison de couleurs offre \u00e9galement de nombreuses possibilit\u00e9s de nuances et de tonalit\u00e9s \u00e0 utiliser avec d&#8217;autres couleurs. Ce set est con\u00e7u pour inspirer une peinture relaxante et intuitive, ainsi que des moments de concentration paisible.<\/p>\n","protected":false},"excerpt":{"rendered":"<p>Avec sa palette aux couleurs douces et harmonieuses, ce set \u00e9vocateur aux 5 pigments uniques, associ\u00e9s \u00e0 un gris min\u00e9ral historique soigneusement formul\u00e9 est un ajout pr\u00e9cieux \u00e0 votre palette. Cette combinaison de couleurs offre \u00e9galement de nombreuses possibilit\u00e9s de nuances et de tonalit\u00e9s \u00e0 utiliser avec d&#8217;autres couleurs. Ce set est con\u00e7u pour inspirer une peinture relaxante et intuitive, ainsi que des moments de concentration paisible. <span class=\"more_dots\">&#8230;<\/span><\/p>\n<p><a class=\"btn btn-secondary understrap-read-more-link\" href=\"https:\/\/trade.colart.com\/fr\/product\/winsor-newton-professional-watercolour-set-6x5ml-couleurs-meditatives\/\">Read More&#8230;<span class=\"screen-reader-text\"> from Winsor &amp; Newton Professional Watercolour Set 6x5ml Couleurs Meditatives<\/span><\/a><\/p>\n","protected":false},"featured_media":72315,"comment_status":"closed","ping_status":"closed","template":"","meta":{"_acf_changed":false},"product_brand":[],"product_cat":[283,282],"product_tag":[],"class_list":{"0":"post-72286","1":"product","2":"type-product","3":"status-publish","4":"has-post-thumbnail","6":"product_cat-winsor-newton-couleurs-aquarelle-couleurs-aquarelle-extra-fine-professionnelle-sets-aquarelle-extra-fine-professionnelle","7":"product_cat-winsor-newton-coffrets-sets-aquarelle-extra-fine-professionnelle","9":"first","10":"outofstock","11":"shipping-taxable","12":"purchasable","13":"product-type-simple"},"acf":[],"_links":{"self":[{"href":"https:\/\/trade.colart.com\/fr\/wp-json\/wp\/v2\/product\/72286","targetHints":{"allow":["GET"]}}],"collection":[{"href":"https:\/\/trade.colart.com\/fr\/wp-json\/wp\/v2\/product"}],"about":[{"href":"https:\/\/trade.colart.com\/fr\/wp-json\/wp\/v2\/types\/product"}],"replies":[{"embeddable":true,"href":"https:\/\/trade.colart.com\/fr\/wp-json\/wp\/v2\/comments?post=72286"}],"wp:featuredmedia":[{"embeddable":true,"href":"https:\/\/trade.colart.com\/fr\/wp-json\/wp\/v2\/media\/72315"}],"wp:attachment":[{"href":"https:\/\/trade.colart.com\/fr\/wp-json\/wp\/v2\/media?parent=72286"}],"wp:term":[{"taxonomy":"product_brand","embeddable":true,"href":"https:\/\/trade.colart.com\/fr\/wp-json\/wp\/v2\/product_brand?post=72286"},{"taxonomy":"product_cat","embeddable":true,"href":"https:\/\/trade.colart.com\/fr\/wp-json\/wp\/v2\/product_cat?post=72286"},{"taxonomy":"product_tag","embeddable":true,"href":"https:\/\/trade.colart.com\/fr\/wp-json\/wp\/v2\/product_tag?post=72286"}],"curies":[{"name":"wp","href":"https:\/\/api.w.org\/{rel}","templated":true}]}}