{"id":72287,"date":"2026-04-10T05:13:18","date_gmt":"2026-04-10T05:13:18","guid":{"rendered":"https:\/\/trade.colart.com\/fr\/product\/winsor-newton-professional-watercolour-set-6x5ml-couleurs-paysages-urbains\/"},"modified":"2026-04-10T05:13:19","modified_gmt":"2026-04-10T05:13:19","slug":"winsor-newton-professional-watercolour-set-6x5ml-couleurs-paysages-urbains","status":"publish","type":"product","link":"https:\/\/trade.colart.com\/fr\/product\/winsor-newton-professional-watercolour-set-6x5ml-couleurs-paysages-urbains\/","title":{"rendered":"Winsor &amp; Newton Professional Watercolour Set 6x5ml Couleurs Paysages Urbains"},"content":{"rendered":"<p>Parfait pour la cr\u00e9ativit\u00e9 spontan\u00e9e, ce set comprend une palette polyvalente id\u00e9ale pour immortaliser les paysages urbains et les moments du quotidien avec une expression audacieuse. Compos\u00e9e de couleurs primaires et rehauss\u00e9e par la granulation de couleurs secondaires et de s\u00e9pia, elle repr\u00e9sente une palette id\u00e9ale pour d\u00e9buter.<\/p>\n","protected":false},"excerpt":{"rendered":"<p>Parfait pour la cr\u00e9ativit\u00e9 spontan\u00e9e, ce set comprend une palette polyvalente id\u00e9ale pour immortaliser les paysages urbains et les moments du quotidien avec une expression audacieuse. Compos\u00e9e de couleurs primaires et rehauss\u00e9e par la granulation de couleurs secondaires et de s\u00e9pia, elle repr\u00e9sente une palette id\u00e9ale pour d\u00e9buter. <span class=\"more_dots\">&#8230;<\/span><\/p>\n<p><a class=\"btn btn-secondary understrap-read-more-link\" href=\"https:\/\/trade.colart.com\/fr\/product\/winsor-newton-professional-watercolour-set-6x5ml-couleurs-paysages-urbains\/\">Read More&#8230;<span class=\"screen-reader-text\"> from Winsor &amp; Newton Professional Watercolour Set 6x5ml Couleurs Paysages Urbains<\/span><\/a><\/p>\n","protected":false},"featured_media":72334,"comment_status":"closed","ping_status":"closed","template":"","meta":{"_acf_changed":false},"product_brand":[],"product_cat":[283,282],"product_tag":[],"class_list":{"0":"post-72287","1":"product","2":"type-product","3":"status-publish","4":"has-post-thumbnail","6":"product_cat-winsor-newton-couleurs-aquarelle-couleurs-aquarelle-extra-fine-professionnelle-sets-aquarelle-extra-fine-professionnelle","7":"product_cat-winsor-newton-coffrets-sets-aquarelle-extra-fine-professionnelle","9":"first","10":"outofstock","11":"shipping-taxable","12":"purchasable","13":"product-type-simple"},"acf":[],"_links":{"self":[{"href":"https:\/\/trade.colart.com\/fr\/wp-json\/wp\/v2\/product\/72287","targetHints":{"allow":["GET"]}}],"collection":[{"href":"https:\/\/trade.colart.com\/fr\/wp-json\/wp\/v2\/product"}],"about":[{"href":"https:\/\/trade.colart.com\/fr\/wp-json\/wp\/v2\/types\/product"}],"replies":[{"embeddable":true,"href":"https:\/\/trade.colart.com\/fr\/wp-json\/wp\/v2\/comments?post=72287"}],"wp:featuredmedia":[{"embeddable":true,"href":"https:\/\/trade.colart.com\/fr\/wp-json\/wp\/v2\/media\/72334"}],"wp:attachment":[{"href":"https:\/\/trade.colart.com\/fr\/wp-json\/wp\/v2\/media?parent=72287"}],"wp:term":[{"taxonomy":"product_brand","embeddable":true,"href":"https:\/\/trade.colart.com\/fr\/wp-json\/wp\/v2\/product_brand?post=72287"},{"taxonomy":"product_cat","embeddable":true,"href":"https:\/\/trade.colart.com\/fr\/wp-json\/wp\/v2\/product_cat?post=72287"},{"taxonomy":"product_tag","embeddable":true,"href":"https:\/\/trade.colart.com\/fr\/wp-json\/wp\/v2\/product_tag?post=72287"}],"curies":[{"name":"wp","href":"https:\/\/api.w.org\/{rel}","templated":true}]}}