{"id":72288,"date":"2026-04-10T05:13:14","date_gmt":"2026-04-10T05:13:14","guid":{"rendered":"https:\/\/trade.colart.com\/fr\/product\/winsor-newton-professional-watercolour-set-6x5ml-couleurs-vives\/"},"modified":"2026-04-10T05:13:15","modified_gmt":"2026-04-10T05:13:15","slug":"winsor-newton-professional-watercolour-set-6x5ml-couleurs-vives","status":"publish","type":"product","link":"https:\/\/trade.colart.com\/fr\/product\/winsor-newton-professional-watercolour-set-6x5ml-couleurs-vives\/","title":{"rendered":"Winsor &amp; Newton Professional Watercolour Set 6x5ml Couleurs Vives"},"content":{"rendered":"<p>Ce set aux couleurs vives et lumineuses sont soigneusement s\u00e9lectionn\u00e9es et formul\u00e9es pour cr\u00e9er une palette offrant un \u00e9ventail de couleurs froides et chaudes, \u00e0 la fois \u00e9clatantes individuellement et utilis\u00e9es pour cr\u00e9er d&#8217;autres couleurs secondaires et compl\u00e9mentaires, parfaites pour des \u0153uvres expressives.<\/p>\n","protected":false},"excerpt":{"rendered":"<p>Ce set aux couleurs vives et lumineuses sont soigneusement s\u00e9lectionn\u00e9es et formul\u00e9es pour cr\u00e9er une palette offrant un \u00e9ventail de couleurs froides et chaudes, \u00e0 la fois \u00e9clatantes individuellement et utilis\u00e9es pour cr\u00e9er d&#8217;autres couleurs secondaires et compl\u00e9mentaires, parfaites pour des \u0153uvres expressives. <span class=\"more_dots\">&#8230;<\/span><\/p>\n<p><a class=\"btn btn-secondary understrap-read-more-link\" href=\"https:\/\/trade.colart.com\/fr\/product\/winsor-newton-professional-watercolour-set-6x5ml-couleurs-vives\/\">Read More&#8230;<span class=\"screen-reader-text\"> from Winsor &amp; Newton Professional Watercolour Set 6x5ml Couleurs Vives<\/span><\/a><\/p>\n","protected":false},"featured_media":72351,"comment_status":"closed","ping_status":"closed","template":"","meta":{"_acf_changed":false},"product_brand":[],"product_cat":[283,282],"product_tag":[],"class_list":{"0":"post-72288","1":"product","2":"type-product","3":"status-publish","4":"has-post-thumbnail","6":"product_cat-winsor-newton-couleurs-aquarelle-couleurs-aquarelle-extra-fine-professionnelle-sets-aquarelle-extra-fine-professionnelle","7":"product_cat-winsor-newton-coffrets-sets-aquarelle-extra-fine-professionnelle","9":"first","10":"outofstock","11":"shipping-taxable","12":"purchasable","13":"product-type-simple"},"acf":[],"_links":{"self":[{"href":"https:\/\/trade.colart.com\/fr\/wp-json\/wp\/v2\/product\/72288","targetHints":{"allow":["GET"]}}],"collection":[{"href":"https:\/\/trade.colart.com\/fr\/wp-json\/wp\/v2\/product"}],"about":[{"href":"https:\/\/trade.colart.com\/fr\/wp-json\/wp\/v2\/types\/product"}],"replies":[{"embeddable":true,"href":"https:\/\/trade.colart.com\/fr\/wp-json\/wp\/v2\/comments?post=72288"}],"wp:featuredmedia":[{"embeddable":true,"href":"https:\/\/trade.colart.com\/fr\/wp-json\/wp\/v2\/media\/72351"}],"wp:attachment":[{"href":"https:\/\/trade.colart.com\/fr\/wp-json\/wp\/v2\/media?parent=72288"}],"wp:term":[{"taxonomy":"product_brand","embeddable":true,"href":"https:\/\/trade.colart.com\/fr\/wp-json\/wp\/v2\/product_brand?post=72288"},{"taxonomy":"product_cat","embeddable":true,"href":"https:\/\/trade.colart.com\/fr\/wp-json\/wp\/v2\/product_cat?post=72288"},{"taxonomy":"product_tag","embeddable":true,"href":"https:\/\/trade.colart.com\/fr\/wp-json\/wp\/v2\/product_tag?post=72288"}],"curies":[{"name":"wp","href":"https:\/\/api.w.org\/{rel}","templated":true}]}}