{"id":72462,"date":"2026-01-30T13:23:00","date_gmt":"2026-01-30T13:23:00","guid":{"rendered":"https:\/\/trade.colart.com\/fr\/product\/liquitex-liquitex-mediums-basics-medium-a-texture-rugueuse\/"},"modified":"2026-04-17T09:30:12","modified_gmt":"2026-04-17T09:30:12","slug":"liquitex-liquitex-mediums-basics-medium-a-texture-rugueuse","status":"publish","type":"product","link":"https:\/\/trade.colart.com\/fr\/product\/liquitex-liquitex-mediums-basics-medium-a-texture-rugueuse\/","title":{"rendered":"Liquitex M\u00e9diums Basics, M\u00e9dium \u00e0 Texture Rugueuse"},"content":{"rendered":"<p>Basics acrylic mediums are excellent student-quality formulas &#8211; ideal when you&#8217;re starting out, when you&#8217;re on a budget or when you&#8217;re experimenting. Find a medium to help prep your surfaces, adjust paint consistency, flow and sheen. You can change color opacity, drying time and texture, and protect your finished work.<\/p>\n","protected":false},"excerpt":{"rendered":"<p>Ce gel acrylique \u00e9pais permet de cr\u00e9er un aspect et un toucher granuleux flexible et rugueux. <span class=\"more_dots\">&#8230;<\/span><\/p>\n<p><a class=\"btn btn-secondary understrap-read-more-link\" href=\"https:\/\/trade.colart.com\/fr\/product\/liquitex-liquitex-mediums-basics-medium-a-texture-rugueuse\/\">Read More&#8230;<span class=\"screen-reader-text\"> from Liquitex M\u00e9diums Basics, M\u00e9dium \u00e0 Texture Rugueuse<\/span><\/a><\/p>\n","protected":false},"featured_media":10574,"comment_status":"open","ping_status":"closed","template":"","meta":{"_acf_changed":false},"product_brand":[],"product_cat":[4476,909],"product_tag":[4980],"class_list":{"0":"post-72462","1":"product","2":"type-product","3":"status-publish","4":"has-post-thumbnail","6":"product_cat-liquitex-produit-gamme-acrylique-basics-gessos-mediums-et-vernis-basics-effets","7":"product_cat-liquitex-produit-gamme-acrylique-basics-gessos-mediums-et-vernis-basics-voir-tout","8":"product_tag-gesso","10":"first","11":"instock","12":"shipping-taxable","13":"purchasable","14":"product-type-variable"},"acf":[],"_links":{"self":[{"href":"https:\/\/trade.colart.com\/fr\/wp-json\/wp\/v2\/product\/72462","targetHints":{"allow":["GET"]}}],"collection":[{"href":"https:\/\/trade.colart.com\/fr\/wp-json\/wp\/v2\/product"}],"about":[{"href":"https:\/\/trade.colart.com\/fr\/wp-json\/wp\/v2\/types\/product"}],"replies":[{"embeddable":true,"href":"https:\/\/trade.colart.com\/fr\/wp-json\/wp\/v2\/comments?post=72462"}],"wp:featuredmedia":[{"embeddable":true,"href":"https:\/\/trade.colart.com\/fr\/wp-json\/wp\/v2\/media\/10574"}],"wp:attachment":[{"href":"https:\/\/trade.colart.com\/fr\/wp-json\/wp\/v2\/media?parent=72462"}],"wp:term":[{"taxonomy":"product_brand","embeddable":true,"href":"https:\/\/trade.colart.com\/fr\/wp-json\/wp\/v2\/product_brand?post=72462"},{"taxonomy":"product_cat","embeddable":true,"href":"https:\/\/trade.colart.com\/fr\/wp-json\/wp\/v2\/product_cat?post=72462"},{"taxonomy":"product_tag","embeddable":true,"href":"https:\/\/trade.colart.com\/fr\/wp-json\/wp\/v2\/product_tag?post=72462"}],"curies":[{"name":"wp","href":"https:\/\/api.w.org\/{rel}","templated":true}]}}