{"id":72476,"date":"2026-01-30T13:23:15","date_gmt":"2026-01-30T13:23:15","guid":{"rendered":"https:\/\/trade.colart.com\/fr\/product\/liquitex-liquitex-mediums-basics-mortier-de-structure-leger\/"},"modified":"2026-04-17T08:12:25","modified_gmt":"2026-04-17T08:12:25","slug":"liquitex-liquitex-mediums-basics-mortier-de-structure-leger","status":"publish","type":"product","link":"https:\/\/trade.colart.com\/fr\/product\/liquitex-liquitex-mediums-basics-mortier-de-structure-leger\/","title":{"rendered":"Liquitex M\u00e9diums Basics, Mortier de Structure L\u00e9ger"},"content":{"rendered":"<p>Les m\u00e9diums acryliques Basics sont d&#8217;excellentes formules de qualit\u00e9 \u00e9tude &#8211; id\u00e9ales lorsque vous d\u00e9butez, lorsque vous avez un budget limit\u00e9 ou lorsque vous exp\u00e9rimentez. Trouvez un m\u00e9dium qui vous aidera \u00e0 pr\u00e9parer vos surfaces, \u00e0 ajuster la consistance, la consistance et la brillance de la peinture. Vous pouvez modifier l&#8217;opacit\u00e9 de la couleur, le temps de s\u00e9chage et la texture, et prot\u00e9ger votre travail une fois termin\u00e9.<\/p>\n","protected":false},"excerpt":{"rendered":"<p>Un mortier acrylique l\u00e9ger et a\u00e9r\u00e9 pour cr\u00e9er des textures \u00e9paisses et des formes 3D sur des surfaces o\u00f9 le poids est un facteur \u00e0 prendre en compte. <span class=\"more_dots\">&#8230;<\/span><\/p>\n<p><a class=\"btn btn-secondary understrap-read-more-link\" href=\"https:\/\/trade.colart.com\/fr\/product\/liquitex-liquitex-mediums-basics-mortier-de-structure-leger\/\">Read More&#8230;<span class=\"screen-reader-text\"> from Liquitex M\u00e9diums Basics, Mortier de Structure L\u00e9ger<\/span><\/a><\/p>\n","protected":false},"featured_media":10554,"comment_status":"open","ping_status":"closed","template":"","meta":{"_acf_changed":false},"product_brand":[],"product_cat":[4474,909],"product_tag":[4980],"class_list":{"0":"post-72476","1":"product","2":"type-product","3":"status-publish","4":"has-post-thumbnail","6":"product_cat-liquitex-produit-gamme-acrylique-basics-gessos-mediums-et-vernis-basics-mediums-fluides-gels-et-pates","7":"product_cat-liquitex-produit-gamme-acrylique-basics-gessos-mediums-et-vernis-basics-voir-tout","8":"product_tag-gesso","10":"first","11":"instock","12":"shipping-taxable","13":"purchasable","14":"product-type-variable"},"acf":[],"_links":{"self":[{"href":"https:\/\/trade.colart.com\/fr\/wp-json\/wp\/v2\/product\/72476","targetHints":{"allow":["GET"]}}],"collection":[{"href":"https:\/\/trade.colart.com\/fr\/wp-json\/wp\/v2\/product"}],"about":[{"href":"https:\/\/trade.colart.com\/fr\/wp-json\/wp\/v2\/types\/product"}],"replies":[{"embeddable":true,"href":"https:\/\/trade.colart.com\/fr\/wp-json\/wp\/v2\/comments?post=72476"}],"wp:featuredmedia":[{"embeddable":true,"href":"https:\/\/trade.colart.com\/fr\/wp-json\/wp\/v2\/media\/10554"}],"wp:attachment":[{"href":"https:\/\/trade.colart.com\/fr\/wp-json\/wp\/v2\/media?parent=72476"}],"wp:term":[{"taxonomy":"product_brand","embeddable":true,"href":"https:\/\/trade.colart.com\/fr\/wp-json\/wp\/v2\/product_brand?post=72476"},{"taxonomy":"product_cat","embeddable":true,"href":"https:\/\/trade.colart.com\/fr\/wp-json\/wp\/v2\/product_cat?post=72476"},{"taxonomy":"product_tag","embeddable":true,"href":"https:\/\/trade.colart.com\/fr\/wp-json\/wp\/v2\/product_tag?post=72476"}],"curies":[{"name":"wp","href":"https:\/\/api.w.org\/{rel}","templated":true}]}}